{"id":879,"date":"2020-03-16T19:11:34","date_gmt":"2020-03-16T19:11:34","guid":{"rendered":"http:\/\/cachorrostodoterreno.com\/?page_id=879"},"modified":"2020-03-17T11:10:38","modified_gmt":"2020-03-17T11:10:38","slug":"como-ensenar-a-un-cachorro-hacer-sus-necesidades-en-la-calle","status":"publish","type":"page","link":"https:\/\/cachorrostodoterreno.com\/index.php\/como-ensenar-a-un-cachorro-hacer-sus-necesidades-en-la-calle\/","title":{"rendered":"C\u00f3mo ense\u00f1ar a un cachorro hacer sus necesidades en la calle"},"content":{"rendered":"\t\t<div data-elementor-type=\"wp-page\" data-elementor-id=\"879\" class=\"elementor elementor-879\">\n\t\t\t\t\t\t<section class=\"elementor-section elementor-top-section elementor-element elementor-element-d118a45 elementor-section-boxed elementor-section-height-default elementor-section-height-default\" data-id=\"d118a45\" data-element_type=\"section\">\n\t\t\t\t\t\t<div class=\"elementor-container elementor-column-gap-default\">\n\t\t\t\t\t<div class=\"elementor-column elementor-col-100 elementor-top-column elementor-element elementor-element-19bb3ce\" data-id=\"19bb3ce\" data-element_type=\"column\">\n\t\t\t<div class=\"elementor-widget-wrap elementor-element-populated\">\n\t\t\t\t\t\t<div class=\"elementor-element elementor-element-0e9c038 elementor-widget elementor-widget-image\" data-id=\"0e9c038\" data-element_type=\"widget\" data-widget_type=\"image.default\">\n\t\t\t\t<div class=\"elementor-widget-container\">\n\t\t\t\t\t\t\t\t\t\t\t\t\t<img fetchpriority=\"high\" decoding=\"async\" width=\"750\" height=\"285\" src=\"https:\/\/cachorrostodoterreno.com\/wp-content\/uploads\/2020\/03\/CACHORROS-TODOTERRENO-GRATIS-CURSO-COMO-ENSE\u00d1AR-A-UN-CACHORRO-HACER-LAS-NECESIDADES-EN-LA-CALLE.png\" class=\"attachment-large size-large wp-image-876\" alt=\"\" srcset=\"https:\/\/cachorrostodoterreno.com\/wp-content\/uploads\/2020\/03\/CACHORROS-TODOTERRENO-GRATIS-CURSO-COMO-ENSE\u00d1AR-A-UN-CACHORRO-HACER-LAS-NECESIDADES-EN-LA-CALLE.png 820w, https:\/\/cachorrostodoterreno.com\/wp-content\/uploads\/2020\/03\/CACHORROS-TODOTERRENO-GRATIS-CURSO-COMO-ENSE\u00d1AR-A-UN-CACHORRO-HACER-LAS-NECESIDADES-EN-LA-CALLE-300x114.png 300w, https:\/\/cachorrostodoterreno.com\/wp-content\/uploads\/2020\/03\/CACHORROS-TODOTERRENO-GRATIS-CURSO-COMO-ENSE\u00d1AR-A-UN-CACHORRO-HACER-LAS-NECESIDADES-EN-LA-CALLE-768x292.png 768w, https:\/\/cachorrostodoterreno.com\/wp-content\/uploads\/2020\/03\/CACHORROS-TODOTERRENO-GRATIS-CURSO-COMO-ENSE\u00d1AR-A-UN-CACHORRO-HACER-LAS-NECESIDADES-EN-LA-CALLE-50x19.png 50w, https:\/\/cachorrostodoterreno.com\/wp-content\/uploads\/2020\/03\/CACHORROS-TODOTERRENO-GRATIS-CURSO-COMO-ENSE\u00d1AR-A-UN-CACHORRO-HACER-LAS-NECESIDADES-EN-LA-CALLE-600x228.png 600w\" sizes=\"(max-width: 750px) 100vw, 750px\" \/>\t\t\t\t\t\t\t\t\t\t\t\t\t<\/div>\n\t\t\t\t<\/div>\n\t\t\t\t\t<\/div>\n\t\t<\/div>\n\t\t\t\t\t<\/div>\n\t\t<\/section>\n\t\t\t\t<section class=\"elementor-section elementor-top-section elementor-element elementor-element-c567050 elementor-section-boxed elementor-section-height-default elementor-section-height-default\" data-id=\"c567050\" data-element_type=\"section\">\n\t\t\t\t\t\t<div class=\"elementor-container elementor-column-gap-default\">\n\t\t\t\t\t<div class=\"elementor-column elementor-col-100 elementor-top-column elementor-element elementor-element-cda91c8\" data-id=\"cda91c8\" data-element_type=\"column\">\n\t\t\t<div class=\"elementor-widget-wrap elementor-element-populated\">\n\t\t\t\t\t\t<div class=\"elementor-element elementor-element-3bb87a6 elementor-widget elementor-widget-text-editor\" data-id=\"3bb87a6\" data-element_type=\"widget\" data-widget_type=\"text-editor.default\">\n\t\t\t\t<div class=\"elementor-widget-container\">\n\t\t\t\t\t\t\t<p style=\"font-size: 14px; text-align: justify;\">Estamos acabando con el contenido de este curso gratuito, te lo prometo!<\/p><p style=\"font-size: 14px; text-align: justify;\">Ahora mismo estamos mejorando las secciones de la web y creando todo su contenido, pero todo lleva su tiempo.<\/p><p style=\"font-size: 14px; text-align: justify;\">Muy pronto tendr\u00e1s acceso a este curso gratuito sobre como ense\u00f1ar a un cachorro hacer sus necesidades en la calle. Todo lleva su tiempo, as\u00ed que un poco de paciencia si tu cachorro a\u00fan lo hace en casa,\u00a0 te puedo prometer que muy pronto el cachorro entender\u00e1 que tiene que hacerlo en la calle.<\/p><p style=\"font-size: 14px; text-align: justify;\">Muchas gracias.<\/p>\t\t\t\t\t\t<\/div>\n\t\t\t\t<\/div>\n\t\t\t\t\t<\/div>\n\t\t<\/div>\n\t\t\t\t\t<\/div>\n\t\t<\/section>\n\t\t\t\t<\/div>\n\t\t","protected":false},"excerpt":{"rendered":"<p>Estamos acabando con el contenido de este curso gratuito, te lo prometo! Ahora mismo estamos mejorando las secciones de la web y creando todo su contenido, pero todo lleva su tiempo. Muy pronto tendr\u00e1s acceso a este curso gratuito sobre como ense\u00f1ar a un cachorro hacer sus necesidades en la [&hellip;]<\/p>\n","protected":false},"author":1,"featured_media":881,"parent":0,"menu_order":0,"comment_status":"closed","ping_status":"closed","template":"","meta":{"_joinchat":[],"footnotes":""},"class_list":["post-879","page","type-page","status-publish","has-post-thumbnail","hentry"],"yoast_head":"<!-- This site is optimized with the Yoast SEO plugin v22.2 - https:\/\/yoast.com\/wordpress\/plugins\/seo\/ -->\n<title>C\u00f3mo ense\u00f1ar a un cachorro hacer sus necesidades en la calle - Cachorros TODOTERRENO<\/title>\n<meta name=\"robots\" content=\"index, follow, max-snippet:-1, max-image-preview:large, max-video-preview:-1\" \/>\n<link rel=\"canonical\" href=\"https:\/\/cachorrostodoterreno.com\/index.php\/como-ensenar-a-un-cachorro-hacer-sus-necesidades-en-la-calle\/\" \/>\n<meta property=\"og:locale\" content=\"es_ES\" \/>\n<meta property=\"og:type\" content=\"article\" \/>\n<meta property=\"og:title\" content=\"C\u00f3mo ense\u00f1ar a un cachorro hacer sus necesidades en la calle - Cachorros TODOTERRENO\" \/>\n<meta property=\"og:description\" content=\"Estamos acabando con el contenido de este curso gratuito, te lo prometo! Ahora mismo estamos mejorando las secciones de la web y creando todo su contenido, pero todo lleva su tiempo. Muy pronto tendr\u00e1s acceso a este curso gratuito sobre como ense\u00f1ar a un cachorro hacer sus necesidades en la [&hellip;]\" \/>\n<meta property=\"og:url\" content=\"https:\/\/cachorrostodoterreno.com\/index.php\/como-ensenar-a-un-cachorro-hacer-sus-necesidades-en-la-calle\/\" \/>\n<meta property=\"og:site_name\" content=\"Cachorros TODOTERRENO\" \/>\n<meta property=\"article:modified_time\" content=\"2020-03-17T11:10:38+00:00\" \/>\n<meta property=\"og:image\" content=\"https:\/\/cachorrostodoterreno.com\/wp-content\/uploads\/2020\/03\/CACHORROS-TODOTERRENO-GRATIS-CURSO-NECESIDADES-FUERA-DE-CASA-BANNER-1.png\" \/>\n\t<meta property=\"og:image:width\" content=\"820\" \/>\n\t<meta property=\"og:image:height\" content=\"312\" \/>\n\t<meta property=\"og:image:type\" content=\"image\/png\" \/>\n<meta name=\"twitter:card\" content=\"summary_large_image\" \/>\n<script type=\"application\/ld+json\" class=\"yoast-schema-graph\">{\"@context\":\"https:\/\/schema.org\",\"@graph\":[{\"@type\":\"WebPage\",\"@id\":\"https:\/\/cachorrostodoterreno.com\/index.php\/como-ensenar-a-un-cachorro-hacer-sus-necesidades-en-la-calle\/\",\"url\":\"https:\/\/cachorrostodoterreno.com\/index.php\/como-ensenar-a-un-cachorro-hacer-sus-necesidades-en-la-calle\/\",\"name\":\"C\u00f3mo ense\u00f1ar a un cachorro hacer sus necesidades en la calle - Cachorros TODOTERRENO\",\"isPartOf\":{\"@id\":\"https:\/\/cachorrostodoterreno.com\/#website\"},\"primaryImageOfPage\":{\"@id\":\"https:\/\/cachorrostodoterreno.com\/index.php\/como-ensenar-a-un-cachorro-hacer-sus-necesidades-en-la-calle\/#primaryimage\"},\"image\":{\"@id\":\"https:\/\/cachorrostodoterreno.com\/index.php\/como-ensenar-a-un-cachorro-hacer-sus-necesidades-en-la-calle\/#primaryimage\"},\"thumbnailUrl\":\"https:\/\/cachorrostodoterreno.com\/wp-content\/uploads\/2020\/03\/CACHORROS-TODOTERRENO-GRATIS-CURSO-NECESIDADES-FUERA-DE-CASA-BANNER-1.png\",\"datePublished\":\"2020-03-16T19:11:34+00:00\",\"dateModified\":\"2020-03-17T11:10:38+00:00\",\"breadcrumb\":{\"@id\":\"https:\/\/cachorrostodoterreno.com\/index.php\/como-ensenar-a-un-cachorro-hacer-sus-necesidades-en-la-calle\/#breadcrumb\"},\"inLanguage\":\"es\",\"potentialAction\":[{\"@type\":\"ReadAction\",\"target\":[\"https:\/\/cachorrostodoterreno.com\/index.php\/como-ensenar-a-un-cachorro-hacer-sus-necesidades-en-la-calle\/\"]}]},{\"@type\":\"ImageObject\",\"inLanguage\":\"es\",\"@id\":\"https:\/\/cachorrostodoterreno.com\/index.php\/como-ensenar-a-un-cachorro-hacer-sus-necesidades-en-la-calle\/#primaryimage\",\"url\":\"https:\/\/cachorrostodoterreno.com\/wp-content\/uploads\/2020\/03\/CACHORROS-TODOTERRENO-GRATIS-CURSO-NECESIDADES-FUERA-DE-CASA-BANNER-1.png\",\"contentUrl\":\"https:\/\/cachorrostodoterreno.com\/wp-content\/uploads\/2020\/03\/CACHORROS-TODOTERRENO-GRATIS-CURSO-NECESIDADES-FUERA-DE-CASA-BANNER-1.png\",\"width\":820,\"height\":312},{\"@type\":\"BreadcrumbList\",\"@id\":\"https:\/\/cachorrostodoterreno.com\/index.php\/como-ensenar-a-un-cachorro-hacer-sus-necesidades-en-la-calle\/#breadcrumb\",\"itemListElement\":[{\"@type\":\"ListItem\",\"position\":1,\"name\":\"Home\",\"item\":\"https:\/\/cachorrostodoterreno.com\/\"},{\"@type\":\"ListItem\",\"position\":2,\"name\":\"C\u00f3mo ense\u00f1ar a un cachorro hacer sus necesidades en la calle\"}]},{\"@type\":\"WebSite\",\"@id\":\"https:\/\/cachorrostodoterreno.com\/#website\",\"url\":\"https:\/\/cachorrostodoterreno.com\/\",\"name\":\"Cachorros TODOTERRENO\",\"description\":\"\",\"potentialAction\":[{\"@type\":\"SearchAction\",\"target\":{\"@type\":\"EntryPoint\",\"urlTemplate\":\"https:\/\/cachorrostodoterreno.com\/?s={search_term_string}\"},\"query-input\":\"required name=search_term_string\"}],\"inLanguage\":\"es\"}]}<\/script>\n<!-- \/ Yoast SEO plugin. -->","yoast_head_json":{"title":"C\u00f3mo ense\u00f1ar a un cachorro hacer sus necesidades en la calle - Cachorros TODOTERRENO","robots":{"index":"index","follow":"follow","max-snippet":"max-snippet:-1","max-image-preview":"max-image-preview:large","max-video-preview":"max-video-preview:-1"},"canonical":"https:\/\/cachorrostodoterreno.com\/index.php\/como-ensenar-a-un-cachorro-hacer-sus-necesidades-en-la-calle\/","og_locale":"es_ES","og_type":"article","og_title":"C\u00f3mo ense\u00f1ar a un cachorro hacer sus necesidades en la calle - Cachorros TODOTERRENO","og_description":"Estamos acabando con el contenido de este curso gratuito, te lo prometo! Ahora mismo estamos mejorando las secciones de la web y creando todo su contenido, pero todo lleva su tiempo. Muy pronto tendr\u00e1s acceso a este curso gratuito sobre como ense\u00f1ar a un cachorro hacer sus necesidades en la [&hellip;]","og_url":"https:\/\/cachorrostodoterreno.com\/index.php\/como-ensenar-a-un-cachorro-hacer-sus-necesidades-en-la-calle\/","og_site_name":"Cachorros TODOTERRENO","article_modified_time":"2020-03-17T11:10:38+00:00","og_image":[{"width":820,"height":312,"url":"https:\/\/cachorrostodoterreno.com\/wp-content\/uploads\/2020\/03\/CACHORROS-TODOTERRENO-GRATIS-CURSO-NECESIDADES-FUERA-DE-CASA-BANNER-1.png","type":"image\/png"}],"twitter_card":"summary_large_image","schema":{"@context":"https:\/\/schema.org","@graph":[{"@type":"WebPage","@id":"https:\/\/cachorrostodoterreno.com\/index.php\/como-ensenar-a-un-cachorro-hacer-sus-necesidades-en-la-calle\/","url":"https:\/\/cachorrostodoterreno.com\/index.php\/como-ensenar-a-un-cachorro-hacer-sus-necesidades-en-la-calle\/","name":"C\u00f3mo ense\u00f1ar a un cachorro hacer sus necesidades en la calle - Cachorros TODOTERRENO","isPartOf":{"@id":"https:\/\/cachorrostodoterreno.com\/#website"},"primaryImageOfPage":{"@id":"https:\/\/cachorrostodoterreno.com\/index.php\/como-ensenar-a-un-cachorro-hacer-sus-necesidades-en-la-calle\/#primaryimage"},"image":{"@id":"https:\/\/cachorrostodoterreno.com\/index.php\/como-ensenar-a-un-cachorro-hacer-sus-necesidades-en-la-calle\/#primaryimage"},"thumbnailUrl":"https:\/\/cachorrostodoterreno.com\/wp-content\/uploads\/2020\/03\/CACHORROS-TODOTERRENO-GRATIS-CURSO-NECESIDADES-FUERA-DE-CASA-BANNER-1.png","datePublished":"2020-03-16T19:11:34+00:00","dateModified":"2020-03-17T11:10:38+00:00","breadcrumb":{"@id":"https:\/\/cachorrostodoterreno.com\/index.php\/como-ensenar-a-un-cachorro-hacer-sus-necesidades-en-la-calle\/#breadcrumb"},"inLanguage":"es","potentialAction":[{"@type":"ReadAction","target":["https:\/\/cachorrostodoterreno.com\/index.php\/como-ensenar-a-un-cachorro-hacer-sus-necesidades-en-la-calle\/"]}]},{"@type":"ImageObject","inLanguage":"es","@id":"https:\/\/cachorrostodoterreno.com\/index.php\/como-ensenar-a-un-cachorro-hacer-sus-necesidades-en-la-calle\/#primaryimage","url":"https:\/\/cachorrostodoterreno.com\/wp-content\/uploads\/2020\/03\/CACHORROS-TODOTERRENO-GRATIS-CURSO-NECESIDADES-FUERA-DE-CASA-BANNER-1.png","contentUrl":"https:\/\/cachorrostodoterreno.com\/wp-content\/uploads\/2020\/03\/CACHORROS-TODOTERRENO-GRATIS-CURSO-NECESIDADES-FUERA-DE-CASA-BANNER-1.png","width":820,"height":312},{"@type":"BreadcrumbList","@id":"https:\/\/cachorrostodoterreno.com\/index.php\/como-ensenar-a-un-cachorro-hacer-sus-necesidades-en-la-calle\/#breadcrumb","itemListElement":[{"@type":"ListItem","position":1,"name":"Home","item":"https:\/\/cachorrostodoterreno.com\/"},{"@type":"ListItem","position":2,"name":"C\u00f3mo ense\u00f1ar a un cachorro hacer sus necesidades en la calle"}]},{"@type":"WebSite","@id":"https:\/\/cachorrostodoterreno.com\/#website","url":"https:\/\/cachorrostodoterreno.com\/","name":"Cachorros TODOTERRENO","description":"","potentialAction":[{"@type":"SearchAction","target":{"@type":"EntryPoint","urlTemplate":"https:\/\/cachorrostodoterreno.com\/?s={search_term_string}"},"query-input":"required name=search_term_string"}],"inLanguage":"es"}]}},"_links":{"self":[{"href":"https:\/\/cachorrostodoterreno.com\/index.php\/wp-json\/wp\/v2\/pages\/879","targetHints":{"allow":["GET"]}}],"collection":[{"href":"https:\/\/cachorrostodoterreno.com\/index.php\/wp-json\/wp\/v2\/pages"}],"about":[{"href":"https:\/\/cachorrostodoterreno.com\/index.php\/wp-json\/wp\/v2\/types\/page"}],"author":[{"embeddable":true,"href":"https:\/\/cachorrostodoterreno.com\/index.php\/wp-json\/wp\/v2\/users\/1"}],"replies":[{"embeddable":true,"href":"https:\/\/cachorrostodoterreno.com\/index.php\/wp-json\/wp\/v2\/comments?post=879"}],"version-history":[{"count":4,"href":"https:\/\/cachorrostodoterreno.com\/index.php\/wp-json\/wp\/v2\/pages\/879\/revisions"}],"predecessor-version":[{"id":1002,"href":"https:\/\/cachorrostodoterreno.com\/index.php\/wp-json\/wp\/v2\/pages\/879\/revisions\/1002"}],"wp:featuredmedia":[{"embeddable":true,"href":"https:\/\/cachorrostodoterreno.com\/index.php\/wp-json\/wp\/v2\/media\/881"}],"wp:attachment":[{"href":"https:\/\/cachorrostodoterreno.com\/index.php\/wp-json\/wp\/v2\/media?parent=879"}],"curies":[{"name":"wp","href":"https:\/\/api.w.org\/{rel}","templated":true}]}}