{"id":798,"date":"2020-03-15T20:55:59","date_gmt":"2020-03-15T20:55:59","guid":{"rendered":"http:\/\/cachorrostodoterreno.com\/?page_id=798"},"modified":"2020-03-17T11:14:53","modified_gmt":"2020-03-17T11:14:53","slug":"positiviza-el-transportin","status":"publish","type":"page","link":"https:\/\/cachorrostodoterreno.com\/index.php\/positiviza-el-transportin\/","title":{"rendered":"Positiviza el transport\u00edn"},"content":{"rendered":"\t\t<div data-elementor-type=\"wp-page\" data-elementor-id=\"798\" class=\"elementor elementor-798\">\n\t\t\t\t\t\t<section class=\"elementor-section elementor-top-section elementor-element elementor-element-a3c226a elementor-section-boxed elementor-section-height-default elementor-section-height-default\" data-id=\"a3c226a\" data-element_type=\"section\">\n\t\t\t\t\t\t<div class=\"elementor-container elementor-column-gap-default\">\n\t\t\t\t\t<div class=\"elementor-column elementor-col-100 elementor-top-column elementor-element elementor-element-397311a\" data-id=\"397311a\" data-element_type=\"column\">\n\t\t\t<div class=\"elementor-widget-wrap elementor-element-populated\">\n\t\t\t\t\t\t<div class=\"elementor-element elementor-element-2080a77 elementor-widget elementor-widget-image\" data-id=\"2080a77\" data-element_type=\"widget\" data-widget_type=\"image.default\">\n\t\t\t\t<div class=\"elementor-widget-container\">\n\t\t\t\t\t\t\t\t\t\t\t\t\t<img fetchpriority=\"high\" decoding=\"async\" width=\"750\" height=\"285\" src=\"https:\/\/cachorrostodoterreno.com\/wp-content\/uploads\/2020\/03\/CACHORROS-TODOTERRENO-GRATIS-TALLER-POSITIVIZA-EL-TRANSPORTIN.png\" class=\"attachment-large size-large wp-image-796\" alt=\"\" srcset=\"https:\/\/cachorrostodoterreno.com\/wp-content\/uploads\/2020\/03\/CACHORROS-TODOTERRENO-GRATIS-TALLER-POSITIVIZA-EL-TRANSPORTIN.png 820w, https:\/\/cachorrostodoterreno.com\/wp-content\/uploads\/2020\/03\/CACHORROS-TODOTERRENO-GRATIS-TALLER-POSITIVIZA-EL-TRANSPORTIN-300x114.png 300w, https:\/\/cachorrostodoterreno.com\/wp-content\/uploads\/2020\/03\/CACHORROS-TODOTERRENO-GRATIS-TALLER-POSITIVIZA-EL-TRANSPORTIN-768x292.png 768w, https:\/\/cachorrostodoterreno.com\/wp-content\/uploads\/2020\/03\/CACHORROS-TODOTERRENO-GRATIS-TALLER-POSITIVIZA-EL-TRANSPORTIN-50x19.png 50w, https:\/\/cachorrostodoterreno.com\/wp-content\/uploads\/2020\/03\/CACHORROS-TODOTERRENO-GRATIS-TALLER-POSITIVIZA-EL-TRANSPORTIN-600x228.png 600w\" sizes=\"(max-width: 750px) 100vw, 750px\" \/>\t\t\t\t\t\t\t\t\t\t\t\t\t<\/div>\n\t\t\t\t<\/div>\n\t\t\t\t\t<\/div>\n\t\t<\/div>\n\t\t\t\t\t<\/div>\n\t\t<\/section>\n\t\t\t\t<section class=\"elementor-section elementor-top-section elementor-element elementor-element-d69ace5 elementor-section-boxed elementor-section-height-default elementor-section-height-default\" data-id=\"d69ace5\" data-element_type=\"section\">\n\t\t\t\t\t\t<div class=\"elementor-container elementor-column-gap-default\">\n\t\t\t\t\t<div class=\"elementor-column elementor-col-100 elementor-top-column elementor-element elementor-element-3c28bc2\" data-id=\"3c28bc2\" data-element_type=\"column\">\n\t\t\t<div class=\"elementor-widget-wrap elementor-element-populated\">\n\t\t\t\t\t\t<div class=\"elementor-element elementor-element-4326dd5 elementor-widget elementor-widget-text-editor\" data-id=\"4326dd5\" data-element_type=\"widget\" data-widget_type=\"text-editor.default\">\n\t\t\t\t<div class=\"elementor-widget-container\">\n\t\t\t\t\t\t\t<p style=\"font-size: 14px; text-align: justify;\">Estamos acabando con el contenido de este curso gratuito, te lo prometo!<\/p><p style=\"font-size: 14px; text-align: justify;\">Ahora mismo estamos mejorando las secciones de la web y creando todo su contenido, pero todo lleva su tiempo.<\/p><p style=\"font-size: 14px; text-align: justify;\">Muy pronto tendr\u00e1s acceso a este curso gratuito sobre como positivizar el transportin de tu cachorro y que le encante estar dentro cuando sea necesario, visitas en casa y tus amigos tienen miedo a los perros, un viaje inesperado en coche o avi\u00f3n y te lo tienes que llevar&#8230; Hay varias situaciones en nuestro d\u00eda a d\u00eda en el que alg\u00fan d\u00eda tu cachorro tendr\u00e1 que estar durante un corto periodo de tiempo dentro del transport\u00edn. Y es mejor tanto para ti como para el perro, que cuanto antes le ense\u00f1es como estar dentro sin que sea un trauma para \u00e9l.\u00a0<\/p><p style=\"font-size: 14px; text-align: justify;\">Muchas gracias.<\/p>\t\t\t\t\t\t<\/div>\n\t\t\t\t<\/div>\n\t\t\t\t\t<\/div>\n\t\t<\/div>\n\t\t\t\t\t<\/div>\n\t\t<\/section>\n\t\t\t\t<\/div>\n\t\t","protected":false},"excerpt":{"rendered":"<p>Estamos acabando con el contenido de este curso gratuito, te lo prometo! Ahora mismo estamos mejorando las secciones de la web y creando todo su contenido, pero todo lleva su tiempo. Muy pronto tendr\u00e1s acceso a este curso gratuito sobre como positivizar el transportin de tu cachorro y que le [&hellip;]<\/p>\n","protected":false},"author":1,"featured_media":799,"parent":0,"menu_order":0,"comment_status":"closed","ping_status":"closed","template":"","meta":{"_joinchat":[],"footnotes":""},"class_list":["post-798","page","type-page","status-publish","has-post-thumbnail","hentry"],"yoast_head":"<!-- This site is optimized with the Yoast SEO plugin v22.2 - https:\/\/yoast.com\/wordpress\/plugins\/seo\/ -->\n<title>Positiviza el transport\u00edn - Cachorros TODOTERRENO<\/title>\n<meta name=\"robots\" content=\"index, follow, max-snippet:-1, max-image-preview:large, max-video-preview:-1\" \/>\n<link rel=\"canonical\" href=\"https:\/\/cachorrostodoterreno.com\/index.php\/positiviza-el-transportin\/\" \/>\n<meta property=\"og:locale\" content=\"es_ES\" \/>\n<meta property=\"og:type\" content=\"article\" \/>\n<meta property=\"og:title\" content=\"Positiviza el transport\u00edn - Cachorros TODOTERRENO\" \/>\n<meta property=\"og:description\" content=\"Estamos acabando con el contenido de este curso gratuito, te lo prometo! Ahora mismo estamos mejorando las secciones de la web y creando todo su contenido, pero todo lleva su tiempo. Muy pronto tendr\u00e1s acceso a este curso gratuito sobre como positivizar el transportin de tu cachorro y que le [&hellip;]\" \/>\n<meta property=\"og:url\" content=\"https:\/\/cachorrostodoterreno.com\/index.php\/positiviza-el-transportin\/\" \/>\n<meta property=\"og:site_name\" content=\"Cachorros TODOTERRENO\" \/>\n<meta property=\"article:modified_time\" content=\"2020-03-17T11:14:53+00:00\" \/>\n<meta property=\"og:image\" content=\"https:\/\/cachorrostodoterreno.com\/wp-content\/uploads\/2020\/03\/CACHORROS-TODOTERRENO-GRATIS-TALLER-POSITIVIZA-EL-TRANSPORTIN-BANNER.png\" \/>\n\t<meta property=\"og:image:width\" content=\"820\" \/>\n\t<meta property=\"og:image:height\" content=\"312\" \/>\n\t<meta property=\"og:image:type\" content=\"image\/png\" \/>\n<meta name=\"twitter:card\" content=\"summary_large_image\" \/>\n<meta name=\"twitter:label1\" content=\"Tiempo de lectura\" \/>\n\t<meta name=\"twitter:data1\" content=\"1 minuto\" \/>\n<script type=\"application\/ld+json\" class=\"yoast-schema-graph\">{\"@context\":\"https:\/\/schema.org\",\"@graph\":[{\"@type\":\"WebPage\",\"@id\":\"https:\/\/cachorrostodoterreno.com\/index.php\/positiviza-el-transportin\/\",\"url\":\"https:\/\/cachorrostodoterreno.com\/index.php\/positiviza-el-transportin\/\",\"name\":\"Positiviza el transport\u00edn - Cachorros TODOTERRENO\",\"isPartOf\":{\"@id\":\"https:\/\/cachorrostodoterreno.com\/#website\"},\"primaryImageOfPage\":{\"@id\":\"https:\/\/cachorrostodoterreno.com\/index.php\/positiviza-el-transportin\/#primaryimage\"},\"image\":{\"@id\":\"https:\/\/cachorrostodoterreno.com\/index.php\/positiviza-el-transportin\/#primaryimage\"},\"thumbnailUrl\":\"https:\/\/cachorrostodoterreno.com\/wp-content\/uploads\/2020\/03\/CACHORROS-TODOTERRENO-GRATIS-TALLER-POSITIVIZA-EL-TRANSPORTIN-BANNER.png\",\"datePublished\":\"2020-03-15T20:55:59+00:00\",\"dateModified\":\"2020-03-17T11:14:53+00:00\",\"breadcrumb\":{\"@id\":\"https:\/\/cachorrostodoterreno.com\/index.php\/positiviza-el-transportin\/#breadcrumb\"},\"inLanguage\":\"es\",\"potentialAction\":[{\"@type\":\"ReadAction\",\"target\":[\"https:\/\/cachorrostodoterreno.com\/index.php\/positiviza-el-transportin\/\"]}]},{\"@type\":\"ImageObject\",\"inLanguage\":\"es\",\"@id\":\"https:\/\/cachorrostodoterreno.com\/index.php\/positiviza-el-transportin\/#primaryimage\",\"url\":\"https:\/\/cachorrostodoterreno.com\/wp-content\/uploads\/2020\/03\/CACHORROS-TODOTERRENO-GRATIS-TALLER-POSITIVIZA-EL-TRANSPORTIN-BANNER.png\",\"contentUrl\":\"https:\/\/cachorrostodoterreno.com\/wp-content\/uploads\/2020\/03\/CACHORROS-TODOTERRENO-GRATIS-TALLER-POSITIVIZA-EL-TRANSPORTIN-BANNER.png\",\"width\":820,\"height\":312},{\"@type\":\"BreadcrumbList\",\"@id\":\"https:\/\/cachorrostodoterreno.com\/index.php\/positiviza-el-transportin\/#breadcrumb\",\"itemListElement\":[{\"@type\":\"ListItem\",\"position\":1,\"name\":\"Home\",\"item\":\"https:\/\/cachorrostodoterreno.com\/\"},{\"@type\":\"ListItem\",\"position\":2,\"name\":\"Positiviza el transport\u00edn\"}]},{\"@type\":\"WebSite\",\"@id\":\"https:\/\/cachorrostodoterreno.com\/#website\",\"url\":\"https:\/\/cachorrostodoterreno.com\/\",\"name\":\"Cachorros TODOTERRENO\",\"description\":\"\",\"potentialAction\":[{\"@type\":\"SearchAction\",\"target\":{\"@type\":\"EntryPoint\",\"urlTemplate\":\"https:\/\/cachorrostodoterreno.com\/?s={search_term_string}\"},\"query-input\":\"required name=search_term_string\"}],\"inLanguage\":\"es\"}]}<\/script>\n<!-- \/ Yoast SEO plugin. -->","yoast_head_json":{"title":"Positiviza el transport\u00edn - Cachorros TODOTERRENO","robots":{"index":"index","follow":"follow","max-snippet":"max-snippet:-1","max-image-preview":"max-image-preview:large","max-video-preview":"max-video-preview:-1"},"canonical":"https:\/\/cachorrostodoterreno.com\/index.php\/positiviza-el-transportin\/","og_locale":"es_ES","og_type":"article","og_title":"Positiviza el transport\u00edn - Cachorros TODOTERRENO","og_description":"Estamos acabando con el contenido de este curso gratuito, te lo prometo! Ahora mismo estamos mejorando las secciones de la web y creando todo su contenido, pero todo lleva su tiempo. Muy pronto tendr\u00e1s acceso a este curso gratuito sobre como positivizar el transportin de tu cachorro y que le [&hellip;]","og_url":"https:\/\/cachorrostodoterreno.com\/index.php\/positiviza-el-transportin\/","og_site_name":"Cachorros TODOTERRENO","article_modified_time":"2020-03-17T11:14:53+00:00","og_image":[{"width":820,"height":312,"url":"https:\/\/cachorrostodoterreno.com\/wp-content\/uploads\/2020\/03\/CACHORROS-TODOTERRENO-GRATIS-TALLER-POSITIVIZA-EL-TRANSPORTIN-BANNER.png","type":"image\/png"}],"twitter_card":"summary_large_image","twitter_misc":{"Tiempo de lectura":"1 minuto"},"schema":{"@context":"https:\/\/schema.org","@graph":[{"@type":"WebPage","@id":"https:\/\/cachorrostodoterreno.com\/index.php\/positiviza-el-transportin\/","url":"https:\/\/cachorrostodoterreno.com\/index.php\/positiviza-el-transportin\/","name":"Positiviza el transport\u00edn - Cachorros TODOTERRENO","isPartOf":{"@id":"https:\/\/cachorrostodoterreno.com\/#website"},"primaryImageOfPage":{"@id":"https:\/\/cachorrostodoterreno.com\/index.php\/positiviza-el-transportin\/#primaryimage"},"image":{"@id":"https:\/\/cachorrostodoterreno.com\/index.php\/positiviza-el-transportin\/#primaryimage"},"thumbnailUrl":"https:\/\/cachorrostodoterreno.com\/wp-content\/uploads\/2020\/03\/CACHORROS-TODOTERRENO-GRATIS-TALLER-POSITIVIZA-EL-TRANSPORTIN-BANNER.png","datePublished":"2020-03-15T20:55:59+00:00","dateModified":"2020-03-17T11:14:53+00:00","breadcrumb":{"@id":"https:\/\/cachorrostodoterreno.com\/index.php\/positiviza-el-transportin\/#breadcrumb"},"inLanguage":"es","potentialAction":[{"@type":"ReadAction","target":["https:\/\/cachorrostodoterreno.com\/index.php\/positiviza-el-transportin\/"]}]},{"@type":"ImageObject","inLanguage":"es","@id":"https:\/\/cachorrostodoterreno.com\/index.php\/positiviza-el-transportin\/#primaryimage","url":"https:\/\/cachorrostodoterreno.com\/wp-content\/uploads\/2020\/03\/CACHORROS-TODOTERRENO-GRATIS-TALLER-POSITIVIZA-EL-TRANSPORTIN-BANNER.png","contentUrl":"https:\/\/cachorrostodoterreno.com\/wp-content\/uploads\/2020\/03\/CACHORROS-TODOTERRENO-GRATIS-TALLER-POSITIVIZA-EL-TRANSPORTIN-BANNER.png","width":820,"height":312},{"@type":"BreadcrumbList","@id":"https:\/\/cachorrostodoterreno.com\/index.php\/positiviza-el-transportin\/#breadcrumb","itemListElement":[{"@type":"ListItem","position":1,"name":"Home","item":"https:\/\/cachorrostodoterreno.com\/"},{"@type":"ListItem","position":2,"name":"Positiviza el transport\u00edn"}]},{"@type":"WebSite","@id":"https:\/\/cachorrostodoterreno.com\/#website","url":"https:\/\/cachorrostodoterreno.com\/","name":"Cachorros TODOTERRENO","description":"","potentialAction":[{"@type":"SearchAction","target":{"@type":"EntryPoint","urlTemplate":"https:\/\/cachorrostodoterreno.com\/?s={search_term_string}"},"query-input":"required name=search_term_string"}],"inLanguage":"es"}]}},"_links":{"self":[{"href":"https:\/\/cachorrostodoterreno.com\/index.php\/wp-json\/wp\/v2\/pages\/798","targetHints":{"allow":["GET"]}}],"collection":[{"href":"https:\/\/cachorrostodoterreno.com\/index.php\/wp-json\/wp\/v2\/pages"}],"about":[{"href":"https:\/\/cachorrostodoterreno.com\/index.php\/wp-json\/wp\/v2\/types\/page"}],"author":[{"embeddable":true,"href":"https:\/\/cachorrostodoterreno.com\/index.php\/wp-json\/wp\/v2\/users\/1"}],"replies":[{"embeddable":true,"href":"https:\/\/cachorrostodoterreno.com\/index.php\/wp-json\/wp\/v2\/comments?post=798"}],"version-history":[{"count":4,"href":"https:\/\/cachorrostodoterreno.com\/index.php\/wp-json\/wp\/v2\/pages\/798\/revisions"}],"predecessor-version":[{"id":1003,"href":"https:\/\/cachorrostodoterreno.com\/index.php\/wp-json\/wp\/v2\/pages\/798\/revisions\/1003"}],"wp:featuredmedia":[{"embeddable":true,"href":"https:\/\/cachorrostodoterreno.com\/index.php\/wp-json\/wp\/v2\/media\/799"}],"wp:attachment":[{"href":"https:\/\/cachorrostodoterreno.com\/index.php\/wp-json\/wp\/v2\/media?parent=798"}],"curies":[{"name":"wp","href":"https:\/\/api.w.org\/{rel}","templated":true}]}}