{"id":791,"date":"2020-03-15T20:43:49","date_gmt":"2020-03-15T20:43:49","guid":{"rendered":"http:\/\/cachorrostodoterreno.com\/?page_id=791"},"modified":"2020-03-17T11:22:04","modified_gmt":"2020-03-17T11:22:04","slug":"positiviza-el-bozal","status":"publish","type":"page","link":"https:\/\/cachorrostodoterreno.com\/index.php\/positiviza-el-bozal\/","title":{"rendered":"Positiviza el bozal"},"content":{"rendered":"\t\t<div data-elementor-type=\"wp-page\" data-elementor-id=\"791\" class=\"elementor elementor-791\">\n\t\t\t\t\t\t<section class=\"elementor-section elementor-top-section elementor-element elementor-element-a27db7a elementor-section-boxed elementor-section-height-default elementor-section-height-default\" data-id=\"a27db7a\" data-element_type=\"section\">\n\t\t\t\t\t\t<div class=\"elementor-container elementor-column-gap-default\">\n\t\t\t\t\t<div class=\"elementor-column elementor-col-100 elementor-top-column elementor-element elementor-element-9b20543\" data-id=\"9b20543\" data-element_type=\"column\">\n\t\t\t<div class=\"elementor-widget-wrap elementor-element-populated\">\n\t\t\t\t\t\t<div class=\"elementor-element elementor-element-973d675 elementor-widget elementor-widget-image\" data-id=\"973d675\" data-element_type=\"widget\" data-widget_type=\"image.default\">\n\t\t\t\t<div class=\"elementor-widget-container\">\n\t\t\t\t\t\t\t\t\t\t\t\t\t<img fetchpriority=\"high\" decoding=\"async\" width=\"750\" height=\"285\" src=\"https:\/\/cachorrostodoterreno.com\/wp-content\/uploads\/2020\/03\/CACHORROS-TODOTERRENO-GRATIS-TALLER-POSITIVIZA-EL-BOZAL-1-1.png\" class=\"attachment-large size-large wp-image-789\" alt=\"\" srcset=\"https:\/\/cachorrostodoterreno.com\/wp-content\/uploads\/2020\/03\/CACHORROS-TODOTERRENO-GRATIS-TALLER-POSITIVIZA-EL-BOZAL-1-1.png 820w, https:\/\/cachorrostodoterreno.com\/wp-content\/uploads\/2020\/03\/CACHORROS-TODOTERRENO-GRATIS-TALLER-POSITIVIZA-EL-BOZAL-1-1-300x114.png 300w, https:\/\/cachorrostodoterreno.com\/wp-content\/uploads\/2020\/03\/CACHORROS-TODOTERRENO-GRATIS-TALLER-POSITIVIZA-EL-BOZAL-1-1-768x292.png 768w, https:\/\/cachorrostodoterreno.com\/wp-content\/uploads\/2020\/03\/CACHORROS-TODOTERRENO-GRATIS-TALLER-POSITIVIZA-EL-BOZAL-1-1-50x19.png 50w, https:\/\/cachorrostodoterreno.com\/wp-content\/uploads\/2020\/03\/CACHORROS-TODOTERRENO-GRATIS-TALLER-POSITIVIZA-EL-BOZAL-1-1-600x228.png 600w\" sizes=\"(max-width: 750px) 100vw, 750px\" \/>\t\t\t\t\t\t\t\t\t\t\t\t\t<\/div>\n\t\t\t\t<\/div>\n\t\t\t\t\t<\/div>\n\t\t<\/div>\n\t\t\t\t\t<\/div>\n\t\t<\/section>\n\t\t\t\t<section class=\"elementor-section elementor-top-section elementor-element elementor-element-d6229db elementor-section-boxed elementor-section-height-default elementor-section-height-default\" data-id=\"d6229db\" data-element_type=\"section\">\n\t\t\t\t\t\t<div class=\"elementor-container elementor-column-gap-default\">\n\t\t\t\t\t<div class=\"elementor-column elementor-col-100 elementor-top-column elementor-element elementor-element-e094ae7\" data-id=\"e094ae7\" data-element_type=\"column\">\n\t\t\t<div class=\"elementor-widget-wrap elementor-element-populated\">\n\t\t\t\t\t\t<div class=\"elementor-element elementor-element-c2b16fe elementor-widget elementor-widget-text-editor\" data-id=\"c2b16fe\" data-element_type=\"widget\" data-widget_type=\"text-editor.default\">\n\t\t\t\t<div class=\"elementor-widget-container\">\n\t\t\t\t\t\t\t<p>Estamos acabando con el contenido de este curso gratuito, te lo prometo!<\/p>\n<p>Ahora mismo estamos mejorando las secciones de la web y creando todo su contenido, pero todo lleva su tiempo.<\/p>\n<p>Muy pronto tendr\u00e1s acceso a este curso gratuito sobre como positivizar el bozal en tu cachorro y que el d\u00eda que le toque pon\u00e9rselo, no sea una guerra entre tu perro, el bozal y t\u00fa. Y este tema te lo digo por experiencia propia, antes nunca me hab\u00eda preocupado en positizar el bozal porque nunca lo necesit\u00e9 y pensaba que no lo har\u00eda, hasta que un d\u00eda tuve que bajar a Madrid para llevar a uno de los <b><i>ANTONIO\u00b4S <\/i><\/b>de la manada al veterinario y no ten\u00eda otro medio que llegar que no fuese en tren, ES OBLIGATORIO EL USO DE BOZAL en el tren, metro y todo el transporte p\u00fablico.<\/p>\n<p>No os pod\u00e9is imaginar la guerra entre los dos y el mal rato que pas\u00f3. Ahora que lo se, os recomiendo a tod@s que lo hag\u00e1is, se tarda muy pocos d\u00edas y luego vuestro perro no notar\u00e1 que lleva nada. Ahh! los perros fuertacos por ley, necesitan llevarlo siempre cuando salgas a la calle, as\u00ed que mejor que se acostumbre a llevarlo como si fueran unas gafas de ver.<\/p>\n<p>Muchas gracias.<\/p>\t\t\t\t\t\t<\/div>\n\t\t\t\t<\/div>\n\t\t\t\t\t<\/div>\n\t\t<\/div>\n\t\t\t\t\t<\/div>\n\t\t<\/section>\n\t\t\t\t<\/div>\n\t\t","protected":false},"excerpt":{"rendered":"<p>Estamos acabando con el contenido de este curso gratuito, te lo prometo! Ahora mismo estamos mejorando las secciones de la web y creando todo su contenido, pero todo lleva su tiempo. Muy pronto tendr\u00e1s acceso a este curso gratuito sobre como positivizar el bozal en tu cachorro y que el [&hellip;]<\/p>\n","protected":false},"author":1,"featured_media":788,"parent":0,"menu_order":0,"comment_status":"closed","ping_status":"closed","template":"","meta":{"_joinchat":[],"footnotes":""},"class_list":["post-791","page","type-page","status-publish","has-post-thumbnail","hentry"],"yoast_head":"<!-- This site is optimized with the Yoast SEO plugin v22.2 - https:\/\/yoast.com\/wordpress\/plugins\/seo\/ -->\n<title>Positiviza el bozal - Cachorros TODOTERRENO<\/title>\n<meta name=\"robots\" content=\"index, follow, max-snippet:-1, max-image-preview:large, max-video-preview:-1\" \/>\n<link rel=\"canonical\" href=\"https:\/\/cachorrostodoterreno.com\/index.php\/positiviza-el-bozal\/\" \/>\n<meta property=\"og:locale\" content=\"es_ES\" \/>\n<meta property=\"og:type\" content=\"article\" \/>\n<meta property=\"og:title\" content=\"Positiviza el bozal - Cachorros TODOTERRENO\" \/>\n<meta property=\"og:description\" content=\"Estamos acabando con el contenido de este curso gratuito, te lo prometo! Ahora mismo estamos mejorando las secciones de la web y creando todo su contenido, pero todo lleva su tiempo. Muy pronto tendr\u00e1s acceso a este curso gratuito sobre como positivizar el bozal en tu cachorro y que el [&hellip;]\" \/>\n<meta property=\"og:url\" content=\"https:\/\/cachorrostodoterreno.com\/index.php\/positiviza-el-bozal\/\" \/>\n<meta property=\"og:site_name\" content=\"Cachorros TODOTERRENO\" \/>\n<meta property=\"article:modified_time\" content=\"2020-03-17T11:22:04+00:00\" \/>\n<meta property=\"og:image\" content=\"https:\/\/cachorrostodoterreno.com\/wp-content\/uploads\/2020\/03\/CACHORROS-TODOTERRENO-GRATIS-TALLER-POSITIVIZA-EL-BOZAL-BANNER-1.png\" \/>\n\t<meta property=\"og:image:width\" content=\"820\" \/>\n\t<meta property=\"og:image:height\" content=\"312\" \/>\n\t<meta property=\"og:image:type\" content=\"image\/png\" \/>\n<meta name=\"twitter:card\" content=\"summary_large_image\" \/>\n<meta name=\"twitter:label1\" content=\"Tiempo de lectura\" \/>\n\t<meta name=\"twitter:data1\" content=\"1 minuto\" \/>\n<script type=\"application\/ld+json\" class=\"yoast-schema-graph\">{\"@context\":\"https:\/\/schema.org\",\"@graph\":[{\"@type\":\"WebPage\",\"@id\":\"https:\/\/cachorrostodoterreno.com\/index.php\/positiviza-el-bozal\/\",\"url\":\"https:\/\/cachorrostodoterreno.com\/index.php\/positiviza-el-bozal\/\",\"name\":\"Positiviza el bozal - Cachorros TODOTERRENO\",\"isPartOf\":{\"@id\":\"https:\/\/cachorrostodoterreno.com\/#website\"},\"primaryImageOfPage\":{\"@id\":\"https:\/\/cachorrostodoterreno.com\/index.php\/positiviza-el-bozal\/#primaryimage\"},\"image\":{\"@id\":\"https:\/\/cachorrostodoterreno.com\/index.php\/positiviza-el-bozal\/#primaryimage\"},\"thumbnailUrl\":\"https:\/\/cachorrostodoterreno.com\/wp-content\/uploads\/2020\/03\/CACHORROS-TODOTERRENO-GRATIS-TALLER-POSITIVIZA-EL-BOZAL-BANNER-1.png\",\"datePublished\":\"2020-03-15T20:43:49+00:00\",\"dateModified\":\"2020-03-17T11:22:04+00:00\",\"breadcrumb\":{\"@id\":\"https:\/\/cachorrostodoterreno.com\/index.php\/positiviza-el-bozal\/#breadcrumb\"},\"inLanguage\":\"es\",\"potentialAction\":[{\"@type\":\"ReadAction\",\"target\":[\"https:\/\/cachorrostodoterreno.com\/index.php\/positiviza-el-bozal\/\"]}]},{\"@type\":\"ImageObject\",\"inLanguage\":\"es\",\"@id\":\"https:\/\/cachorrostodoterreno.com\/index.php\/positiviza-el-bozal\/#primaryimage\",\"url\":\"https:\/\/cachorrostodoterreno.com\/wp-content\/uploads\/2020\/03\/CACHORROS-TODOTERRENO-GRATIS-TALLER-POSITIVIZA-EL-BOZAL-BANNER-1.png\",\"contentUrl\":\"https:\/\/cachorrostodoterreno.com\/wp-content\/uploads\/2020\/03\/CACHORROS-TODOTERRENO-GRATIS-TALLER-POSITIVIZA-EL-BOZAL-BANNER-1.png\",\"width\":820,\"height\":312},{\"@type\":\"BreadcrumbList\",\"@id\":\"https:\/\/cachorrostodoterreno.com\/index.php\/positiviza-el-bozal\/#breadcrumb\",\"itemListElement\":[{\"@type\":\"ListItem\",\"position\":1,\"name\":\"Home\",\"item\":\"https:\/\/cachorrostodoterreno.com\/\"},{\"@type\":\"ListItem\",\"position\":2,\"name\":\"Positiviza el bozal\"}]},{\"@type\":\"WebSite\",\"@id\":\"https:\/\/cachorrostodoterreno.com\/#website\",\"url\":\"https:\/\/cachorrostodoterreno.com\/\",\"name\":\"Cachorros TODOTERRENO\",\"description\":\"\",\"potentialAction\":[{\"@type\":\"SearchAction\",\"target\":{\"@type\":\"EntryPoint\",\"urlTemplate\":\"https:\/\/cachorrostodoterreno.com\/?s={search_term_string}\"},\"query-input\":\"required name=search_term_string\"}],\"inLanguage\":\"es\"}]}<\/script>\n<!-- \/ Yoast SEO plugin. -->","yoast_head_json":{"title":"Positiviza el bozal - Cachorros TODOTERRENO","robots":{"index":"index","follow":"follow","max-snippet":"max-snippet:-1","max-image-preview":"max-image-preview:large","max-video-preview":"max-video-preview:-1"},"canonical":"https:\/\/cachorrostodoterreno.com\/index.php\/positiviza-el-bozal\/","og_locale":"es_ES","og_type":"article","og_title":"Positiviza el bozal - Cachorros TODOTERRENO","og_description":"Estamos acabando con el contenido de este curso gratuito, te lo prometo! Ahora mismo estamos mejorando las secciones de la web y creando todo su contenido, pero todo lleva su tiempo. Muy pronto tendr\u00e1s acceso a este curso gratuito sobre como positivizar el bozal en tu cachorro y que el [&hellip;]","og_url":"https:\/\/cachorrostodoterreno.com\/index.php\/positiviza-el-bozal\/","og_site_name":"Cachorros TODOTERRENO","article_modified_time":"2020-03-17T11:22:04+00:00","og_image":[{"width":820,"height":312,"url":"https:\/\/cachorrostodoterreno.com\/wp-content\/uploads\/2020\/03\/CACHORROS-TODOTERRENO-GRATIS-TALLER-POSITIVIZA-EL-BOZAL-BANNER-1.png","type":"image\/png"}],"twitter_card":"summary_large_image","twitter_misc":{"Tiempo de lectura":"1 minuto"},"schema":{"@context":"https:\/\/schema.org","@graph":[{"@type":"WebPage","@id":"https:\/\/cachorrostodoterreno.com\/index.php\/positiviza-el-bozal\/","url":"https:\/\/cachorrostodoterreno.com\/index.php\/positiviza-el-bozal\/","name":"Positiviza el bozal - Cachorros TODOTERRENO","isPartOf":{"@id":"https:\/\/cachorrostodoterreno.com\/#website"},"primaryImageOfPage":{"@id":"https:\/\/cachorrostodoterreno.com\/index.php\/positiviza-el-bozal\/#primaryimage"},"image":{"@id":"https:\/\/cachorrostodoterreno.com\/index.php\/positiviza-el-bozal\/#primaryimage"},"thumbnailUrl":"https:\/\/cachorrostodoterreno.com\/wp-content\/uploads\/2020\/03\/CACHORROS-TODOTERRENO-GRATIS-TALLER-POSITIVIZA-EL-BOZAL-BANNER-1.png","datePublished":"2020-03-15T20:43:49+00:00","dateModified":"2020-03-17T11:22:04+00:00","breadcrumb":{"@id":"https:\/\/cachorrostodoterreno.com\/index.php\/positiviza-el-bozal\/#breadcrumb"},"inLanguage":"es","potentialAction":[{"@type":"ReadAction","target":["https:\/\/cachorrostodoterreno.com\/index.php\/positiviza-el-bozal\/"]}]},{"@type":"ImageObject","inLanguage":"es","@id":"https:\/\/cachorrostodoterreno.com\/index.php\/positiviza-el-bozal\/#primaryimage","url":"https:\/\/cachorrostodoterreno.com\/wp-content\/uploads\/2020\/03\/CACHORROS-TODOTERRENO-GRATIS-TALLER-POSITIVIZA-EL-BOZAL-BANNER-1.png","contentUrl":"https:\/\/cachorrostodoterreno.com\/wp-content\/uploads\/2020\/03\/CACHORROS-TODOTERRENO-GRATIS-TALLER-POSITIVIZA-EL-BOZAL-BANNER-1.png","width":820,"height":312},{"@type":"BreadcrumbList","@id":"https:\/\/cachorrostodoterreno.com\/index.php\/positiviza-el-bozal\/#breadcrumb","itemListElement":[{"@type":"ListItem","position":1,"name":"Home","item":"https:\/\/cachorrostodoterreno.com\/"},{"@type":"ListItem","position":2,"name":"Positiviza el bozal"}]},{"@type":"WebSite","@id":"https:\/\/cachorrostodoterreno.com\/#website","url":"https:\/\/cachorrostodoterreno.com\/","name":"Cachorros TODOTERRENO","description":"","potentialAction":[{"@type":"SearchAction","target":{"@type":"EntryPoint","urlTemplate":"https:\/\/cachorrostodoterreno.com\/?s={search_term_string}"},"query-input":"required name=search_term_string"}],"inLanguage":"es"}]}},"_links":{"self":[{"href":"https:\/\/cachorrostodoterreno.com\/index.php\/wp-json\/wp\/v2\/pages\/791","targetHints":{"allow":["GET"]}}],"collection":[{"href":"https:\/\/cachorrostodoterreno.com\/index.php\/wp-json\/wp\/v2\/pages"}],"about":[{"href":"https:\/\/cachorrostodoterreno.com\/index.php\/wp-json\/wp\/v2\/types\/page"}],"author":[{"embeddable":true,"href":"https:\/\/cachorrostodoterreno.com\/index.php\/wp-json\/wp\/v2\/users\/1"}],"replies":[{"embeddable":true,"href":"https:\/\/cachorrostodoterreno.com\/index.php\/wp-json\/wp\/v2\/comments?post=791"}],"version-history":[{"count":5,"href":"https:\/\/cachorrostodoterreno.com\/index.php\/wp-json\/wp\/v2\/pages\/791\/revisions"}],"predecessor-version":[{"id":1006,"href":"https:\/\/cachorrostodoterreno.com\/index.php\/wp-json\/wp\/v2\/pages\/791\/revisions\/1006"}],"wp:featuredmedia":[{"embeddable":true,"href":"https:\/\/cachorrostodoterreno.com\/index.php\/wp-json\/wp\/v2\/media\/788"}],"wp:attachment":[{"href":"https:\/\/cachorrostodoterreno.com\/index.php\/wp-json\/wp\/v2\/media?parent=791"}],"curies":[{"name":"wp","href":"https:\/\/api.w.org\/{rel}","templated":true}]}}