{"id":768,"date":"2020-03-15T20:21:13","date_gmt":"2020-03-15T20:21:13","guid":{"rendered":"http:\/\/cachorrostodoterreno.com\/?page_id=768"},"modified":"2020-06-07T17:03:45","modified_gmt":"2020-06-07T17:03:45","slug":"libros-de-cachorros","status":"publish","type":"page","link":"https:\/\/cachorrostodoterreno.com\/index.php\/libros-de-cachorros\/","title":{"rendered":"Libros de cachorros"},"content":{"rendered":"\t\t<div data-elementor-type=\"wp-page\" data-elementor-id=\"768\" class=\"elementor elementor-768\">\n\t\t\t\t\t\t<section class=\"elementor-section elementor-top-section elementor-element elementor-element-4fb5a93 elementor-section-boxed elementor-section-height-default elementor-section-height-default\" data-id=\"4fb5a93\" data-element_type=\"section\">\n\t\t\t\t\t\t<div class=\"elementor-container elementor-column-gap-default\">\n\t\t\t\t\t<div class=\"elementor-column elementor-col-100 elementor-top-column elementor-element elementor-element-94709db\" data-id=\"94709db\" data-element_type=\"column\">\n\t\t\t<div class=\"elementor-widget-wrap elementor-element-populated\">\n\t\t\t\t\t\t<div class=\"elementor-element elementor-element-ed3fe86 elementor-widget elementor-widget-image\" data-id=\"ed3fe86\" data-element_type=\"widget\" data-widget_type=\"image.default\">\n\t\t\t\t<div class=\"elementor-widget-container\">\n\t\t\t\t\t\t\t\t\t\t\t\t\t<img fetchpriority=\"high\" decoding=\"async\" width=\"750\" height=\"285\" src=\"https:\/\/cachorrostodoterreno.com\/wp-content\/uploads\/2020\/06\/Copia-de-CACHORROS-TODOTERRENO-CURSO-PARA-PROFESIONALES-LIBROS.png\" class=\"attachment-large size-large wp-image-1225\" alt=\"\" srcset=\"https:\/\/cachorrostodoterreno.com\/wp-content\/uploads\/2020\/06\/Copia-de-CACHORROS-TODOTERRENO-CURSO-PARA-PROFESIONALES-LIBROS.png 820w, https:\/\/cachorrostodoterreno.com\/wp-content\/uploads\/2020\/06\/Copia-de-CACHORROS-TODOTERRENO-CURSO-PARA-PROFESIONALES-LIBROS-300x114.png 300w, https:\/\/cachorrostodoterreno.com\/wp-content\/uploads\/2020\/06\/Copia-de-CACHORROS-TODOTERRENO-CURSO-PARA-PROFESIONALES-LIBROS-768x292.png 768w, https:\/\/cachorrostodoterreno.com\/wp-content\/uploads\/2020\/06\/Copia-de-CACHORROS-TODOTERRENO-CURSO-PARA-PROFESIONALES-LIBROS-50x19.png 50w, https:\/\/cachorrostodoterreno.com\/wp-content\/uploads\/2020\/06\/Copia-de-CACHORROS-TODOTERRENO-CURSO-PARA-PROFESIONALES-LIBROS-600x228.png 600w\" sizes=\"(max-width: 750px) 100vw, 750px\" \/>\t\t\t\t\t\t\t\t\t\t\t\t\t<\/div>\n\t\t\t\t<\/div>\n\t\t\t\t\t<\/div>\n\t\t<\/div>\n\t\t\t\t\t<\/div>\n\t\t<\/section>\n\t\t\t\t<section class=\"elementor-section elementor-top-section elementor-element elementor-element-4bd4c6b elementor-section-boxed elementor-section-height-default elementor-section-height-default\" data-id=\"4bd4c6b\" data-element_type=\"section\">\n\t\t\t\t\t\t<div class=\"elementor-container elementor-column-gap-default\">\n\t\t\t\t\t<div class=\"elementor-column elementor-col-100 elementor-top-column elementor-element elementor-element-8f9901a\" data-id=\"8f9901a\" data-element_type=\"column\">\n\t\t\t<div class=\"elementor-widget-wrap elementor-element-populated\">\n\t\t\t\t\t\t<div class=\"elementor-element elementor-element-e95d8c5 elementor-widget elementor-widget-text-editor\" data-id=\"e95d8c5\" data-element_type=\"widget\" data-widget_type=\"text-editor.default\">\n\t\t\t\t<div class=\"elementor-widget-container\">\n\t\t\t\t\t\t\t<p>\u00bfQu\u00e9 m\u00e1s puedes pedir? <strong><em>YO ME LO COMPRO, YO ME LO LEO Y A TI TE LO RESUMO.<\/em><\/strong><\/p><p>\u00bfY qu\u00e9 vas a encontrar adem\u00e1s de una bonita portada? En el blog, ir\u00e9 publicando todos los libros que ir\u00e9 leyendo tanto nacionales como internacionales.\u00a0 Te dar\u00e9 un resumen detallado de cada libro.<\/p><p>y si necesitas profundizar m\u00e1s en cada uno de ellos y no quieres perder tiempo y coger s\u00f3lo lo importante de cada uno de ellos, he creado un curso por lotes de 5 libros. En ellos, te dar\u00e9\u00a0 lo importante, no te har\u00e1 falta leerlo, yo lo masticar\u00e9 por ti y te dir\u00e9 lo mejor y lo peor de cada libro, una opini\u00f3n personal y toda la verdad que esconde5<\/p>\t\t\t\t\t\t<\/div>\n\t\t\t\t<\/div>\n\t\t\t\t\t<\/div>\n\t\t<\/div>\n\t\t\t\t\t<\/div>\n\t\t<\/section>\n\t\t\t\t<section class=\"elementor-section elementor-top-section elementor-element elementor-element-181524f elementor-section-boxed elementor-section-height-default elementor-section-height-default\" data-id=\"181524f\" data-element_type=\"section\">\n\t\t\t\t\t\t<div class=\"elementor-container elementor-column-gap-default\">\n\t\t\t\t\t<div class=\"elementor-column elementor-col-100 elementor-top-column elementor-element elementor-element-8972c6f\" data-id=\"8972c6f\" data-element_type=\"column\">\n\t\t\t<div class=\"elementor-widget-wrap elementor-element-populated\">\n\t\t\t\t\t\t<div class=\"elementor-element elementor-element-68d419f elementor-widget elementor-widget-text-editor\" data-id=\"68d419f\" data-element_type=\"widget\" data-widget_type=\"text-editor.default\">\n\t\t\t\t<div class=\"elementor-widget-container\">\n\t\t\t\t\t\t\t<p><span style=\"text-decoration: underline;\"><em><strong>LISTA DE LIBROS SOBRE CACHORROS.<\/strong><\/em><\/span><\/p><p><a href=\"https:\/\/cachorrostodoterreno.com\/index.php\/2020\/06\/07\/libro-todo-sobre-el-cachorro\/\"><em><strong>+ ALT OM VALPEN.<\/strong> <\/em><\/a>(TODO SOBRE EL CACHORRO). de KRISTINA ZEIMER &#8211; FALKE JORG ZIEMER.<\/p>\t\t\t\t\t\t<\/div>\n\t\t\t\t<\/div>\n\t\t\t\t\t<\/div>\n\t\t<\/div>\n\t\t\t\t\t<\/div>\n\t\t<\/section>\n\t\t\t\t<section class=\"elementor-section elementor-top-section elementor-element elementor-element-5dd3ea8 elementor-section-boxed elementor-section-height-default elementor-section-height-default\" data-id=\"5dd3ea8\" data-element_type=\"section\">\n\t\t\t\t\t\t<div class=\"elementor-container elementor-column-gap-default\">\n\t\t\t\t\t<div class=\"elementor-column elementor-col-100 elementor-top-column elementor-element elementor-element-6a459e0\" data-id=\"6a459e0\" data-element_type=\"column\">\n\t\t\t<div class=\"elementor-widget-wrap elementor-element-populated\">\n\t\t\t\t\t\t<div class=\"elementor-element elementor-element-b67d470 elementor-widget elementor-widget-image\" data-id=\"b67d470\" data-element_type=\"widget\" data-widget_type=\"image.default\">\n\t\t\t\t<div class=\"elementor-widget-container\">\n\t\t\t\t\t\t\t\t\t\t\t\t\t<img decoding=\"async\" width=\"750\" height=\"285\" src=\"https:\/\/cachorrostodoterreno.com\/wp-content\/uploads\/2020\/03\/CACHORROS-TODOTERRENO-CURSO-PARA-PROFESIONALES-LIBROS-3.png\" class=\"attachment-large size-large wp-image-1174\" alt=\"\" srcset=\"https:\/\/cachorrostodoterreno.com\/wp-content\/uploads\/2020\/03\/CACHORROS-TODOTERRENO-CURSO-PARA-PROFESIONALES-LIBROS-3.png 820w, https:\/\/cachorrostodoterreno.com\/wp-content\/uploads\/2020\/03\/CACHORROS-TODOTERRENO-CURSO-PARA-PROFESIONALES-LIBROS-3-300x114.png 300w, https:\/\/cachorrostodoterreno.com\/wp-content\/uploads\/2020\/03\/CACHORROS-TODOTERRENO-CURSO-PARA-PROFESIONALES-LIBROS-3-768x292.png 768w, https:\/\/cachorrostodoterreno.com\/wp-content\/uploads\/2020\/03\/CACHORROS-TODOTERRENO-CURSO-PARA-PROFESIONALES-LIBROS-3-50x19.png 50w, https:\/\/cachorrostodoterreno.com\/wp-content\/uploads\/2020\/03\/CACHORROS-TODOTERRENO-CURSO-PARA-PROFESIONALES-LIBROS-3-600x228.png 600w\" sizes=\"(max-width: 750px) 100vw, 750px\" \/>\t\t\t\t\t\t\t\t\t\t\t\t\t<\/div>\n\t\t\t\t<\/div>\n\t\t\t\t\t<\/div>\n\t\t<\/div>\n\t\t\t\t\t<\/div>\n\t\t<\/section>\n\t\t\t\t<\/div>\n\t\t","protected":false},"excerpt":{"rendered":"<p>\u00bfQu\u00e9 m\u00e1s puedes pedir? YO ME LO COMPRO, YO ME LO LEO Y A TI TE LO RESUMO. \u00bfY qu\u00e9 vas a encontrar adem\u00e1s de una bonita portada? En el blog, ir\u00e9 publicando todos los libros que ir\u00e9 leyendo tanto nacionales como internacionales.\u00a0 Te dar\u00e9 un resumen detallado de cada [&hellip;]<\/p>\n","protected":false},"author":1,"featured_media":1170,"parent":0,"menu_order":0,"comment_status":"closed","ping_status":"closed","template":"","meta":{"_joinchat":[],"footnotes":""},"class_list":["post-768","page","type-page","status-publish","has-post-thumbnail","hentry"],"yoast_head":"<!-- This site is optimized with the Yoast SEO plugin v22.2 - https:\/\/yoast.com\/wordpress\/plugins\/seo\/ -->\n<title>Libros de cachorros - Cachorros TODOTERRENO<\/title>\n<meta name=\"robots\" content=\"index, follow, max-snippet:-1, max-image-preview:large, max-video-preview:-1\" \/>\n<link rel=\"canonical\" href=\"https:\/\/cachorrostodoterreno.com\/index.php\/libros-de-cachorros\/\" \/>\n<meta property=\"og:locale\" content=\"es_ES\" \/>\n<meta property=\"og:type\" content=\"article\" \/>\n<meta property=\"og:title\" content=\"Libros de cachorros - Cachorros TODOTERRENO\" \/>\n<meta property=\"og:description\" content=\"\u00bfQu\u00e9 m\u00e1s puedes pedir? YO ME LO COMPRO, YO ME LO LEO Y A TI TE LO RESUMO. \u00bfY qu\u00e9 vas a encontrar adem\u00e1s de una bonita portada? En el blog, ir\u00e9 publicando todos los libros que ir\u00e9 leyendo tanto nacionales como internacionales.\u00a0 Te dar\u00e9 un resumen detallado de cada [&hellip;]\" \/>\n<meta property=\"og:url\" content=\"https:\/\/cachorrostodoterreno.com\/index.php\/libros-de-cachorros\/\" \/>\n<meta property=\"og:site_name\" content=\"Cachorros TODOTERRENO\" \/>\n<meta property=\"article:modified_time\" content=\"2020-06-07T17:03:45+00:00\" \/>\n<meta property=\"og:image\" content=\"https:\/\/cachorrostodoterreno.com\/wp-content\/uploads\/2020\/03\/CACHORROS-TODOTERRENO-CURSO-PARA-PROFESIONALES-LIBROS-BANNER-1.png\" \/>\n\t<meta property=\"og:image:width\" content=\"820\" \/>\n\t<meta property=\"og:image:height\" content=\"312\" \/>\n\t<meta property=\"og:image:type\" content=\"image\/png\" \/>\n<meta name=\"twitter:card\" content=\"summary_large_image\" \/>\n<meta name=\"twitter:label1\" content=\"Tiempo de lectura\" \/>\n\t<meta name=\"twitter:data1\" content=\"1 minuto\" \/>\n<script type=\"application\/ld+json\" class=\"yoast-schema-graph\">{\"@context\":\"https:\/\/schema.org\",\"@graph\":[{\"@type\":\"WebPage\",\"@id\":\"https:\/\/cachorrostodoterreno.com\/index.php\/libros-de-cachorros\/\",\"url\":\"https:\/\/cachorrostodoterreno.com\/index.php\/libros-de-cachorros\/\",\"name\":\"Libros de cachorros - Cachorros TODOTERRENO\",\"isPartOf\":{\"@id\":\"https:\/\/cachorrostodoterreno.com\/#website\"},\"primaryImageOfPage\":{\"@id\":\"https:\/\/cachorrostodoterreno.com\/index.php\/libros-de-cachorros\/#primaryimage\"},\"image\":{\"@id\":\"https:\/\/cachorrostodoterreno.com\/index.php\/libros-de-cachorros\/#primaryimage\"},\"thumbnailUrl\":\"https:\/\/cachorrostodoterreno.com\/wp-content\/uploads\/2020\/03\/CACHORROS-TODOTERRENO-CURSO-PARA-PROFESIONALES-LIBROS-BANNER-1.png\",\"datePublished\":\"2020-03-15T20:21:13+00:00\",\"dateModified\":\"2020-06-07T17:03:45+00:00\",\"breadcrumb\":{\"@id\":\"https:\/\/cachorrostodoterreno.com\/index.php\/libros-de-cachorros\/#breadcrumb\"},\"inLanguage\":\"es\",\"potentialAction\":[{\"@type\":\"ReadAction\",\"target\":[\"https:\/\/cachorrostodoterreno.com\/index.php\/libros-de-cachorros\/\"]}]},{\"@type\":\"ImageObject\",\"inLanguage\":\"es\",\"@id\":\"https:\/\/cachorrostodoterreno.com\/index.php\/libros-de-cachorros\/#primaryimage\",\"url\":\"https:\/\/cachorrostodoterreno.com\/wp-content\/uploads\/2020\/03\/CACHORROS-TODOTERRENO-CURSO-PARA-PROFESIONALES-LIBROS-BANNER-1.png\",\"contentUrl\":\"https:\/\/cachorrostodoterreno.com\/wp-content\/uploads\/2020\/03\/CACHORROS-TODOTERRENO-CURSO-PARA-PROFESIONALES-LIBROS-BANNER-1.png\",\"width\":820,\"height\":312},{\"@type\":\"BreadcrumbList\",\"@id\":\"https:\/\/cachorrostodoterreno.com\/index.php\/libros-de-cachorros\/#breadcrumb\",\"itemListElement\":[{\"@type\":\"ListItem\",\"position\":1,\"name\":\"Home\",\"item\":\"https:\/\/cachorrostodoterreno.com\/\"},{\"@type\":\"ListItem\",\"position\":2,\"name\":\"Libros de cachorros\"}]},{\"@type\":\"WebSite\",\"@id\":\"https:\/\/cachorrostodoterreno.com\/#website\",\"url\":\"https:\/\/cachorrostodoterreno.com\/\",\"name\":\"Cachorros TODOTERRENO\",\"description\":\"\",\"potentialAction\":[{\"@type\":\"SearchAction\",\"target\":{\"@type\":\"EntryPoint\",\"urlTemplate\":\"https:\/\/cachorrostodoterreno.com\/?s={search_term_string}\"},\"query-input\":\"required name=search_term_string\"}],\"inLanguage\":\"es\"}]}<\/script>\n<!-- \/ Yoast SEO plugin. -->","yoast_head_json":{"title":"Libros de cachorros - Cachorros TODOTERRENO","robots":{"index":"index","follow":"follow","max-snippet":"max-snippet:-1","max-image-preview":"max-image-preview:large","max-video-preview":"max-video-preview:-1"},"canonical":"https:\/\/cachorrostodoterreno.com\/index.php\/libros-de-cachorros\/","og_locale":"es_ES","og_type":"article","og_title":"Libros de cachorros - Cachorros TODOTERRENO","og_description":"\u00bfQu\u00e9 m\u00e1s puedes pedir? YO ME LO COMPRO, YO ME LO LEO Y A TI TE LO RESUMO. \u00bfY qu\u00e9 vas a encontrar adem\u00e1s de una bonita portada? En el blog, ir\u00e9 publicando todos los libros que ir\u00e9 leyendo tanto nacionales como internacionales.\u00a0 Te dar\u00e9 un resumen detallado de cada [&hellip;]","og_url":"https:\/\/cachorrostodoterreno.com\/index.php\/libros-de-cachorros\/","og_site_name":"Cachorros TODOTERRENO","article_modified_time":"2020-06-07T17:03:45+00:00","og_image":[{"width":820,"height":312,"url":"https:\/\/cachorrostodoterreno.com\/wp-content\/uploads\/2020\/03\/CACHORROS-TODOTERRENO-CURSO-PARA-PROFESIONALES-LIBROS-BANNER-1.png","type":"image\/png"}],"twitter_card":"summary_large_image","twitter_misc":{"Tiempo de lectura":"1 minuto"},"schema":{"@context":"https:\/\/schema.org","@graph":[{"@type":"WebPage","@id":"https:\/\/cachorrostodoterreno.com\/index.php\/libros-de-cachorros\/","url":"https:\/\/cachorrostodoterreno.com\/index.php\/libros-de-cachorros\/","name":"Libros de cachorros - Cachorros TODOTERRENO","isPartOf":{"@id":"https:\/\/cachorrostodoterreno.com\/#website"},"primaryImageOfPage":{"@id":"https:\/\/cachorrostodoterreno.com\/index.php\/libros-de-cachorros\/#primaryimage"},"image":{"@id":"https:\/\/cachorrostodoterreno.com\/index.php\/libros-de-cachorros\/#primaryimage"},"thumbnailUrl":"https:\/\/cachorrostodoterreno.com\/wp-content\/uploads\/2020\/03\/CACHORROS-TODOTERRENO-CURSO-PARA-PROFESIONALES-LIBROS-BANNER-1.png","datePublished":"2020-03-15T20:21:13+00:00","dateModified":"2020-06-07T17:03:45+00:00","breadcrumb":{"@id":"https:\/\/cachorrostodoterreno.com\/index.php\/libros-de-cachorros\/#breadcrumb"},"inLanguage":"es","potentialAction":[{"@type":"ReadAction","target":["https:\/\/cachorrostodoterreno.com\/index.php\/libros-de-cachorros\/"]}]},{"@type":"ImageObject","inLanguage":"es","@id":"https:\/\/cachorrostodoterreno.com\/index.php\/libros-de-cachorros\/#primaryimage","url":"https:\/\/cachorrostodoterreno.com\/wp-content\/uploads\/2020\/03\/CACHORROS-TODOTERRENO-CURSO-PARA-PROFESIONALES-LIBROS-BANNER-1.png","contentUrl":"https:\/\/cachorrostodoterreno.com\/wp-content\/uploads\/2020\/03\/CACHORROS-TODOTERRENO-CURSO-PARA-PROFESIONALES-LIBROS-BANNER-1.png","width":820,"height":312},{"@type":"BreadcrumbList","@id":"https:\/\/cachorrostodoterreno.com\/index.php\/libros-de-cachorros\/#breadcrumb","itemListElement":[{"@type":"ListItem","position":1,"name":"Home","item":"https:\/\/cachorrostodoterreno.com\/"},{"@type":"ListItem","position":2,"name":"Libros de cachorros"}]},{"@type":"WebSite","@id":"https:\/\/cachorrostodoterreno.com\/#website","url":"https:\/\/cachorrostodoterreno.com\/","name":"Cachorros TODOTERRENO","description":"","potentialAction":[{"@type":"SearchAction","target":{"@type":"EntryPoint","urlTemplate":"https:\/\/cachorrostodoterreno.com\/?s={search_term_string}"},"query-input":"required name=search_term_string"}],"inLanguage":"es"}]}},"_links":{"self":[{"href":"https:\/\/cachorrostodoterreno.com\/index.php\/wp-json\/wp\/v2\/pages\/768","targetHints":{"allow":["GET"]}}],"collection":[{"href":"https:\/\/cachorrostodoterreno.com\/index.php\/wp-json\/wp\/v2\/pages"}],"about":[{"href":"https:\/\/cachorrostodoterreno.com\/index.php\/wp-json\/wp\/v2\/types\/page"}],"author":[{"embeddable":true,"href":"https:\/\/cachorrostodoterreno.com\/index.php\/wp-json\/wp\/v2\/users\/1"}],"replies":[{"embeddable":true,"href":"https:\/\/cachorrostodoterreno.com\/index.php\/wp-json\/wp\/v2\/comments?post=768"}],"version-history":[{"count":10,"href":"https:\/\/cachorrostodoterreno.com\/index.php\/wp-json\/wp\/v2\/pages\/768\/revisions"}],"predecessor-version":[{"id":1243,"href":"https:\/\/cachorrostodoterreno.com\/index.php\/wp-json\/wp\/v2\/pages\/768\/revisions\/1243"}],"wp:featuredmedia":[{"embeddable":true,"href":"https:\/\/cachorrostodoterreno.com\/index.php\/wp-json\/wp\/v2\/media\/1170"}],"wp:attachment":[{"href":"https:\/\/cachorrostodoterreno.com\/index.php\/wp-json\/wp\/v2\/media?parent=768"}],"curies":[{"name":"wp","href":"https:\/\/api.w.org\/{rel}","templated":true}]}}