{"id":398,"date":"2019-09-14T20:57:13","date_gmt":"2019-09-14T20:57:13","guid":{"rendered":"http:\/\/cachorrostodoterreno.com\/?page_id=398"},"modified":"2020-11-17T10:36:02","modified_gmt":"2020-11-17T10:36:02","slug":"efecto-team","status":"publish","type":"page","link":"https:\/\/cachorrostodoterreno.com\/index.php\/efecto-team\/","title":{"rendered":"Efecto TEAM"},"content":{"rendered":"\t\t<div data-elementor-type=\"wp-post\" data-elementor-id=\"398\" class=\"elementor elementor-398\">\n\t\t\t\t\t\t<section class=\"elementor-section elementor-top-section elementor-element elementor-element-54fad9c elementor-section-boxed elementor-section-height-default elementor-section-height-default\" data-id=\"54fad9c\" data-element_type=\"section\">\n\t\t\t\t\t\t<div class=\"elementor-container elementor-column-gap-default\">\n\t\t\t\t\t<div class=\"elementor-column elementor-col-100 elementor-top-column elementor-element elementor-element-b7db403\" data-id=\"b7db403\" data-element_type=\"column\">\n\t\t\t<div class=\"elementor-widget-wrap elementor-element-populated\">\n\t\t\t\t\t\t<div class=\"elementor-element elementor-element-0164f94 elementor-widget elementor-widget-image\" data-id=\"0164f94\" data-element_type=\"widget\" data-widget_type=\"image.default\">\n\t\t\t\t<div class=\"elementor-widget-container\">\n\t\t\t\t\t\t\t\t\t\t\t\t\t<img fetchpriority=\"high\" decoding=\"async\" width=\"750\" height=\"285\" src=\"https:\/\/cachorrostodoterreno.com\/wp-content\/uploads\/2020\/11\/CACHORROS-TODOTERRENO-EFECTO-TEAM.png\" class=\"attachment-large size-large wp-image-1415\" alt=\"\" srcset=\"https:\/\/cachorrostodoterreno.com\/wp-content\/uploads\/2020\/11\/CACHORROS-TODOTERRENO-EFECTO-TEAM.png 820w, https:\/\/cachorrostodoterreno.com\/wp-content\/uploads\/2020\/11\/CACHORROS-TODOTERRENO-EFECTO-TEAM-300x114.png 300w, https:\/\/cachorrostodoterreno.com\/wp-content\/uploads\/2020\/11\/CACHORROS-TODOTERRENO-EFECTO-TEAM-768x292.png 768w, https:\/\/cachorrostodoterreno.com\/wp-content\/uploads\/2020\/11\/CACHORROS-TODOTERRENO-EFECTO-TEAM-16x6.png 16w, https:\/\/cachorrostodoterreno.com\/wp-content\/uploads\/2020\/11\/CACHORROS-TODOTERRENO-EFECTO-TEAM-50x19.png 50w, https:\/\/cachorrostodoterreno.com\/wp-content\/uploads\/2020\/11\/CACHORROS-TODOTERRENO-EFECTO-TEAM-600x228.png 600w\" sizes=\"(max-width: 750px) 100vw, 750px\" \/>\t\t\t\t\t\t\t\t\t\t\t\t\t<\/div>\n\t\t\t\t<\/div>\n\t\t\t\t\t<\/div>\n\t\t<\/div>\n\t\t\t\t\t<\/div>\n\t\t<\/section>\n\t\t\t\t<section class=\"elementor-section elementor-top-section elementor-element elementor-element-413b378 elementor-section-boxed elementor-section-height-default elementor-section-height-default\" data-id=\"413b378\" data-element_type=\"section\">\n\t\t\t\t\t\t<div class=\"elementor-container elementor-column-gap-default\">\n\t\t\t\t\t<div class=\"elementor-column elementor-col-100 elementor-top-column elementor-element elementor-element-916db42\" data-id=\"916db42\" data-element_type=\"column\">\n\t\t\t<div class=\"elementor-widget-wrap elementor-element-populated\">\n\t\t\t\t\t\t<div class=\"elementor-element elementor-element-c765ca2 elementor-widget elementor-widget-text-editor\" data-id=\"c765ca2\" data-element_type=\"widget\" data-widget_type=\"text-editor.default\">\n\t\t\t\t<div class=\"elementor-widget-container\">\n\t\t\t\t\t\t\t<p style=\"font-size: 14px; text-align: justify;\"><span style=\"text-decoration: underline;\">\u00bfQU\u00c9 ES ESTO DEL PROGRAMA&nbsp;<em><strong>EFECTO TEAM<\/strong><\/em><span style=\"color: #555555; font-size: 12px; text-align: center; text-decoration: underline;\">?<\/span><\/span><\/p>\n<p style=\"font-size: 14px; text-align: justify;\">Es un <i><b>programa de socializaci\u00f3n para cachorros.<\/b><\/i><\/p>\n<p style=\"font-size: 14px; text-align: justify;\">Los&nbsp;<span style=\"font-weight: bold;\"><i>ANTONIO\u00b4S, <\/i><\/span><i>as\u00ed es como los llamo desde hace muchos a\u00f1os<\/i> (en la actualidad, la manada la componen 6 n\u00f3rdicos de entre 8 y 16 a\u00f1os, junto a GALLETA y SCOTT, los jovenzuelos y en\u00e9rgicos del equipo).&nbsp; Todos ellos, <i><b>forman la base de nuestro concepto de educaci\u00f3n.&nbsp;<\/b><\/i><\/p>\n<p style=\"font-size: 14px; text-align: justify;\">Con estos \u00abloc@s y ya menos trastos amigos\u00bb socializamos a los cachorros que vienen a nuestro Centro <a href=\"http:\/\/www.hundevakten.com\" target=\"_blank\" rel=\"noopener\" style=\"background-color: #ffffff;\">HundeVakten<\/a>, tanto a la guarder\u00eda como los cachorros de las distintas protectoras con las que colaboramos. Ellos son, <i><b>el ejemplo a seguir para&nbsp; todos los cachorros que vienen al programa y al Centro.<\/b><\/i><\/p>\n<p style=\"font-size: 14px; text-align: justify;\">Han sido socializados y sociabilizados con todo tipo de perros, situaciones y lugares a lo largo de toda su vida, por lo que puedo decir muy orgulloso y con letras may\u00fasculas&#8230;<i style=\"font-weight: bold;\">&nbsp;son perros equilibrados. PERROS TODOTERRENO <\/i>como as\u00ed llama Patricia Guerrero, de&nbsp;<a href=\"http:\/\/www.pateducadoracanina.com\" target=\"_blank\" style=\"background-color: #ffffff;\" rel=\"noopener\">PAT EDUCADORA CANINA<\/a>&nbsp; a todos los perros que se adaptan a todas las situaciones del ser humano.&nbsp;<\/p>\n<p style=\"font-size: 14px; text-align: justify;\"><span style=\"text-decoration: underline;\"><em>\u00bfy cu\u00e1l es la ventaja de venir al programa de socializaci\u00f3n EFECTO TEAM&nbsp; y no al parque o a un pipican?<\/em><\/span><\/p>\n<p>En esta etapa del perro, hay que tener mucho cuidado con las experiencias negativas, y en ambos sitios no puedes controlar que tipo de perros hay y c\u00f3mo actuar\u00e1n con el cachorro. Como os coment\u00e9 en la secci\u00f3n de su presentaci\u00f3n <a href=\"https:\/\/cachorrostodoterreno.com\/index.php\/el-equipo\/\">(EL EQUIPO)<\/a> son perros equilibrados con buena comunicaci\u00f3n y que les ense\u00f1ar\u00e1 a comunicarse correctamente con los de su especie.<\/p>\n<p style=\"font-size: 14px; text-align: justify;\">\u00bfQuieres venir un d\u00eda a conocer al TEAM junto a tu cachorro? Estaremos encantados de conocerte.<\/p>\t\t\t\t\t\t<\/div>\n\t\t\t\t<\/div>\n\t\t\t\t<div class=\"elementor-element elementor-element-3da9ad8 elementor-widget elementor-widget-image\" data-id=\"3da9ad8\" data-element_type=\"widget\" data-widget_type=\"image.default\">\n\t\t\t\t<div class=\"elementor-widget-container\">\n\t\t\t\t\t\t\t\t\t\t\t\t\t<img decoding=\"async\" width=\"750\" height=\"285\" src=\"https:\/\/cachorrostodoterreno.com\/wp-content\/uploads\/2020\/11\/CAHORROS-TODOTERRENO-PRECIOS-DIA-SOCIALIZACION.png\" class=\"attachment-large size-large wp-image-1419\" alt=\"\" srcset=\"https:\/\/cachorrostodoterreno.com\/wp-content\/uploads\/2020\/11\/CAHORROS-TODOTERRENO-PRECIOS-DIA-SOCIALIZACION.png 820w, https:\/\/cachorrostodoterreno.com\/wp-content\/uploads\/2020\/11\/CAHORROS-TODOTERRENO-PRECIOS-DIA-SOCIALIZACION-300x114.png 300w, https:\/\/cachorrostodoterreno.com\/wp-content\/uploads\/2020\/11\/CAHORROS-TODOTERRENO-PRECIOS-DIA-SOCIALIZACION-768x292.png 768w, https:\/\/cachorrostodoterreno.com\/wp-content\/uploads\/2020\/11\/CAHORROS-TODOTERRENO-PRECIOS-DIA-SOCIALIZACION-16x6.png 16w, https:\/\/cachorrostodoterreno.com\/wp-content\/uploads\/2020\/11\/CAHORROS-TODOTERRENO-PRECIOS-DIA-SOCIALIZACION-50x19.png 50w, https:\/\/cachorrostodoterreno.com\/wp-content\/uploads\/2020\/11\/CAHORROS-TODOTERRENO-PRECIOS-DIA-SOCIALIZACION-600x228.png 600w\" sizes=\"(max-width: 750px) 100vw, 750px\" \/>\t\t\t\t\t\t\t\t\t\t\t\t\t<\/div>\n\t\t\t\t<\/div>\n\t\t\t\t\t<\/div>\n\t\t<\/div>\n\t\t\t\t\t<\/div>\n\t\t<\/section>\n\t\t\t\t<section class=\"elementor-section elementor-top-section elementor-element elementor-element-85d352a elementor-section-boxed elementor-section-height-default elementor-section-height-default\" data-id=\"85d352a\" data-element_type=\"section\">\n\t\t\t\t\t\t<div class=\"elementor-container elementor-column-gap-default\">\n\t\t\t\t\t<div class=\"elementor-column elementor-col-100 elementor-top-column elementor-element elementor-element-3a9ca49\" data-id=\"3a9ca49\" data-element_type=\"column\">\n\t\t\t<div class=\"elementor-widget-wrap elementor-element-populated\">\n\t\t\t\t\t\t<div class=\"elementor-element elementor-element-ab87422 elementor-widget elementor-widget-text-editor\" data-id=\"ab87422\" data-element_type=\"widget\" data-widget_type=\"text-editor.default\">\n\t\t\t\t<div class=\"elementor-widget-container\">\n\t\t\t\t\t\t\t<p><span style=\"text-align: justify;\">ahh! Es de visita obligada la web de Patricia Guerrero, mi sensei, mi amiga, la gran mentora de este nuestro proyecto, a trav\u00e9s del\u00a0<\/span><a href=\"https:\/\/www.instagram.com\/buque_piracan\/\" target=\"_blank\" style=\"background-color: #ffffff; transition-property: all; text-align: justify;\" rel=\"noopener\">Buque Pirac\u00e1n<\/a><span style=\"text-align: justify;\">. Es\u00a0 a ella, durante uno de los paseos del primer retiro de doga, se le ocurri\u00f3 CACHORROS TODOTERRENO.\u00a0<\/span><\/p><p><span style=\"text-align: justify;\">Gracias por tu apoyo y por ser como eres.<\/span><\/p>\t\t\t\t\t\t<\/div>\n\t\t\t\t<\/div>\n\t\t\t\t\t<\/div>\n\t\t<\/div>\n\t\t\t\t\t<\/div>\n\t\t<\/section>\n\t\t\t\t<\/div>\n\t\t","protected":false},"excerpt":{"rendered":"<p>\u00bfQU\u00c9 ES ESTO DEL PROGRAMA&nbsp;EFECTO TEAM? Es un programa de socializaci\u00f3n para cachorros. Los&nbsp;ANTONIO\u00b4S, as\u00ed es como los llamo desde hace muchos a\u00f1os (en la actualidad, la manada la componen 6 n\u00f3rdicos de entre 8 y 16 a\u00f1os, junto a GALLETA y SCOTT, los jovenzuelos y en\u00e9rgicos del equipo).&nbsp; Todos [&hellip;]<\/p>\n","protected":false},"author":1,"featured_media":885,"parent":0,"menu_order":0,"comment_status":"closed","ping_status":"closed","template":"","meta":{"_joinchat":[],"footnotes":""},"class_list":["post-398","page","type-page","status-publish","has-post-thumbnail","hentry"],"yoast_head":"<!-- This site is optimized with the Yoast SEO plugin v22.2 - https:\/\/yoast.com\/wordpress\/plugins\/seo\/ -->\n<title>Efecto TEAM - Cachorros TODOTERRENO<\/title>\n<meta name=\"robots\" content=\"index, follow, max-snippet:-1, max-image-preview:large, max-video-preview:-1\" \/>\n<link rel=\"canonical\" href=\"https:\/\/cachorrostodoterreno.com\/index.php\/efecto-team\/\" \/>\n<meta property=\"og:locale\" content=\"es_ES\" \/>\n<meta property=\"og:type\" content=\"article\" \/>\n<meta property=\"og:title\" content=\"Efecto TEAM - Cachorros TODOTERRENO\" \/>\n<meta property=\"og:description\" content=\"\u00bfQU\u00c9 ES ESTO DEL PROGRAMA&nbsp;EFECTO TEAM? Es un programa de socializaci\u00f3n para cachorros. Los&nbsp;ANTONIO\u00b4S, as\u00ed es como los llamo desde hace muchos a\u00f1os (en la actualidad, la manada la componen 6 n\u00f3rdicos de entre 8 y 16 a\u00f1os, junto a GALLETA y SCOTT, los jovenzuelos y en\u00e9rgicos del equipo).&nbsp; Todos [&hellip;]\" \/>\n<meta property=\"og:url\" content=\"https:\/\/cachorrostodoterreno.com\/index.php\/efecto-team\/\" \/>\n<meta property=\"og:site_name\" content=\"Cachorros TODOTERRENO\" \/>\n<meta property=\"article:modified_time\" content=\"2020-11-17T10:36:02+00:00\" \/>\n<meta property=\"og:image\" content=\"https:\/\/cachorrostodoterreno.com\/wp-content\/uploads\/2020\/03\/CACHORROS-TODOTERRENO-EFECTO-MANADA-1.png\" \/>\n\t<meta property=\"og:image:width\" content=\"820\" \/>\n\t<meta property=\"og:image:height\" content=\"312\" \/>\n\t<meta property=\"og:image:type\" content=\"image\/png\" \/>\n<meta name=\"twitter:card\" content=\"summary_large_image\" \/>\n<meta name=\"twitter:label1\" content=\"Tiempo de lectura\" \/>\n\t<meta name=\"twitter:data1\" content=\"2 minutos\" \/>\n<script type=\"application\/ld+json\" class=\"yoast-schema-graph\">{\"@context\":\"https:\/\/schema.org\",\"@graph\":[{\"@type\":\"WebPage\",\"@id\":\"https:\/\/cachorrostodoterreno.com\/index.php\/efecto-team\/\",\"url\":\"https:\/\/cachorrostodoterreno.com\/index.php\/efecto-team\/\",\"name\":\"Efecto TEAM - Cachorros TODOTERRENO\",\"isPartOf\":{\"@id\":\"https:\/\/cachorrostodoterreno.com\/#website\"},\"primaryImageOfPage\":{\"@id\":\"https:\/\/cachorrostodoterreno.com\/index.php\/efecto-team\/#primaryimage\"},\"image\":{\"@id\":\"https:\/\/cachorrostodoterreno.com\/index.php\/efecto-team\/#primaryimage\"},\"thumbnailUrl\":\"https:\/\/cachorrostodoterreno.com\/wp-content\/uploads\/2020\/03\/CACHORROS-TODOTERRENO-EFECTO-MANADA-1.png\",\"datePublished\":\"2019-09-14T20:57:13+00:00\",\"dateModified\":\"2020-11-17T10:36:02+00:00\",\"breadcrumb\":{\"@id\":\"https:\/\/cachorrostodoterreno.com\/index.php\/efecto-team\/#breadcrumb\"},\"inLanguage\":\"es\",\"potentialAction\":[{\"@type\":\"ReadAction\",\"target\":[\"https:\/\/cachorrostodoterreno.com\/index.php\/efecto-team\/\"]}]},{\"@type\":\"ImageObject\",\"inLanguage\":\"es\",\"@id\":\"https:\/\/cachorrostodoterreno.com\/index.php\/efecto-team\/#primaryimage\",\"url\":\"https:\/\/cachorrostodoterreno.com\/wp-content\/uploads\/2020\/03\/CACHORROS-TODOTERRENO-EFECTO-MANADA-1.png\",\"contentUrl\":\"https:\/\/cachorrostodoterreno.com\/wp-content\/uploads\/2020\/03\/CACHORROS-TODOTERRENO-EFECTO-MANADA-1.png\",\"width\":820,\"height\":312},{\"@type\":\"BreadcrumbList\",\"@id\":\"https:\/\/cachorrostodoterreno.com\/index.php\/efecto-team\/#breadcrumb\",\"itemListElement\":[{\"@type\":\"ListItem\",\"position\":1,\"name\":\"Home\",\"item\":\"https:\/\/cachorrostodoterreno.com\/\"},{\"@type\":\"ListItem\",\"position\":2,\"name\":\"Efecto TEAM\"}]},{\"@type\":\"WebSite\",\"@id\":\"https:\/\/cachorrostodoterreno.com\/#website\",\"url\":\"https:\/\/cachorrostodoterreno.com\/\",\"name\":\"Cachorros TODOTERRENO\",\"description\":\"\",\"potentialAction\":[{\"@type\":\"SearchAction\",\"target\":{\"@type\":\"EntryPoint\",\"urlTemplate\":\"https:\/\/cachorrostodoterreno.com\/?s={search_term_string}\"},\"query-input\":\"required name=search_term_string\"}],\"inLanguage\":\"es\"}]}<\/script>\n<!-- \/ Yoast SEO plugin. -->","yoast_head_json":{"title":"Efecto TEAM - Cachorros TODOTERRENO","robots":{"index":"index","follow":"follow","max-snippet":"max-snippet:-1","max-image-preview":"max-image-preview:large","max-video-preview":"max-video-preview:-1"},"canonical":"https:\/\/cachorrostodoterreno.com\/index.php\/efecto-team\/","og_locale":"es_ES","og_type":"article","og_title":"Efecto TEAM - Cachorros TODOTERRENO","og_description":"\u00bfQU\u00c9 ES ESTO DEL PROGRAMA&nbsp;EFECTO TEAM? Es un programa de socializaci\u00f3n para cachorros. Los&nbsp;ANTONIO\u00b4S, as\u00ed es como los llamo desde hace muchos a\u00f1os (en la actualidad, la manada la componen 6 n\u00f3rdicos de entre 8 y 16 a\u00f1os, junto a GALLETA y SCOTT, los jovenzuelos y en\u00e9rgicos del equipo).&nbsp; Todos [&hellip;]","og_url":"https:\/\/cachorrostodoterreno.com\/index.php\/efecto-team\/","og_site_name":"Cachorros TODOTERRENO","article_modified_time":"2020-11-17T10:36:02+00:00","og_image":[{"width":820,"height":312,"url":"https:\/\/cachorrostodoterreno.com\/wp-content\/uploads\/2020\/03\/CACHORROS-TODOTERRENO-EFECTO-MANADA-1.png","type":"image\/png"}],"twitter_card":"summary_large_image","twitter_misc":{"Tiempo de lectura":"2 minutos"},"schema":{"@context":"https:\/\/schema.org","@graph":[{"@type":"WebPage","@id":"https:\/\/cachorrostodoterreno.com\/index.php\/efecto-team\/","url":"https:\/\/cachorrostodoterreno.com\/index.php\/efecto-team\/","name":"Efecto TEAM - Cachorros TODOTERRENO","isPartOf":{"@id":"https:\/\/cachorrostodoterreno.com\/#website"},"primaryImageOfPage":{"@id":"https:\/\/cachorrostodoterreno.com\/index.php\/efecto-team\/#primaryimage"},"image":{"@id":"https:\/\/cachorrostodoterreno.com\/index.php\/efecto-team\/#primaryimage"},"thumbnailUrl":"https:\/\/cachorrostodoterreno.com\/wp-content\/uploads\/2020\/03\/CACHORROS-TODOTERRENO-EFECTO-MANADA-1.png","datePublished":"2019-09-14T20:57:13+00:00","dateModified":"2020-11-17T10:36:02+00:00","breadcrumb":{"@id":"https:\/\/cachorrostodoterreno.com\/index.php\/efecto-team\/#breadcrumb"},"inLanguage":"es","potentialAction":[{"@type":"ReadAction","target":["https:\/\/cachorrostodoterreno.com\/index.php\/efecto-team\/"]}]},{"@type":"ImageObject","inLanguage":"es","@id":"https:\/\/cachorrostodoterreno.com\/index.php\/efecto-team\/#primaryimage","url":"https:\/\/cachorrostodoterreno.com\/wp-content\/uploads\/2020\/03\/CACHORROS-TODOTERRENO-EFECTO-MANADA-1.png","contentUrl":"https:\/\/cachorrostodoterreno.com\/wp-content\/uploads\/2020\/03\/CACHORROS-TODOTERRENO-EFECTO-MANADA-1.png","width":820,"height":312},{"@type":"BreadcrumbList","@id":"https:\/\/cachorrostodoterreno.com\/index.php\/efecto-team\/#breadcrumb","itemListElement":[{"@type":"ListItem","position":1,"name":"Home","item":"https:\/\/cachorrostodoterreno.com\/"},{"@type":"ListItem","position":2,"name":"Efecto TEAM"}]},{"@type":"WebSite","@id":"https:\/\/cachorrostodoterreno.com\/#website","url":"https:\/\/cachorrostodoterreno.com\/","name":"Cachorros TODOTERRENO","description":"","potentialAction":[{"@type":"SearchAction","target":{"@type":"EntryPoint","urlTemplate":"https:\/\/cachorrostodoterreno.com\/?s={search_term_string}"},"query-input":"required name=search_term_string"}],"inLanguage":"es"}]}},"_links":{"self":[{"href":"https:\/\/cachorrostodoterreno.com\/index.php\/wp-json\/wp\/v2\/pages\/398","targetHints":{"allow":["GET"]}}],"collection":[{"href":"https:\/\/cachorrostodoterreno.com\/index.php\/wp-json\/wp\/v2\/pages"}],"about":[{"href":"https:\/\/cachorrostodoterreno.com\/index.php\/wp-json\/wp\/v2\/types\/page"}],"author":[{"embeddable":true,"href":"https:\/\/cachorrostodoterreno.com\/index.php\/wp-json\/wp\/v2\/users\/1"}],"replies":[{"embeddable":true,"href":"https:\/\/cachorrostodoterreno.com\/index.php\/wp-json\/wp\/v2\/comments?post=398"}],"version-history":[{"count":33,"href":"https:\/\/cachorrostodoterreno.com\/index.php\/wp-json\/wp\/v2\/pages\/398\/revisions"}],"predecessor-version":[{"id":1423,"href":"https:\/\/cachorrostodoterreno.com\/index.php\/wp-json\/wp\/v2\/pages\/398\/revisions\/1423"}],"wp:featuredmedia":[{"embeddable":true,"href":"https:\/\/cachorrostodoterreno.com\/index.php\/wp-json\/wp\/v2\/media\/885"}],"wp:attachment":[{"href":"https:\/\/cachorrostodoterreno.com\/index.php\/wp-json\/wp\/v2\/media?parent=398"}],"curies":[{"name":"wp","href":"https:\/\/api.w.org\/{rel}","templated":true}]}}