{"id":352,"date":"2019-08-04T12:49:59","date_gmt":"2019-08-04T12:49:59","guid":{"rendered":"http:\/\/cachorrostodoterreno.com\/?page_id=352"},"modified":"2020-03-23T15:32:12","modified_gmt":"2020-03-23T15:32:12","slug":"doga","status":"publish","type":"page","link":"https:\/\/cachorrostodoterreno.com\/index.php\/doga\/","title":{"rendered":"DOGA\u00ae"},"content":{"rendered":"\t\t<div data-elementor-type=\"wp-post\" data-elementor-id=\"352\" class=\"elementor elementor-352\">\n\t\t\t\t\t\t<section class=\"elementor-section elementor-top-section elementor-element elementor-element-18d88d9 elementor-section-boxed elementor-section-height-default elementor-section-height-default\" data-id=\"18d88d9\" data-element_type=\"section\">\n\t\t\t\t\t\t<div class=\"elementor-container elementor-column-gap-default\">\n\t\t\t\t\t<div class=\"elementor-column elementor-col-100 elementor-top-column elementor-element elementor-element-51b8820\" data-id=\"51b8820\" data-element_type=\"column\">\n\t\t\t<div class=\"elementor-widget-wrap elementor-element-populated\">\n\t\t\t\t\t\t<div class=\"elementor-element elementor-element-0db2bc6 elementor-widget elementor-widget-image\" data-id=\"0db2bc6\" data-element_type=\"widget\" data-widget_type=\"image.default\">\n\t\t\t\t<div class=\"elementor-widget-container\">\n\t\t\t\t\t\t\t\t\t\t\t\t\t<img fetchpriority=\"high\" decoding=\"async\" width=\"750\" height=\"285\" src=\"https:\/\/cachorrostodoterreno.com\/wp-content\/uploads\/2020\/03\/CACHORROS-TODOTERRENO-PRACTICA-DOGA-4.png\" class=\"attachment-large size-large wp-image-1163\" alt=\"\" srcset=\"https:\/\/cachorrostodoterreno.com\/wp-content\/uploads\/2020\/03\/CACHORROS-TODOTERRENO-PRACTICA-DOGA-4.png 820w, https:\/\/cachorrostodoterreno.com\/wp-content\/uploads\/2020\/03\/CACHORROS-TODOTERRENO-PRACTICA-DOGA-4-300x114.png 300w, https:\/\/cachorrostodoterreno.com\/wp-content\/uploads\/2020\/03\/CACHORROS-TODOTERRENO-PRACTICA-DOGA-4-768x292.png 768w, https:\/\/cachorrostodoterreno.com\/wp-content\/uploads\/2020\/03\/CACHORROS-TODOTERRENO-PRACTICA-DOGA-4-50x19.png 50w, https:\/\/cachorrostodoterreno.com\/wp-content\/uploads\/2020\/03\/CACHORROS-TODOTERRENO-PRACTICA-DOGA-4-600x228.png 600w\" sizes=\"(max-width: 750px) 100vw, 750px\" \/>\t\t\t\t\t\t\t\t\t\t\t\t\t<\/div>\n\t\t\t\t<\/div>\n\t\t\t\t\t<\/div>\n\t\t<\/div>\n\t\t\t\t\t<\/div>\n\t\t<\/section>\n\t\t\t\t<section class=\"elementor-section elementor-top-section elementor-element elementor-element-0138df1 elementor-section-boxed elementor-section-height-default elementor-section-height-default\" data-id=\"0138df1\" data-element_type=\"section\">\n\t\t\t\t\t\t<div class=\"elementor-container elementor-column-gap-default\">\n\t\t\t\t\t<div class=\"elementor-column elementor-col-100 elementor-top-column elementor-element elementor-element-16bf2ef\" data-id=\"16bf2ef\" data-element_type=\"column\">\n\t\t\t<div class=\"elementor-widget-wrap elementor-element-populated\">\n\t\t\t\t\t\t<div class=\"elementor-element elementor-element-d771338 elementor-widget elementor-widget-text-editor\" data-id=\"d771338\" data-element_type=\"widget\" data-widget_type=\"text-editor.default\">\n\t\t\t\t<div class=\"elementor-widget-container\">\n\t\t\t\t\t\t\t<p style=\"font-size: 14px;\">Y de que mejor manera de descubrir nuestro&nbsp;<b><i>DOGA<\/i><\/b><span style=\"color: #222222; font-family: arial, sans-serif; font-size: 16px;\">\u00ae<\/span><span style=\"font-size: inherit; color: #ffde59;\"><b><i>&nbsp;( yoga + perro)<\/i><\/b>&nbsp;<\/span><span style=\"font-size: inherit;\">que con Patricia Guerrero de&nbsp;<\/span><a href=\"http:\/\/www.pateducadoracanina.com\/\" target=\"_blank\" rel=\"noopener\" style=\"background-color: #ffffff; transition-property: all; font-size: inherit;\">PAT Educadora Canina<\/a>&nbsp;y su equipo, en el que tengo el gustazo de pertenecer.<\/p>\n<p style=\"font-size: 14px;\">Aqu\u00ed os dejo sus enlaces de Instagram, para que los conozc\u00e1is a tod@s:<\/p>\n<div style=\"-webkit-font-smoothing: antialiased; margin: 0px; padding: 0px; border: 0px; font-variant-numeric: inherit; font-variant-east-asian: inherit; font-stretch: inherit; font-size: 15px; line-height: inherit; font-family: 'Segoe UI', 'Segoe UI Web (West European)', 'Segoe UI', -apple-system, BlinkMacSystemFont, Roboto, 'Helvetica Neue', sans-serif; vertical-align: baseline; color: #201f1e;\">Nuestro DOGA.&nbsp; @nuestrodoga<\/div>\n<div style=\"-webkit-font-smoothing: antialiased; margin: 0px; padding: 0px; border: 0px; font-variant-numeric: inherit; font-variant-east-asian: inherit; font-stretch: inherit; font-size: 15px; line-height: inherit; font-family: 'Segoe UI', 'Segoe UI Web (West European)', 'Segoe UI', -apple-system, BlinkMacSystemFont, Roboto, 'Helvetica Neue', sans-serif; vertical-align: baseline; color: #201f1e;\">Equipazo:<\/div>\n<div style=\"-webkit-font-smoothing: antialiased; margin: 0px; padding: 0px; border: 0px; font-variant-numeric: inherit; font-variant-east-asian: inherit; font-stretch: inherit; font-size: 15px; line-height: inherit; font-family: 'Segoe UI', 'Segoe UI Web (West European)', 'Segoe UI', -apple-system, BlinkMacSystemFont, Roboto, 'Helvetica Neue', sans-serif; vertical-align: baseline; color: #201f1e;\">@pateducadoracanina&nbsp;<\/div>\n<div style=\"-webkit-font-smoothing: antialiased; margin: 0px; padding: 0px; border: 0px; font-variant-numeric: inherit; font-variant-east-asian: inherit; font-stretch: inherit; font-size: 15px; line-height: inherit; font-family: 'Segoe UI', 'Segoe UI Web (West European)', 'Segoe UI', -apple-system, BlinkMacSystemFont, Roboto, 'Helvetica Neue', sans-serif; vertical-align: baseline; color: #201f1e;\">@vida_natural_animal&nbsp;<\/div>\n<div style=\"-webkit-font-smoothing: antialiased; margin: 0px; padding: 0px; border: 0px; font-variant-numeric: inherit; font-variant-east-asian: inherit; font-stretch: inherit; font-size: 15px; line-height: inherit; font-family: 'Segoe UI', 'Segoe UI Web (West European)', 'Segoe UI', -apple-system, BlinkMacSystemFont, Roboto, 'Helvetica Neue', sans-serif; vertical-align: baseline; color: #201f1e;\">@rumbocanino&nbsp;<\/div>\n<div style=\"-webkit-font-smoothing: antialiased; margin: 0px; padding: 0px; border: 0px; font-variant-numeric: inherit; font-variant-east-asian: inherit; font-stretch: inherit; font-size: 15px; line-height: inherit; font-family: 'Segoe UI', 'Segoe UI Web (West European)', 'Segoe UI', -apple-system, BlinkMacSystemFont, Roboto, 'Helvetica Neue', sans-serif; vertical-align: baseline; color: #201f1e;\">@querotecan&nbsp;<\/div>\n<div style=\"-webkit-font-smoothing: antialiased; margin: 0px; padding: 0px; border: 0px; font-variant-numeric: inherit; font-variant-east-asian: inherit; font-stretch: inherit; font-size: 15px; line-height: inherit; font-family: 'Segoe UI', 'Segoe UI Web (West European)', 'Segoe UI', -apple-system, BlinkMacSystemFont, Roboto, 'Helvetica Neue', sans-serif; vertical-align: baseline; color: #201f1e;\">@ofeliacanectados&nbsp;<\/div>\n<div style=\"-webkit-font-smoothing: antialiased; margin: 0px; padding: 0px; border: 0px; font-variant-numeric: inherit; font-variant-east-asian: inherit; font-stretch: inherit; font-size: 15px; line-height: inherit; font-family: 'Segoe UI', 'Segoe UI Web (West European)', 'Segoe UI', -apple-system, BlinkMacSystemFont, Roboto, 'Helvetica Neue', sans-serif; vertical-align: baseline; color: #201f1e;\">@itcan_therapydogs&nbsp;<\/div>\n<div style=\"-webkit-font-smoothing: antialiased; margin: 0px; padding: 0px; border: 0px; font-variant-numeric: inherit; font-variant-east-asian: inherit; font-stretch: inherit; font-size: 15px; line-height: inherit; font-family: 'Segoe UI', 'Segoe UI Web (West European)', 'Segoe UI', -apple-system, BlinkMacSystemFont, Roboto, 'Helvetica Neue', sans-serif; vertical-align: baseline; color: #201f1e;\">@comoconociavuestroperro&nbsp;<\/div>\n<div style=\"-webkit-font-smoothing: antialiased; margin: 0px; padding: 0px; border: 0px; font-variant-numeric: inherit; font-variant-east-asian: inherit; font-stretch: inherit; font-size: 15px; line-height: inherit; font-family: 'Segoe UI', 'Segoe UI Web (West European)', 'Segoe UI', -apple-system, BlinkMacSystemFont, Roboto, 'Helvetica Neue', sans-serif; vertical-align: baseline; color: #201f1e;\">@breocan&nbsp;<\/div>\n<div style=\"-webkit-font-smoothing: antialiased; margin: 0px; padding: 0px; border: 0px; font-variant-numeric: inherit; font-variant-east-asian: inherit; font-stretch: inherit; font-size: 15px; line-height: inherit; font-family: 'Segoe UI', 'Segoe UI Web (West European)', 'Segoe UI', -apple-system, BlinkMacSystemFont, Roboto, 'Helvetica Neue', sans-serif; vertical-align: baseline; color: #201f1e;\">@angelesymusa&nbsp;<\/div>\n<div style=\"-webkit-font-smoothing: antialiased; margin: 0px; padding: 0px; border: 0px; font-variant-numeric: inherit; font-variant-east-asian: inherit; font-stretch: inherit; font-size: 15px; line-height: inherit; font-family: 'Segoe UI', 'Segoe UI Web (West European)', 'Segoe UI', -apple-system, BlinkMacSystemFont, Roboto, 'Helvetica Neue', sans-serif; vertical-align: baseline; color: #201f1e;\">@k9dog_academy&nbsp;<\/div>\n<div style=\"-webkit-font-smoothing: antialiased; margin: 0px; padding: 0px; border: 0px; font-variant-numeric: inherit; font-variant-east-asian: inherit; font-stretch: inherit; font-size: 15px; line-height: inherit; font-family: 'Segoe UI', 'Segoe UI Web (West European)', 'Segoe UI', -apple-system, BlinkMacSystemFont, Roboto, 'Helvetica Neue', sans-serif; vertical-align: baseline; color: #201f1e;\">@silviayadin&nbsp;<\/div>\n<div style=\"-webkit-font-smoothing: antialiased; margin: 0px; padding: 0px; border: 0px; font-variant-numeric: inherit; font-variant-east-asian: inherit; font-stretch: inherit; font-size: 15px; line-height: inherit; font-family: 'Segoe UI', 'Segoe UI Web (West European)', 'Segoe UI', -apple-system, BlinkMacSystemFont, Roboto, 'Helvetica Neue', sans-serif; vertical-align: baseline; color: #201f1e;\">@mihuellacanina&nbsp;<\/div>\n<div style=\"-webkit-font-smoothing: antialiased; margin: 0px; padding: 0px; border: 0px; font-variant-numeric: inherit; font-variant-east-asian: inherit; font-stretch: inherit; font-size: 15px; line-height: inherit; font-family: 'Segoe UI', 'Segoe UI Web (West European)', 'Segoe UI', -apple-system, BlinkMacSystemFont, Roboto, 'Helvetica Neue', sans-serif; vertical-align: baseline; color: #201f1e;\">@dunaclubcanino<\/div>\n<div style=\"-webkit-font-smoothing: antialiased; margin: 0px; padding: 0px; border: 0px; font-variant-numeric: inherit; font-variant-east-asian: inherit; font-stretch: inherit; font-size: 15px; line-height: inherit; font-family: 'Segoe UI', 'Segoe UI Web (West European)', 'Segoe UI', -apple-system, BlinkMacSystemFont, Roboto, 'Helvetica Neue', sans-serif; vertical-align: baseline; color: #201f1e;\">@lidiacapitancan&nbsp;<\/div>\n<div style=\"-webkit-font-smoothing: antialiased; margin: 0px; padding: 0px; border: 0px; font-variant-numeric: inherit; font-variant-east-asian: inherit; font-stretch: inherit; font-size: 15px; line-height: inherit; font-family: 'Segoe UI', 'Segoe UI Web (West European)', 'Segoe UI', -apple-system, BlinkMacSystemFont, Roboto, 'Helvetica Neue', sans-serif; vertical-align: baseline; color: #201f1e;\">@clubcaninobaucan<br>@cachorrostodoterreno (un servidor)&nbsp;<img decoding=\"async\" draggable=\"false\" alt=\"\ud83d\ude09\" src=\"https:\/\/s.w.org\/images\/core\/emoji\/12.0.0-1\/svg\/1f609.svg\" style=\"background-color: #ffffff; background-image: none !important;\" width=\"19\" height=\"19\" class=\"\"><\/div>\t\t\t\t\t\t<\/div>\n\t\t\t\t<\/div>\n\t\t\t\t\t<\/div>\n\t\t<\/div>\n\t\t\t\t\t<\/div>\n\t\t<\/section>\n\t\t\t\t<section class=\"elementor-section elementor-top-section elementor-element elementor-element-e68e7cb elementor-section-boxed elementor-section-height-default elementor-section-height-default\" data-id=\"e68e7cb\" data-element_type=\"section\">\n\t\t\t\t\t\t<div class=\"elementor-container elementor-column-gap-default\">\n\t\t\t\t\t<div class=\"elementor-column elementor-col-100 elementor-top-column elementor-element elementor-element-067d7d2\" data-id=\"067d7d2\" data-element_type=\"column\">\n\t\t\t<div class=\"elementor-widget-wrap elementor-element-populated\">\n\t\t\t\t\t\t<div class=\"elementor-element elementor-element-f24267b elementor-widget elementor-widget-text-editor\" data-id=\"f24267b\" data-element_type=\"widget\" data-widget_type=\"text-editor.default\">\n\t\t\t\t<div class=\"elementor-widget-container\">\n\t\t\t\t\t\t\t<p>C\u00f3mo os pod\u00e9is imaginar, yo me centrar\u00e9 en\u00a0<i><b>Doga para Cachorros.<\/b><\/i><\/p><p>Si quieres mejorar el v\u00ednculo con tu perro y de todos lo beneficios que te puede aportar a ti y a tu perro, ya sea cachorro, adulto o veterano de guerra (as\u00ed llamo a los perros abueletes), no dudes en solicitar informaci\u00f3n y\u00a0 de nuestras clases semanales.<i><b><br \/><\/b><\/i><\/p><p>Adem\u00e1s, en nuestros\u00a0<a href=\"https:\/\/cachorrostodoterreno.com\/index.php\/dogscouts\/\" target=\"_blank\" rel=\"noopener\">paseos de socializaci\u00f3n &#8211; DOGSCOUTS,\u00a0<\/a>aprovecharemos en una de las paradas, para realizar una pr\u00e1ctica de Doga con tod@s los participantes.\u00a0<span style=\"color: #ffde59; text-decoration: none;\"><\/span><\/p><p><\/p>\t\t\t\t\t\t<\/div>\n\t\t\t\t<\/div>\n\t\t\t\t\t<\/div>\n\t\t<\/div>\n\t\t\t\t\t<\/div>\n\t\t<\/section>\n\t\t\t\t<section class=\"elementor-section elementor-top-section elementor-element elementor-element-25fb005 elementor-section-boxed elementor-section-height-default elementor-section-height-default\" data-id=\"25fb005\" data-element_type=\"section\">\n\t\t\t\t\t\t<div class=\"elementor-container elementor-column-gap-default\">\n\t\t\t\t\t<div class=\"elementor-column elementor-col-100 elementor-top-column elementor-element elementor-element-462205f\" data-id=\"462205f\" data-element_type=\"column\">\n\t\t\t<div class=\"elementor-widget-wrap elementor-element-populated\">\n\t\t\t\t\t\t<div class=\"elementor-element elementor-element-e41e119 elementor-widget elementor-widget-image\" data-id=\"e41e119\" data-element_type=\"widget\" data-widget_type=\"image.default\">\n\t\t\t\t<div class=\"elementor-widget-container\">\n\t\t\t\t\t\t\t\t\t\t\t\t\t\t<a href=\"https:\/\/pateducadoracanina.com\/category\/entrena-con-tu-perro\/doga\/\" target=\"_blank\">\n\t\t\t\t\t\t\t<img decoding=\"async\" width=\"750\" height=\"285\" src=\"https:\/\/cachorrostodoterreno.com\/wp-content\/uploads\/2020\/03\/HUNDEVAKTEN-DESCUBRE-EL-DOGA.png\" class=\"attachment-large size-large wp-image-1159\" alt=\"\" srcset=\"https:\/\/cachorrostodoterreno.com\/wp-content\/uploads\/2020\/03\/HUNDEVAKTEN-DESCUBRE-EL-DOGA.png 820w, https:\/\/cachorrostodoterreno.com\/wp-content\/uploads\/2020\/03\/HUNDEVAKTEN-DESCUBRE-EL-DOGA-300x114.png 300w, https:\/\/cachorrostodoterreno.com\/wp-content\/uploads\/2020\/03\/HUNDEVAKTEN-DESCUBRE-EL-DOGA-768x292.png 768w, https:\/\/cachorrostodoterreno.com\/wp-content\/uploads\/2020\/03\/HUNDEVAKTEN-DESCUBRE-EL-DOGA-50x19.png 50w, https:\/\/cachorrostodoterreno.com\/wp-content\/uploads\/2020\/03\/HUNDEVAKTEN-DESCUBRE-EL-DOGA-600x228.png 600w\" sizes=\"(max-width: 750px) 100vw, 750px\" \/>\t\t\t\t\t\t\t\t<\/a>\n\t\t\t\t\t\t\t\t\t\t\t\t\t<\/div>\n\t\t\t\t<\/div>\n\t\t\t\t\t<\/div>\n\t\t<\/div>\n\t\t\t\t\t<\/div>\n\t\t<\/section>\n\t\t\t\t<section class=\"elementor-section elementor-top-section elementor-element elementor-element-eed8a62 elementor-section-boxed elementor-section-height-default elementor-section-height-default\" data-id=\"eed8a62\" data-element_type=\"section\">\n\t\t\t\t\t\t<div class=\"elementor-container elementor-column-gap-default\">\n\t\t\t\t\t<div class=\"elementor-column elementor-col-100 elementor-top-column elementor-element elementor-element-c17ff9b\" data-id=\"c17ff9b\" data-element_type=\"column\">\n\t\t\t<div class=\"elementor-widget-wrap elementor-element-populated\">\n\t\t\t\t\t\t<div class=\"elementor-element elementor-element-3f83cc2 elementor-widget elementor-widget-image\" data-id=\"3f83cc2\" data-element_type=\"widget\" data-widget_type=\"image.default\">\n\t\t\t\t<div class=\"elementor-widget-container\">\n\t\t\t\t\t\t\t\t\t\t\t\t\t\t<a href=\"https:\/\/pateducadoracanina.com\/podcast-que-es-doga\/\" target=\"_blank\">\n\t\t\t\t\t\t\t<img loading=\"lazy\" decoding=\"async\" width=\"750\" height=\"422\" src=\"https:\/\/cachorrostodoterreno.com\/wp-content\/uploads\/2019\/09\/DOGA-QUE-ES-FOTO-PAT-EDUCADORA-CANINA-1024x576.png\" class=\"attachment-large size-large wp-image-388\" alt=\"\" srcset=\"https:\/\/cachorrostodoterreno.com\/wp-content\/uploads\/2019\/09\/DOGA-QUE-ES-FOTO-PAT-EDUCADORA-CANINA-1024x576.png 1024w, https:\/\/cachorrostodoterreno.com\/wp-content\/uploads\/2019\/09\/DOGA-QUE-ES-FOTO-PAT-EDUCADORA-CANINA-300x169.png 300w, https:\/\/cachorrostodoterreno.com\/wp-content\/uploads\/2019\/09\/DOGA-QUE-ES-FOTO-PAT-EDUCADORA-CANINA-768x432.png 768w, https:\/\/cachorrostodoterreno.com\/wp-content\/uploads\/2019\/09\/DOGA-QUE-ES-FOTO-PAT-EDUCADORA-CANINA-50x28.png 50w, https:\/\/cachorrostodoterreno.com\/wp-content\/uploads\/2019\/09\/DOGA-QUE-ES-FOTO-PAT-EDUCADORA-CANINA-600x338.png 600w, https:\/\/cachorrostodoterreno.com\/wp-content\/uploads\/2019\/09\/DOGA-QUE-ES-FOTO-PAT-EDUCADORA-CANINA.png 1920w\" sizes=\"(max-width: 750px) 100vw, 750px\" \/>\t\t\t\t\t\t\t\t<\/a>\n\t\t\t\t\t\t\t\t\t\t\t\t\t<\/div>\n\t\t\t\t<\/div>\n\t\t\t\t\t<\/div>\n\t\t<\/div>\n\t\t\t\t\t<\/div>\n\t\t<\/section>\n\t\t\t\t<\/div>\n\t\t","protected":false},"excerpt":{"rendered":"<p>Y de que mejor manera de descubrir nuestro&nbsp;DOGA\u00ae&nbsp;( yoga + perro)&nbsp;que con Patricia Guerrero de&nbsp;PAT Educadora Canina&nbsp;y su equipo, en el que tengo el gustazo de pertenecer. Aqu\u00ed os dejo sus enlaces de Instagram, para que los conozc\u00e1is a tod@s: Nuestro DOGA.&nbsp; @nuestrodoga Equipazo: @pateducadoracanina&nbsp; @vida_natural_animal&nbsp; @rumbocanino&nbsp; @querotecan&nbsp; @ofeliacanectados&nbsp; @itcan_therapydogs&nbsp; [&hellip;]<\/p>\n","protected":false},"author":1,"featured_media":1161,"parent":0,"menu_order":0,"comment_status":"closed","ping_status":"closed","template":"","meta":{"_joinchat":[],"footnotes":""},"class_list":["post-352","page","type-page","status-publish","has-post-thumbnail","hentry"],"yoast_head":"<!-- This site is optimized with the Yoast SEO plugin v22.2 - https:\/\/yoast.com\/wordpress\/plugins\/seo\/ -->\n<title>DOGA\u00ae - Cachorros TODOTERRENO<\/title>\n<meta name=\"robots\" content=\"index, follow, max-snippet:-1, max-image-preview:large, max-video-preview:-1\" \/>\n<link rel=\"canonical\" href=\"https:\/\/cachorrostodoterreno.com\/index.php\/doga\/\" \/>\n<meta property=\"og:locale\" content=\"es_ES\" \/>\n<meta property=\"og:type\" content=\"article\" \/>\n<meta property=\"og:title\" content=\"DOGA\u00ae - Cachorros TODOTERRENO\" \/>\n<meta property=\"og:description\" content=\"Y de que mejor manera de descubrir nuestro&nbsp;DOGA\u00ae&nbsp;( yoga + perro)&nbsp;que con Patricia Guerrero de&nbsp;PAT Educadora Canina&nbsp;y su equipo, en el que tengo el gustazo de pertenecer. Aqu\u00ed os dejo sus enlaces de Instagram, para que los conozc\u00e1is a tod@s: Nuestro DOGA.&nbsp; @nuestrodoga Equipazo: @pateducadoracanina&nbsp; @vida_natural_animal&nbsp; @rumbocanino&nbsp; @querotecan&nbsp; @ofeliacanectados&nbsp; @itcan_therapydogs&nbsp; [&hellip;]\" \/>\n<meta property=\"og:url\" content=\"https:\/\/cachorrostodoterreno.com\/index.php\/doga\/\" \/>\n<meta property=\"og:site_name\" content=\"Cachorros TODOTERRENO\" \/>\n<meta property=\"article:modified_time\" content=\"2020-03-23T15:32:12+00:00\" \/>\n<meta property=\"og:image\" content=\"https:\/\/cachorrostodoterreno.com\/wp-content\/uploads\/2020\/03\/CACHORROS-TODOTERRENO-ELEVA-EL-VINCULO-CON-TU-CACHORRO.png\" \/>\n\t<meta property=\"og:image:width\" content=\"820\" \/>\n\t<meta property=\"og:image:height\" content=\"312\" \/>\n\t<meta property=\"og:image:type\" content=\"image\/png\" \/>\n<meta name=\"twitter:card\" content=\"summary_large_image\" \/>\n<meta name=\"twitter:label1\" content=\"Tiempo de lectura\" \/>\n\t<meta name=\"twitter:data1\" content=\"1 minuto\" \/>\n<script type=\"application\/ld+json\" class=\"yoast-schema-graph\">{\"@context\":\"https:\/\/schema.org\",\"@graph\":[{\"@type\":\"WebPage\",\"@id\":\"https:\/\/cachorrostodoterreno.com\/index.php\/doga\/\",\"url\":\"https:\/\/cachorrostodoterreno.com\/index.php\/doga\/\",\"name\":\"DOGA\u00ae - Cachorros TODOTERRENO\",\"isPartOf\":{\"@id\":\"https:\/\/cachorrostodoterreno.com\/#website\"},\"primaryImageOfPage\":{\"@id\":\"https:\/\/cachorrostodoterreno.com\/index.php\/doga\/#primaryimage\"},\"image\":{\"@id\":\"https:\/\/cachorrostodoterreno.com\/index.php\/doga\/#primaryimage\"},\"thumbnailUrl\":\"https:\/\/cachorrostodoterreno.com\/wp-content\/uploads\/2020\/03\/CACHORROS-TODOTERRENO-ELEVA-EL-VINCULO-CON-TU-CACHORRO.png\",\"datePublished\":\"2019-08-04T12:49:59+00:00\",\"dateModified\":\"2020-03-23T15:32:12+00:00\",\"breadcrumb\":{\"@id\":\"https:\/\/cachorrostodoterreno.com\/index.php\/doga\/#breadcrumb\"},\"inLanguage\":\"es\",\"potentialAction\":[{\"@type\":\"ReadAction\",\"target\":[\"https:\/\/cachorrostodoterreno.com\/index.php\/doga\/\"]}]},{\"@type\":\"ImageObject\",\"inLanguage\":\"es\",\"@id\":\"https:\/\/cachorrostodoterreno.com\/index.php\/doga\/#primaryimage\",\"url\":\"https:\/\/cachorrostodoterreno.com\/wp-content\/uploads\/2020\/03\/CACHORROS-TODOTERRENO-ELEVA-EL-VINCULO-CON-TU-CACHORRO.png\",\"contentUrl\":\"https:\/\/cachorrostodoterreno.com\/wp-content\/uploads\/2020\/03\/CACHORROS-TODOTERRENO-ELEVA-EL-VINCULO-CON-TU-CACHORRO.png\",\"width\":820,\"height\":312},{\"@type\":\"BreadcrumbList\",\"@id\":\"https:\/\/cachorrostodoterreno.com\/index.php\/doga\/#breadcrumb\",\"itemListElement\":[{\"@type\":\"ListItem\",\"position\":1,\"name\":\"Home\",\"item\":\"https:\/\/cachorrostodoterreno.com\/\"},{\"@type\":\"ListItem\",\"position\":2,\"name\":\"DOGA\u00ae\"}]},{\"@type\":\"WebSite\",\"@id\":\"https:\/\/cachorrostodoterreno.com\/#website\",\"url\":\"https:\/\/cachorrostodoterreno.com\/\",\"name\":\"Cachorros TODOTERRENO\",\"description\":\"\",\"potentialAction\":[{\"@type\":\"SearchAction\",\"target\":{\"@type\":\"EntryPoint\",\"urlTemplate\":\"https:\/\/cachorrostodoterreno.com\/?s={search_term_string}\"},\"query-input\":\"required name=search_term_string\"}],\"inLanguage\":\"es\"}]}<\/script>\n<!-- \/ Yoast SEO plugin. -->","yoast_head_json":{"title":"DOGA\u00ae - Cachorros TODOTERRENO","robots":{"index":"index","follow":"follow","max-snippet":"max-snippet:-1","max-image-preview":"max-image-preview:large","max-video-preview":"max-video-preview:-1"},"canonical":"https:\/\/cachorrostodoterreno.com\/index.php\/doga\/","og_locale":"es_ES","og_type":"article","og_title":"DOGA\u00ae - Cachorros TODOTERRENO","og_description":"Y de que mejor manera de descubrir nuestro&nbsp;DOGA\u00ae&nbsp;( yoga + perro)&nbsp;que con Patricia Guerrero de&nbsp;PAT Educadora Canina&nbsp;y su equipo, en el que tengo el gustazo de pertenecer. Aqu\u00ed os dejo sus enlaces de Instagram, para que los conozc\u00e1is a tod@s: Nuestro DOGA.&nbsp; @nuestrodoga Equipazo: @pateducadoracanina&nbsp; @vida_natural_animal&nbsp; @rumbocanino&nbsp; @querotecan&nbsp; @ofeliacanectados&nbsp; @itcan_therapydogs&nbsp; [&hellip;]","og_url":"https:\/\/cachorrostodoterreno.com\/index.php\/doga\/","og_site_name":"Cachorros TODOTERRENO","article_modified_time":"2020-03-23T15:32:12+00:00","og_image":[{"width":820,"height":312,"url":"https:\/\/cachorrostodoterreno.com\/wp-content\/uploads\/2020\/03\/CACHORROS-TODOTERRENO-ELEVA-EL-VINCULO-CON-TU-CACHORRO.png","type":"image\/png"}],"twitter_card":"summary_large_image","twitter_misc":{"Tiempo de lectura":"1 minuto"},"schema":{"@context":"https:\/\/schema.org","@graph":[{"@type":"WebPage","@id":"https:\/\/cachorrostodoterreno.com\/index.php\/doga\/","url":"https:\/\/cachorrostodoterreno.com\/index.php\/doga\/","name":"DOGA\u00ae - Cachorros TODOTERRENO","isPartOf":{"@id":"https:\/\/cachorrostodoterreno.com\/#website"},"primaryImageOfPage":{"@id":"https:\/\/cachorrostodoterreno.com\/index.php\/doga\/#primaryimage"},"image":{"@id":"https:\/\/cachorrostodoterreno.com\/index.php\/doga\/#primaryimage"},"thumbnailUrl":"https:\/\/cachorrostodoterreno.com\/wp-content\/uploads\/2020\/03\/CACHORROS-TODOTERRENO-ELEVA-EL-VINCULO-CON-TU-CACHORRO.png","datePublished":"2019-08-04T12:49:59+00:00","dateModified":"2020-03-23T15:32:12+00:00","breadcrumb":{"@id":"https:\/\/cachorrostodoterreno.com\/index.php\/doga\/#breadcrumb"},"inLanguage":"es","potentialAction":[{"@type":"ReadAction","target":["https:\/\/cachorrostodoterreno.com\/index.php\/doga\/"]}]},{"@type":"ImageObject","inLanguage":"es","@id":"https:\/\/cachorrostodoterreno.com\/index.php\/doga\/#primaryimage","url":"https:\/\/cachorrostodoterreno.com\/wp-content\/uploads\/2020\/03\/CACHORROS-TODOTERRENO-ELEVA-EL-VINCULO-CON-TU-CACHORRO.png","contentUrl":"https:\/\/cachorrostodoterreno.com\/wp-content\/uploads\/2020\/03\/CACHORROS-TODOTERRENO-ELEVA-EL-VINCULO-CON-TU-CACHORRO.png","width":820,"height":312},{"@type":"BreadcrumbList","@id":"https:\/\/cachorrostodoterreno.com\/index.php\/doga\/#breadcrumb","itemListElement":[{"@type":"ListItem","position":1,"name":"Home","item":"https:\/\/cachorrostodoterreno.com\/"},{"@type":"ListItem","position":2,"name":"DOGA\u00ae"}]},{"@type":"WebSite","@id":"https:\/\/cachorrostodoterreno.com\/#website","url":"https:\/\/cachorrostodoterreno.com\/","name":"Cachorros TODOTERRENO","description":"","potentialAction":[{"@type":"SearchAction","target":{"@type":"EntryPoint","urlTemplate":"https:\/\/cachorrostodoterreno.com\/?s={search_term_string}"},"query-input":"required name=search_term_string"}],"inLanguage":"es"}]}},"_links":{"self":[{"href":"https:\/\/cachorrostodoterreno.com\/index.php\/wp-json\/wp\/v2\/pages\/352","targetHints":{"allow":["GET"]}}],"collection":[{"href":"https:\/\/cachorrostodoterreno.com\/index.php\/wp-json\/wp\/v2\/pages"}],"about":[{"href":"https:\/\/cachorrostodoterreno.com\/index.php\/wp-json\/wp\/v2\/types\/page"}],"author":[{"embeddable":true,"href":"https:\/\/cachorrostodoterreno.com\/index.php\/wp-json\/wp\/v2\/users\/1"}],"replies":[{"embeddable":true,"href":"https:\/\/cachorrostodoterreno.com\/index.php\/wp-json\/wp\/v2\/comments?post=352"}],"version-history":[{"count":32,"href":"https:\/\/cachorrostodoterreno.com\/index.php\/wp-json\/wp\/v2\/pages\/352\/revisions"}],"predecessor-version":[{"id":1575,"href":"https:\/\/cachorrostodoterreno.com\/index.php\/wp-json\/wp\/v2\/pages\/352\/revisions\/1575"}],"wp:featuredmedia":[{"embeddable":true,"href":"https:\/\/cachorrostodoterreno.com\/index.php\/wp-json\/wp\/v2\/media\/1161"}],"wp:attachment":[{"href":"https:\/\/cachorrostodoterreno.com\/index.php\/wp-json\/wp\/v2\/media?parent=352"}],"curies":[{"name":"wp","href":"https:\/\/api.w.org\/{rel}","templated":true}]}}