{"id":33,"date":"2019-04-05T06:51:23","date_gmt":"2019-04-05T06:51:23","guid":{"rendered":"http:\/\/cachorrostodoterreno.com\/?page_id=33"},"modified":"2020-11-17T11:27:21","modified_gmt":"2020-11-17T11:27:21","slug":"sobremi","status":"publish","type":"page","link":"https:\/\/cachorrostodoterreno.com\/index.php\/sobremi\/","title":{"rendered":"sobre mi"},"content":{"rendered":"\t\t<div data-elementor-type=\"wp-post\" data-elementor-id=\"33\" class=\"elementor elementor-33\">\n\t\t\t\t\t\t<section class=\"elementor-section elementor-top-section elementor-element elementor-element-5cd72ec elementor-section-boxed elementor-section-height-default elementor-section-height-default\" data-id=\"5cd72ec\" data-element_type=\"section\">\n\t\t\t\t\t\t<div class=\"elementor-container elementor-column-gap-default\">\n\t\t\t\t\t<div class=\"elementor-column elementor-col-100 elementor-top-column elementor-element elementor-element-2daf1a5\" data-id=\"2daf1a5\" data-element_type=\"column\">\n\t\t\t<div class=\"elementor-widget-wrap elementor-element-populated\">\n\t\t\t\t\t\t<div class=\"elementor-element elementor-element-4a8a0ee elementor-widget elementor-widget-image\" data-id=\"4a8a0ee\" data-element_type=\"widget\" data-widget_type=\"image.default\">\n\t\t\t\t<div class=\"elementor-widget-container\">\n\t\t\t\t\t\t\t\t\t\t\t\t\t<img fetchpriority=\"high\" decoding=\"async\" width=\"750\" height=\"285\" src=\"https:\/\/cachorrostodoterreno.com\/wp-content\/uploads\/2019\/04\/sobre-mi-con\u00f3ceme-un-poquito.png\" class=\"attachment-large size-large wp-image-65\" alt=\"\" srcset=\"https:\/\/cachorrostodoterreno.com\/wp-content\/uploads\/2019\/04\/sobre-mi-con\u00f3ceme-un-poquito.png 820w, https:\/\/cachorrostodoterreno.com\/wp-content\/uploads\/2019\/04\/sobre-mi-con\u00f3ceme-un-poquito-300x114.png 300w, https:\/\/cachorrostodoterreno.com\/wp-content\/uploads\/2019\/04\/sobre-mi-con\u00f3ceme-un-poquito-768x292.png 768w, https:\/\/cachorrostodoterreno.com\/wp-content\/uploads\/2019\/04\/sobre-mi-con\u00f3ceme-un-poquito-50x19.png 50w, https:\/\/cachorrostodoterreno.com\/wp-content\/uploads\/2019\/04\/sobre-mi-con\u00f3ceme-un-poquito-600x228.png 600w\" sizes=\"(max-width: 750px) 100vw, 750px\" \/>\t\t\t\t\t\t\t\t\t\t\t\t\t<\/div>\n\t\t\t\t<\/div>\n\t\t\t\t\t<\/div>\n\t\t<\/div>\n\t\t\t\t\t<\/div>\n\t\t<\/section>\n\t\t\t\t<section class=\"elementor-section elementor-top-section elementor-element elementor-element-54888b8 elementor-section-boxed elementor-section-height-default elementor-section-height-default\" data-id=\"54888b8\" data-element_type=\"section\">\n\t\t\t\t\t\t<div class=\"elementor-container elementor-column-gap-default\">\n\t\t\t\t\t<div class=\"elementor-column elementor-col-100 elementor-top-column elementor-element elementor-element-f826bf4\" data-id=\"f826bf4\" data-element_type=\"column\">\n\t\t\t<div class=\"elementor-widget-wrap elementor-element-populated\">\n\t\t\t\t\t\t<div class=\"elementor-element elementor-element-e1a784f elementor-widget elementor-widget-text-editor\" data-id=\"e1a784f\" data-element_type=\"widget\" data-widget_type=\"text-editor.default\">\n\t\t\t\t<div class=\"elementor-widget-container\">\n\t\t\t\t\t\t\t<p class=\"font_7\">Hola a tod@s,<\/p><p class=\"font_7\"><\/p><p class=\"font_7\">me llamo Jos\u00e9 Barcia, hoy da comienzo mi blog y con ello, mi nuevo rumbo, una nueva vida que deber\u00eda de haber tomado hace mucho tiempo, una vida la cual, es dedicarme profesionalmente a estos locos de cuatro patas llamados perros, y que s\u00e9, sin duda, es una de mis tres pasiones que me gratifican y satisfacen en la vida.<\/p><p class=\"font_7\"><\/p><p class=\"font_7\">Por circunstancias del destino, he tenido que elegir un camino que no quer\u00eda, un trabajo que no era el m\u00edo, una profesi\u00f3n que, aunque estaba muy a gusto, ning\u00fan d\u00eda me ha llenado completamente y ahora, es mi momento, ahora puedo elegir, ahora voy a trabajar por y para ellos, los perros.<\/p><p class=\"font_7\"><\/p><p class=\"font_7\">Desde que tengo uso de raz\u00f3n, e incluso antes, siempre he estado rodeado de estos bichejos. Todos los d\u00edas, voy a nuestro kennel para estar con los perretes, y sin darme cuenta, muchos de estos d\u00edas, me paso horas mir\u00e1ndoles, observando su actitud, su comportamiento, y sobre todo, aprendiendo.\u00a0 Si os fij\u00e1is bien, pod\u00e9is daros cuenta que sus gestos, sus posiciones y sus interacciones entre ejemplares de la misma especie e incluso con otras, os dar\u00e1n much\u00edsima informaci\u00f3n de lo que pueden llegar a pensar y hacer. ( Si, ellos si piensan, lo has le\u00eddo bien).<\/p><p class=\"font_7\"><\/p><p class=\"font_7\">Aunque casi toda mi vida laboral, ha sido en otro sector que no tiene nada que ver con los animales, a\u00f1os atr\u00e1s, he realizado cursos para formarme en el mundo del adiestramiento en los que se fundamentan b\u00e1sicamente, que el adiestrador\/gu\u00eda, tiene que ser el macho alfa, el macho dominante, el que manda a cualquier precio, en el que el perro tiene que hacer lo que uno le imponga, porque lo digo yo y punto. Tengo que reconocer que por motivos de estos cursos y de estas personas que nos hab\u00edan \u201cformado\u201d, estaba tremendamente equivocado. D\u00eda a d\u00eda voy aprendiendo cosas nuevas, inform\u00e1ndome e intercambiando opiniones y experiencias sobre el adiestramiento de base, educaci\u00f3n, sobre todo en el comportamiento animal, y me he dado cuenta, de que estos m\u00e9todos de adiestramiento no son id\u00f3neos. No hay que castigar ni pegar, sino REORIENTAR Y EDUCAR, este es el camino correcto y \u00fanico.<\/p><p class=\"font_7\"><\/p><p class=\"font_7\">Hace unos meses he terminado el curso de T\u00e9cnico Profesional en Psicolog\u00eda, Educaci\u00f3n y Adiestramiento Canino. Este curso me ha llamado la intenci\u00f3n al ver m\u00e1s all\u00e1 de ser un adiestrador dominante y nada comprensivo, teniendo en cuenta otros muchos factores, que s\u00f3lo el individuo en si. Y junto con el libro Al otro extremo de la correa de Patricia B. McConnel ( 100% recomendable) han sido los dos factores detonantes para tomar la decisi\u00f3n de enfocar mi camino a la especialidad de Terapeuta en el comportamiento animal.<\/p><p class=\"font_7\">Esta pr\u00f3xima semana comienzo \u00a0un curso superior en Etolog\u00eda, Psicolog\u00eda Comparada y Comportamiento Animal. Una vez finalizado \u00e9ste, seguir\u00e9 por ese camino.<\/p><p class=\"font_7\"><\/p><p class=\"font_7\">No quiero extenderme mucho m\u00e1s, dicen los blogueros entendidos en la materia de blogs con \u00e9xito, que la primera entrada tiene que tener alrededor de unas 1000 palabras. Si os digo la verdad, no me he puesto a contarlas, (seguro que alg\u00fan d\u00eda lo har\u00e9 por curiosidad). Seguro que habr\u00e1 alguna expresi\u00f3n rara, os pido mis disculpas, pero es que soy de la Asturias profunda, ahora \u201cafincado y arrejuntado\u201d en Madrid.<\/p><p class=\"font_7\">Para concluir, tengo que matizar que soy musher desde hace m\u00e1s de 15 a\u00f1os, tenemos 9 perretes de la raza Siberian Husky o derivados de los mismos, (raza la cual, no recomiendo para due\u00f1os primerizos, lo digo por muchos motivos en los que hablar\u00e9 m\u00e1s adelante).<\/p><p class=\"font_7\">En la actualidad, practicamos este deporte de bichos raros que nos subimos a un trineo o carro tirado por perros, el Mushing. Entrenamos con 8 perretes porque Se\u00f1a, el abuelo de 14 a\u00f1os, lleva en la jubilaci\u00f3n desde hace 3 temporadas.<\/p><p class=\"font_7\"><\/p>\t\t\t\t\t\t<\/div>\n\t\t\t\t<\/div>\n\t\t\t\t\t<\/div>\n\t\t<\/div>\n\t\t\t\t\t<\/div>\n\t\t<\/section>\n\t\t\t\t<section class=\"elementor-section elementor-top-section elementor-element elementor-element-535c5ac elementor-section-boxed elementor-section-height-default elementor-section-height-default\" data-id=\"535c5ac\" data-element_type=\"section\">\n\t\t\t\t\t\t<div class=\"elementor-container elementor-column-gap-default\">\n\t\t\t\t\t<div class=\"elementor-column elementor-col-100 elementor-top-column elementor-element elementor-element-dbc08f5\" data-id=\"dbc08f5\" data-element_type=\"column\">\n\t\t\t<div class=\"elementor-widget-wrap elementor-element-populated\">\n\t\t\t\t\t\t<div class=\"elementor-element elementor-element-2690166 elementor-widget elementor-widget-image\" data-id=\"2690166\" data-element_type=\"widget\" data-widget_type=\"image.default\">\n\t\t\t\t<div class=\"elementor-widget-container\">\n\t\t\t\t\t\t\t\t\t\t\t\t\t<img decoding=\"async\" width=\"750\" height=\"280\" src=\"https:\/\/cachorrostodoterreno.com\/wp-content\/uploads\/2019\/04\/FB_IMG_1451519038491.jpg\" class=\"attachment-large size-large wp-image-72\" alt=\"\" srcset=\"https:\/\/cachorrostodoterreno.com\/wp-content\/uploads\/2019\/04\/FB_IMG_1451519038491.jpg 960w, https:\/\/cachorrostodoterreno.com\/wp-content\/uploads\/2019\/04\/FB_IMG_1451519038491-300x112.jpg 300w, https:\/\/cachorrostodoterreno.com\/wp-content\/uploads\/2019\/04\/FB_IMG_1451519038491-768x287.jpg 768w, https:\/\/cachorrostodoterreno.com\/wp-content\/uploads\/2019\/04\/FB_IMG_1451519038491-50x19.jpg 50w, https:\/\/cachorrostodoterreno.com\/wp-content\/uploads\/2019\/04\/FB_IMG_1451519038491-600x224.jpg 600w\" sizes=\"(max-width: 750px) 100vw, 750px\" \/>\t\t\t\t\t\t\t\t\t\t\t\t\t<\/div>\n\t\t\t\t<\/div>\n\t\t\t\t\t<\/div>\n\t\t<\/div>\n\t\t\t\t\t<\/div>\n\t\t<\/section>\n\t\t\t\t<section class=\"elementor-section elementor-top-section elementor-element elementor-element-deddb1e elementor-section-boxed elementor-section-height-default elementor-section-height-default\" data-id=\"deddb1e\" data-element_type=\"section\">\n\t\t\t\t\t\t<div class=\"elementor-container elementor-column-gap-default\">\n\t\t\t\t\t<div class=\"elementor-column elementor-col-100 elementor-top-column elementor-element elementor-element-dd06018\" data-id=\"dd06018\" data-element_type=\"column\">\n\t\t\t<div class=\"elementor-widget-wrap elementor-element-populated\">\n\t\t\t\t\t\t<div class=\"elementor-element elementor-element-0f932a1 elementor-widget elementor-widget-text-editor\" data-id=\"0f932a1\" data-element_type=\"widget\" data-widget_type=\"text-editor.default\">\n\t\t\t\t<div class=\"elementor-widget-container\">\n\t\t\t\t\t\t\t<p class=\"font_7\">Y nada, espero que nos veamos pronto, prometo que nuestra primera entrada ser\u00e1&nbsp;m\u00e1s interesante que mi vida. Ya tenemos t\u00edtulo para ella:<\/p>\n<p class=\"font_7\">\u201cEsterilizar o no esterilizar, \u00e9sa es la cuesti\u00f3n. De William Shakespeare\u201d.<\/p>\n<p class=\"font_7\">\u00bfOs parece interesante? Estar atentos, creo que muchos de vosotros estar\u00e9is con este dilema como ha estado William Shakespeare.<\/p>\n<p class=\"font_7\">\n<\/p><p class=\"font_7\">Por \u00faltimo y no menos importante quiero agradecer y dedicar este blog a mi pareja, por apoyarme e insistirme en que siguiera mis sue\u00f1os, se que puedo llegar a ser un \u201cpel\u00edn\u201d cabez\u00f3n, pero al final s\u00f3lo puedo decirte dos cosas, ten\u00edas raz\u00f3n og jeg elsker deg. Tambi\u00e9n agradecer a ese pedazo de fot\u00f3grafo al cual le robar\u00e9 un mont\u00f3n de fotos para mi blog y redes sociales, la mayor\u00eda de ellas ser\u00e1n suyas, nunca he visto plasmar de tal forma a un animal. Su nombre es Fernando Trabanco, asturiano tambi\u00e9n de pura cepa.<\/p>\n<p class=\"font_7\">Si alg\u00fan d\u00eda ten\u00e9is cualquier pregunta, duda y simplemente quer\u00e9is intercambiar opiniones, no dudes en contactar por tel\u00e9fono o por cualquier red social, estar\u00e9 encantado de hablar con vosotros.<\/p>\n<p class=\"font_7\">\n<\/p><p class=\"font_7\">\n<\/p><p class=\"font_7\">Un fuerte abrazo a tod@s.<\/p>\t\t\t\t\t\t<\/div>\n\t\t\t\t<\/div>\n\t\t\t\t\t<\/div>\n\t\t<\/div>\n\t\t\t\t\t<\/div>\n\t\t<\/section>\n\t\t\t\t<\/div>\n\t\t","protected":false},"excerpt":{"rendered":"<p>Hola a tod@s, me llamo Jos\u00e9 Barcia, hoy da comienzo mi blog y con ello, mi nuevo rumbo, una nueva vida que deber\u00eda de haber tomado hace mucho tiempo, una vida la cual, es dedicarme profesionalmente a estos locos de cuatro patas llamados perros, y que s\u00e9, sin duda, es [&hellip;]<\/p>\n","protected":false},"author":1,"featured_media":101,"parent":0,"menu_order":0,"comment_status":"closed","ping_status":"closed","template":"","meta":{"_joinchat":[],"footnotes":""},"class_list":["post-33","page","type-page","status-publish","has-post-thumbnail","hentry"],"yoast_head":"<!-- This site is optimized with the Yoast SEO plugin v22.2 - https:\/\/yoast.com\/wordpress\/plugins\/seo\/ -->\n<title>sobre mi - Cachorros TODOTERRENO<\/title>\n<meta name=\"robots\" content=\"index, follow, max-snippet:-1, max-image-preview:large, max-video-preview:-1\" \/>\n<link rel=\"canonical\" href=\"https:\/\/cachorrostodoterreno.com\/index.php\/sobremi\/\" \/>\n<meta property=\"og:locale\" content=\"es_ES\" \/>\n<meta property=\"og:type\" content=\"article\" \/>\n<meta property=\"og:title\" content=\"sobre mi - Cachorros TODOTERRENO\" \/>\n<meta property=\"og:description\" content=\"Hola a tod@s, me llamo Jos\u00e9 Barcia, hoy da comienzo mi blog y con ello, mi nuevo rumbo, una nueva vida que deber\u00eda de haber tomado hace mucho tiempo, una vida la cual, es dedicarme profesionalmente a estos locos de cuatro patas llamados perros, y que s\u00e9, sin duda, es [&hellip;]\" \/>\n<meta property=\"og:url\" content=\"https:\/\/cachorrostodoterreno.com\/index.php\/sobremi\/\" \/>\n<meta property=\"og:site_name\" content=\"Cachorros TODOTERRENO\" \/>\n<meta property=\"article:modified_time\" content=\"2020-11-17T11:27:21+00:00\" \/>\n<meta property=\"og:image\" content=\"https:\/\/cachorrostodoterreno.com\/wp-content\/uploads\/2019\/04\/HUNDEVAKTEN-EQUIPO-PERROS.jpg\" \/>\n\t<meta property=\"og:image:width\" content=\"1137\" \/>\n\t<meta property=\"og:image:height\" content=\"640\" \/>\n\t<meta property=\"og:image:type\" content=\"image\/jpeg\" \/>\n<meta name=\"twitter:card\" content=\"summary_large_image\" \/>\n<meta name=\"twitter:label1\" content=\"Tiempo de lectura\" \/>\n\t<meta name=\"twitter:data1\" content=\"4 minutos\" \/>\n<script type=\"application\/ld+json\" class=\"yoast-schema-graph\">{\"@context\":\"https:\/\/schema.org\",\"@graph\":[{\"@type\":\"WebPage\",\"@id\":\"https:\/\/cachorrostodoterreno.com\/index.php\/sobremi\/\",\"url\":\"https:\/\/cachorrostodoterreno.com\/index.php\/sobremi\/\",\"name\":\"sobre mi - Cachorros TODOTERRENO\",\"isPartOf\":{\"@id\":\"https:\/\/cachorrostodoterreno.com\/#website\"},\"primaryImageOfPage\":{\"@id\":\"https:\/\/cachorrostodoterreno.com\/index.php\/sobremi\/#primaryimage\"},\"image\":{\"@id\":\"https:\/\/cachorrostodoterreno.com\/index.php\/sobremi\/#primaryimage\"},\"thumbnailUrl\":\"https:\/\/cachorrostodoterreno.com\/wp-content\/uploads\/2019\/04\/HUNDEVAKTEN-EQUIPO-PERROS.jpg\",\"datePublished\":\"2019-04-05T06:51:23+00:00\",\"dateModified\":\"2020-11-17T11:27:21+00:00\",\"breadcrumb\":{\"@id\":\"https:\/\/cachorrostodoterreno.com\/index.php\/sobremi\/#breadcrumb\"},\"inLanguage\":\"es\",\"potentialAction\":[{\"@type\":\"ReadAction\",\"target\":[\"https:\/\/cachorrostodoterreno.com\/index.php\/sobremi\/\"]}]},{\"@type\":\"ImageObject\",\"inLanguage\":\"es\",\"@id\":\"https:\/\/cachorrostodoterreno.com\/index.php\/sobremi\/#primaryimage\",\"url\":\"https:\/\/cachorrostodoterreno.com\/wp-content\/uploads\/2019\/04\/HUNDEVAKTEN-EQUIPO-PERROS.jpg\",\"contentUrl\":\"https:\/\/cachorrostodoterreno.com\/wp-content\/uploads\/2019\/04\/HUNDEVAKTEN-EQUIPO-PERROS.jpg\",\"width\":1137,\"height\":640},{\"@type\":\"BreadcrumbList\",\"@id\":\"https:\/\/cachorrostodoterreno.com\/index.php\/sobremi\/#breadcrumb\",\"itemListElement\":[{\"@type\":\"ListItem\",\"position\":1,\"name\":\"Home\",\"item\":\"https:\/\/cachorrostodoterreno.com\/\"},{\"@type\":\"ListItem\",\"position\":2,\"name\":\"sobre mi\"}]},{\"@type\":\"WebSite\",\"@id\":\"https:\/\/cachorrostodoterreno.com\/#website\",\"url\":\"https:\/\/cachorrostodoterreno.com\/\",\"name\":\"Cachorros TODOTERRENO\",\"description\":\"\",\"potentialAction\":[{\"@type\":\"SearchAction\",\"target\":{\"@type\":\"EntryPoint\",\"urlTemplate\":\"https:\/\/cachorrostodoterreno.com\/?s={search_term_string}\"},\"query-input\":\"required name=search_term_string\"}],\"inLanguage\":\"es\"}]}<\/script>\n<!-- \/ Yoast SEO plugin. -->","yoast_head_json":{"title":"sobre mi - Cachorros TODOTERRENO","robots":{"index":"index","follow":"follow","max-snippet":"max-snippet:-1","max-image-preview":"max-image-preview:large","max-video-preview":"max-video-preview:-1"},"canonical":"https:\/\/cachorrostodoterreno.com\/index.php\/sobremi\/","og_locale":"es_ES","og_type":"article","og_title":"sobre mi - Cachorros TODOTERRENO","og_description":"Hola a tod@s, me llamo Jos\u00e9 Barcia, hoy da comienzo mi blog y con ello, mi nuevo rumbo, una nueva vida que deber\u00eda de haber tomado hace mucho tiempo, una vida la cual, es dedicarme profesionalmente a estos locos de cuatro patas llamados perros, y que s\u00e9, sin duda, es [&hellip;]","og_url":"https:\/\/cachorrostodoterreno.com\/index.php\/sobremi\/","og_site_name":"Cachorros TODOTERRENO","article_modified_time":"2020-11-17T11:27:21+00:00","og_image":[{"width":1137,"height":640,"url":"https:\/\/cachorrostodoterreno.com\/wp-content\/uploads\/2019\/04\/HUNDEVAKTEN-EQUIPO-PERROS.jpg","type":"image\/jpeg"}],"twitter_card":"summary_large_image","twitter_misc":{"Tiempo de lectura":"4 minutos"},"schema":{"@context":"https:\/\/schema.org","@graph":[{"@type":"WebPage","@id":"https:\/\/cachorrostodoterreno.com\/index.php\/sobremi\/","url":"https:\/\/cachorrostodoterreno.com\/index.php\/sobremi\/","name":"sobre mi - Cachorros TODOTERRENO","isPartOf":{"@id":"https:\/\/cachorrostodoterreno.com\/#website"},"primaryImageOfPage":{"@id":"https:\/\/cachorrostodoterreno.com\/index.php\/sobremi\/#primaryimage"},"image":{"@id":"https:\/\/cachorrostodoterreno.com\/index.php\/sobremi\/#primaryimage"},"thumbnailUrl":"https:\/\/cachorrostodoterreno.com\/wp-content\/uploads\/2019\/04\/HUNDEVAKTEN-EQUIPO-PERROS.jpg","datePublished":"2019-04-05T06:51:23+00:00","dateModified":"2020-11-17T11:27:21+00:00","breadcrumb":{"@id":"https:\/\/cachorrostodoterreno.com\/index.php\/sobremi\/#breadcrumb"},"inLanguage":"es","potentialAction":[{"@type":"ReadAction","target":["https:\/\/cachorrostodoterreno.com\/index.php\/sobremi\/"]}]},{"@type":"ImageObject","inLanguage":"es","@id":"https:\/\/cachorrostodoterreno.com\/index.php\/sobremi\/#primaryimage","url":"https:\/\/cachorrostodoterreno.com\/wp-content\/uploads\/2019\/04\/HUNDEVAKTEN-EQUIPO-PERROS.jpg","contentUrl":"https:\/\/cachorrostodoterreno.com\/wp-content\/uploads\/2019\/04\/HUNDEVAKTEN-EQUIPO-PERROS.jpg","width":1137,"height":640},{"@type":"BreadcrumbList","@id":"https:\/\/cachorrostodoterreno.com\/index.php\/sobremi\/#breadcrumb","itemListElement":[{"@type":"ListItem","position":1,"name":"Home","item":"https:\/\/cachorrostodoterreno.com\/"},{"@type":"ListItem","position":2,"name":"sobre mi"}]},{"@type":"WebSite","@id":"https:\/\/cachorrostodoterreno.com\/#website","url":"https:\/\/cachorrostodoterreno.com\/","name":"Cachorros TODOTERRENO","description":"","potentialAction":[{"@type":"SearchAction","target":{"@type":"EntryPoint","urlTemplate":"https:\/\/cachorrostodoterreno.com\/?s={search_term_string}"},"query-input":"required name=search_term_string"}],"inLanguage":"es"}]}},"_links":{"self":[{"href":"https:\/\/cachorrostodoterreno.com\/index.php\/wp-json\/wp\/v2\/pages\/33","targetHints":{"allow":["GET"]}}],"collection":[{"href":"https:\/\/cachorrostodoterreno.com\/index.php\/wp-json\/wp\/v2\/pages"}],"about":[{"href":"https:\/\/cachorrostodoterreno.com\/index.php\/wp-json\/wp\/v2\/types\/page"}],"author":[{"embeddable":true,"href":"https:\/\/cachorrostodoterreno.com\/index.php\/wp-json\/wp\/v2\/users\/1"}],"replies":[{"embeddable":true,"href":"https:\/\/cachorrostodoterreno.com\/index.php\/wp-json\/wp\/v2\/comments?post=33"}],"version-history":[{"count":16,"href":"https:\/\/cachorrostodoterreno.com\/index.php\/wp-json\/wp\/v2\/pages\/33\/revisions"}],"predecessor-version":[{"id":1437,"href":"https:\/\/cachorrostodoterreno.com\/index.php\/wp-json\/wp\/v2\/pages\/33\/revisions\/1437"}],"wp:featuredmedia":[{"embeddable":true,"href":"https:\/\/cachorrostodoterreno.com\/index.php\/wp-json\/wp\/v2\/media\/101"}],"wp:attachment":[{"href":"https:\/\/cachorrostodoterreno.com\/index.php\/wp-json\/wp\/v2\/media?parent=33"}],"curies":[{"name":"wp","href":"https:\/\/api.w.org\/{rel}","templated":true}]}}