{"id":27,"date":"2019-04-05T06:51:23","date_gmt":"2019-04-05T06:51:23","guid":{"rendered":"http:\/\/cachorrostodoterreno.com\/?page_id=27"},"modified":"2020-11-17T11:24:44","modified_gmt":"2020-11-17T11:24:44","slug":"el-equipo","status":"publish","type":"page","link":"https:\/\/cachorrostodoterreno.com\/index.php\/el-equipo\/","title":{"rendered":"El Equipo"},"content":{"rendered":"\t\t<div data-elementor-type=\"wp-post\" data-elementor-id=\"27\" class=\"elementor elementor-27\">\n\t\t\t\t\t\t<section class=\"elementor-section elementor-top-section elementor-element elementor-element-4e6d257 elementor-section-boxed elementor-section-height-default elementor-section-height-default\" data-id=\"4e6d257\" data-element_type=\"section\">\n\t\t\t\t\t\t<div class=\"elementor-container elementor-column-gap-default\">\n\t\t\t\t\t<div class=\"elementor-column elementor-col-100 elementor-top-column elementor-element elementor-element-398607d\" data-id=\"398607d\" data-element_type=\"column\">\n\t\t\t<div class=\"elementor-widget-wrap elementor-element-populated\">\n\t\t\t\t\t\t<div class=\"elementor-element elementor-element-aa91f57 elementor-widget elementor-widget-image\" data-id=\"aa91f57\" data-element_type=\"widget\" data-widget_type=\"image.default\">\n\t\t\t\t<div class=\"elementor-widget-container\">\n\t\t\t\t\t\t\t\t\t\t\t\t\t<img fetchpriority=\"high\" decoding=\"async\" width=\"750\" height=\"285\" src=\"https:\/\/cachorrostodoterreno.com\/wp-content\/uploads\/2020\/03\/CACHORROS-TODOTERRENO-EL-EQUIPO-1.png\" class=\"attachment-large size-large wp-image-1167\" alt=\"\" srcset=\"https:\/\/cachorrostodoterreno.com\/wp-content\/uploads\/2020\/03\/CACHORROS-TODOTERRENO-EL-EQUIPO-1.png 820w, https:\/\/cachorrostodoterreno.com\/wp-content\/uploads\/2020\/03\/CACHORROS-TODOTERRENO-EL-EQUIPO-1-300x114.png 300w, https:\/\/cachorrostodoterreno.com\/wp-content\/uploads\/2020\/03\/CACHORROS-TODOTERRENO-EL-EQUIPO-1-768x292.png 768w, https:\/\/cachorrostodoterreno.com\/wp-content\/uploads\/2020\/03\/CACHORROS-TODOTERRENO-EL-EQUIPO-1-50x19.png 50w, https:\/\/cachorrostodoterreno.com\/wp-content\/uploads\/2020\/03\/CACHORROS-TODOTERRENO-EL-EQUIPO-1-600x228.png 600w\" sizes=\"(max-width: 750px) 100vw, 750px\" \/>\t\t\t\t\t\t\t\t\t\t\t\t\t<\/div>\n\t\t\t\t<\/div>\n\t\t\t\t\t<\/div>\n\t\t<\/div>\n\t\t\t\t\t<\/div>\n\t\t<\/section>\n\t\t\t\t<section class=\"elementor-section elementor-top-section elementor-element elementor-element-2fa6175 elementor-section-boxed elementor-section-height-default elementor-section-height-default\" data-id=\"2fa6175\" data-element_type=\"section\">\n\t\t\t\t\t\t<div class=\"elementor-container elementor-column-gap-default\">\n\t\t\t\t\t<div class=\"elementor-column elementor-col-100 elementor-top-column elementor-element elementor-element-3f0ee16\" data-id=\"3f0ee16\" data-element_type=\"column\">\n\t\t\t<div class=\"elementor-widget-wrap elementor-element-populated\">\n\t\t\t\t\t\t<div class=\"elementor-element elementor-element-41cb0ca elementor-widget elementor-widget-spacer\" data-id=\"41cb0ca\" data-element_type=\"widget\" data-widget_type=\"spacer.default\">\n\t\t\t\t<div class=\"elementor-widget-container\">\n\t\t\t\t\t<div class=\"elementor-spacer\">\n\t\t\t<div class=\"elementor-spacer-inner\"><\/div>\n\t\t<\/div>\n\t\t\t\t<\/div>\n\t\t\t\t<\/div>\n\t\t\t\t\t<\/div>\n\t\t<\/div>\n\t\t\t\t\t<\/div>\n\t\t<\/section>\n\t\t\t\t<section class=\"elementor-section elementor-top-section elementor-element elementor-element-3a59ed9 elementor-section-boxed elementor-section-height-default elementor-section-height-default\" data-id=\"3a59ed9\" data-element_type=\"section\">\n\t\t\t\t\t\t<div class=\"elementor-container elementor-column-gap-default\">\n\t\t\t\t\t<div class=\"elementor-column elementor-col-100 elementor-top-column elementor-element elementor-element-e77c76a\" data-id=\"e77c76a\" data-element_type=\"column\">\n\t\t\t<div class=\"elementor-widget-wrap elementor-element-populated\">\n\t\t\t\t\t\t<div class=\"elementor-element elementor-element-3accc0f elementor-widget elementor-widget-image\" data-id=\"3accc0f\" data-element_type=\"widget\" data-widget_type=\"image.default\">\n\t\t\t\t<div class=\"elementor-widget-container\">\n\t\t\t\t\t\t\t\t\t\t\t\t\t<img decoding=\"async\" width=\"750\" height=\"285\" src=\"https:\/\/cachorrostodoterreno.com\/wp-content\/uploads\/2020\/03\/CACHORROS-TODOTERRENO-EL-EQUIPO-LOS-ANTONIOS.png\" class=\"attachment-large size-large wp-image-659\" alt=\"\" srcset=\"https:\/\/cachorrostodoterreno.com\/wp-content\/uploads\/2020\/03\/CACHORROS-TODOTERRENO-EL-EQUIPO-LOS-ANTONIOS.png 820w, https:\/\/cachorrostodoterreno.com\/wp-content\/uploads\/2020\/03\/CACHORROS-TODOTERRENO-EL-EQUIPO-LOS-ANTONIOS-300x114.png 300w, https:\/\/cachorrostodoterreno.com\/wp-content\/uploads\/2020\/03\/CACHORROS-TODOTERRENO-EL-EQUIPO-LOS-ANTONIOS-768x292.png 768w, https:\/\/cachorrostodoterreno.com\/wp-content\/uploads\/2020\/03\/CACHORROS-TODOTERRENO-EL-EQUIPO-LOS-ANTONIOS-50x19.png 50w, https:\/\/cachorrostodoterreno.com\/wp-content\/uploads\/2020\/03\/CACHORROS-TODOTERRENO-EL-EQUIPO-LOS-ANTONIOS-600x228.png 600w\" sizes=\"(max-width: 750px) 100vw, 750px\" \/>\t\t\t\t\t\t\t\t\t\t\t\t\t<\/div>\n\t\t\t\t<\/div>\n\t\t\t\t\t<\/div>\n\t\t<\/div>\n\t\t\t\t\t<\/div>\n\t\t<\/section>\n\t\t\t\t<section class=\"elementor-section elementor-top-section elementor-element elementor-element-e12e643 elementor-section-boxed elementor-section-height-default elementor-section-height-default\" data-id=\"e12e643\" data-element_type=\"section\">\n\t\t\t\t\t\t<div class=\"elementor-container elementor-column-gap-default\">\n\t\t\t\t\t<div class=\"elementor-column elementor-col-100 elementor-top-column elementor-element elementor-element-363858f\" data-id=\"363858f\" data-element_type=\"column\">\n\t\t\t<div class=\"elementor-widget-wrap elementor-element-populated\">\n\t\t\t\t\t\t<div class=\"elementor-element elementor-element-cd75843 elementor-widget elementor-widget-text-editor\" data-id=\"cd75843\" data-element_type=\"widget\" data-widget_type=\"text-editor.default\">\n\t\t\t\t<div class=\"elementor-widget-container\">\n\t\t\t\t\t\t\t<p style=\"font-size: 14px;\">\u00bfQu\u00e9 voy a decir?\u00a0<\/p><p style=\"font-size: 14px;\"><b><i>Mi mundo no ser\u00eda lo mismo, sin cada uno de ellos, con sus cosas buenas y sus travesuras.<\/i><\/b><\/p><p style=\"font-size: 14px;\">Gracias a los <b><i>ANTONIO\u00b4S<\/i><\/b>, he aprendido lo que es un TEAM y la importancia de ello. Los perros necesitan estar en grupos sociales y convivir con otros de su\u00a0 misma especie.<\/p><p style=\"font-size: 14px;\">En la actualidad vivimos con 8 perros, m\u00e1s otros dos o tres cachorros de protectoras que colaboramos<a href=\"http:\/\/www.proyectocanada.org\/\" target=\"_blank\" rel=\"noopener\" style=\"transition-property: all;\">\u00a0<\/a>en acogida con las asociaciones\u00a0<a href=\"https:\/\/www.weimaranerescue.org\/\" target=\"_blank\" rel=\"noopener\" style=\"transition-property: all;\">WEIMARANER RESCUE SPAIN\u00a0<\/a>\u00a0y\u00a0<a href=\"http:\/\/www.proyectocanada.org\/\" target=\"_blank\" rel=\"noopener\" style=\"background-color: #ffffff; transition-property: all; outline: 0px; opacity: 0.75;\">PROYECTO CA\u00d1ADA<\/a>\u00a0. Forman parte de los programas de educaci\u00f3n para que luego sea m\u00e1s f\u00e1cil su adopci\u00f3n.<\/p><p style=\"font-size: 14px;\">El equipo, forma la base de nuestro concepto de educaci\u00f3n,\u00a0<u><i><b>PROYECTO TEAM<\/b><\/i><\/u>.\u00a0<\/p><p style=\"font-size: 14px;\">Con <em><strong>Los Antonio\u00b4s<\/strong><\/em> socializamos a los cachorros que vienen a nuestro Centro y son su ejemplo a seguir ya que todos ellos son perros equilibrados y felices.<\/p><p style=\"font-size: 14px;\">\u00a0Educamos a los cachorros de una forma natural y respetuosa para conseguir unos perros adultos equilibrados y felices.<\/p><p style=\"font-size: 14px;\">Si los quieres conocer m\u00e1s a fondo, entra en su cuenta de instagram\u00a0<a href=\"https:\/\/www.instagram.com\/losantoniosteam\/\" target=\"_blank\" style=\"font-size: 18px; background-color: #ffffff;\" rel=\"noopener\">@losantoniosteam<\/a><\/p>\t\t\t\t\t\t<\/div>\n\t\t\t\t<\/div>\n\t\t\t\t\t<\/div>\n\t\t<\/div>\n\t\t\t\t\t<\/div>\n\t\t<\/section>\n\t\t\t\t<section class=\"elementor-section elementor-top-section elementor-element elementor-element-a4fc2a4 elementor-section-boxed elementor-section-height-default elementor-section-height-default\" data-id=\"a4fc2a4\" data-element_type=\"section\">\n\t\t\t\t\t\t<div class=\"elementor-container elementor-column-gap-default\">\n\t\t\t\t\t<div class=\"elementor-column elementor-col-100 elementor-top-column elementor-element elementor-element-e6187ee\" data-id=\"e6187ee\" data-element_type=\"column\">\n\t\t\t<div class=\"elementor-widget-wrap elementor-element-populated\">\n\t\t\t\t\t\t<div class=\"elementor-element elementor-element-220d3bf elementor-widget elementor-widget-image\" data-id=\"220d3bf\" data-element_type=\"widget\" data-widget_type=\"image.default\">\n\t\t\t\t<div class=\"elementor-widget-container\">\n\t\t\t\t\t\t\t\t\t\t\t\t\t<img decoding=\"async\" width=\"750\" height=\"285\" src=\"https:\/\/cachorrostodoterreno.com\/wp-content\/uploads\/2020\/03\/CACHORROS-TODOTERRENO-EL-EQUIPO-JOSE-BARCIA-2.png\" class=\"attachment-large size-large wp-image-670\" alt=\"\" srcset=\"https:\/\/cachorrostodoterreno.com\/wp-content\/uploads\/2020\/03\/CACHORROS-TODOTERRENO-EL-EQUIPO-JOSE-BARCIA-2.png 820w, https:\/\/cachorrostodoterreno.com\/wp-content\/uploads\/2020\/03\/CACHORROS-TODOTERRENO-EL-EQUIPO-JOSE-BARCIA-2-300x114.png 300w, https:\/\/cachorrostodoterreno.com\/wp-content\/uploads\/2020\/03\/CACHORROS-TODOTERRENO-EL-EQUIPO-JOSE-BARCIA-2-768x292.png 768w, https:\/\/cachorrostodoterreno.com\/wp-content\/uploads\/2020\/03\/CACHORROS-TODOTERRENO-EL-EQUIPO-JOSE-BARCIA-2-50x19.png 50w, https:\/\/cachorrostodoterreno.com\/wp-content\/uploads\/2020\/03\/CACHORROS-TODOTERRENO-EL-EQUIPO-JOSE-BARCIA-2-600x228.png 600w\" sizes=\"(max-width: 750px) 100vw, 750px\" \/>\t\t\t\t\t\t\t\t\t\t\t\t\t<\/div>\n\t\t\t\t<\/div>\n\t\t\t\t<div class=\"elementor-element elementor-element-8020ed8 elementor-widget elementor-widget-text-editor\" data-id=\"8020ed8\" data-element_type=\"widget\" data-widget_type=\"text-editor.default\">\n\t\t\t\t<div class=\"elementor-widget-container\">\n\t\t\t\t\t\t\t<p style=\"font-size: 14px;\"><span style=\"text-decoration-line: underline;\"><em><strong>JOSE BARCIA<\/strong><\/em><\/span><\/p><p style=\"font-size: 14px;\">\u2013 Educador canino. Especialista en cachorros.\u00a0<\/p><p style=\"font-size: 14px;\"><span style=\"font-size: inherit;\">\u2013 Soy el Director de <i><b>CACHORROSTODOTERRENO.com<\/b><\/i><\/span><\/p><p style=\"font-size: 14px;\">\u2013<span style=\"font-size: inherit;\">\u00a0Dirijo el Centro\u00a0<\/span><i style=\"font-size: inherit; font-weight: bold;\">HundeVakten<\/i><span style=\"font-size: inherit;\">\u00a0junto con la ayuda de Javi.<\/span><\/p><p style=\"font-size: 14px;\">\u2013 Delegado T\u00e9cnico de Mushing de la Federaci\u00f3n Madrile\u00f1a de Deportes de Invierno.<span style=\"font-size: inherit;\"><br \/><\/span><\/p><p style=\"font-size: 14px;\">\u2013 Siempre me estoy formando, sobre todo en lo relacionado con el mundo del CACHORRO,\u00a0 siempre hay cosas nuevas que aprender. Adem\u00e1s, cada a\u00f1o, hago cursos de educaci\u00f3n relativos al cognitivo &#8211; emocional.<\/p><p style=\"font-size: 14px;\"><span style=\"color: #0c0c0c;\">\u2013 Fundador del\u00a0<\/span><a href=\"https:\/\/www.facebook.com\/dyrupsanturiodeanimales\/\" target=\"_blank\" rel=\"noopener\" style=\"background-color: #ffffff; transition-property: all;\">Santuario de Animales Dyr-Up ANIMAL RESCUE<\/a><span style=\"color: #0c0c0c;\">. Un espacio para la vida en libertad de animales de granja y para despertar la conciencia de los seres humanos en su relaci\u00f3n con los dem\u00e1s seres vivos.<\/span><\/p><p style=\"font-size: 14px;\">\u2013 Miembro de Vegan Up, comunidad de emprendedores unidos en torno a una causa: crear un nuevo mundo, saludable, sostenible y \u00e9tico\u00a0<a href=\"http:\/\/vegan-up.es\/\" target=\"_blank\" data-content=\"http:\/\/vegan-up.es\" data-type=\"external\" rel=\"nofollow noopener\" style=\"transition-property: all;\">http:\/\/vegan-up.es<\/a><\/p><p style=\"font-size: 14px;\"><span style=\"font-size: inherit;\">\u2013 Y te INVITO si quieres a cotillear mi curriculum,\u00a0\u00a0<\/span><span style=\"font-size: inherit;\"><a href=\"https:\/\/www.linkedin.com\/uas\/login\" target=\"_blank\" data-content=\"https:\/\/www.linkedin.com\/uas\/login\" data-type=\"external\" rel=\"nofollow noopener\" style=\"transition-property: all;\">LinkedIn<\/a><\/span><\/p>\t\t\t\t\t\t<\/div>\n\t\t\t\t<\/div>\n\t\t\t\t\t<\/div>\n\t\t<\/div>\n\t\t\t\t\t<\/div>\n\t\t<\/section>\n\t\t\t\t<\/div>\n\t\t","protected":false},"excerpt":{"rendered":"<p>\u00bfQu\u00e9 voy a decir?\u00a0 Mi mundo no ser\u00eda lo mismo, sin cada uno de ellos, con sus cosas buenas y sus travesuras. Gracias a los ANTONIO\u00b4S, he aprendido lo que es un TEAM y la importancia de ello. Los perros necesitan estar en grupos sociales y convivir con otros de [&hellip;]<\/p>\n","protected":false},"author":1,"featured_media":1424,"parent":0,"menu_order":0,"comment_status":"closed","ping_status":"closed","template":"","meta":{"_joinchat":[],"footnotes":""},"class_list":["post-27","page","type-page","status-publish","has-post-thumbnail","hentry"],"yoast_head":"<!-- This site is optimized with the Yoast SEO plugin v22.2 - https:\/\/yoast.com\/wordpress\/plugins\/seo\/ -->\n<title>El Equipo - Cachorros TODOTERRENO<\/title>\n<meta name=\"robots\" content=\"index, follow, max-snippet:-1, max-image-preview:large, max-video-preview:-1\" \/>\n<link rel=\"canonical\" href=\"https:\/\/cachorrostodoterreno.com\/index.php\/el-equipo\/\" \/>\n<meta property=\"og:locale\" content=\"es_ES\" \/>\n<meta property=\"og:type\" content=\"article\" \/>\n<meta property=\"og:title\" content=\"El Equipo - Cachorros TODOTERRENO\" \/>\n<meta property=\"og:description\" content=\"\u00bfQu\u00e9 voy a decir?\u00a0 Mi mundo no ser\u00eda lo mismo, sin cada uno de ellos, con sus cosas buenas y sus travesuras. Gracias a los ANTONIO\u00b4S, he aprendido lo que es un TEAM y la importancia de ello. Los perros necesitan estar en grupos sociales y convivir con otros de [&hellip;]\" \/>\n<meta property=\"og:url\" content=\"https:\/\/cachorrostodoterreno.com\/index.php\/el-equipo\/\" \/>\n<meta property=\"og:site_name\" content=\"Cachorros TODOTERRENO\" \/>\n<meta property=\"article:modified_time\" content=\"2020-11-17T11:24:44+00:00\" \/>\n<meta property=\"og:image\" content=\"https:\/\/cachorrostodoterreno.com\/wp-content\/uploads\/2020\/11\/HUNDEVAKTEN-WEB-EL-EQUIPO-LOS-ANTONIOS-1.png\" \/>\n\t<meta property=\"og:image:width\" content=\"820\" \/>\n\t<meta property=\"og:image:height\" content=\"312\" \/>\n\t<meta property=\"og:image:type\" content=\"image\/png\" \/>\n<meta name=\"twitter:card\" content=\"summary_large_image\" \/>\n<meta name=\"twitter:label1\" content=\"Tiempo de lectura\" \/>\n\t<meta name=\"twitter:data1\" content=\"2 minutos\" \/>\n<script type=\"application\/ld+json\" class=\"yoast-schema-graph\">{\"@context\":\"https:\/\/schema.org\",\"@graph\":[{\"@type\":\"WebPage\",\"@id\":\"https:\/\/cachorrostodoterreno.com\/index.php\/el-equipo\/\",\"url\":\"https:\/\/cachorrostodoterreno.com\/index.php\/el-equipo\/\",\"name\":\"El Equipo - Cachorros TODOTERRENO\",\"isPartOf\":{\"@id\":\"https:\/\/cachorrostodoterreno.com\/#website\"},\"primaryImageOfPage\":{\"@id\":\"https:\/\/cachorrostodoterreno.com\/index.php\/el-equipo\/#primaryimage\"},\"image\":{\"@id\":\"https:\/\/cachorrostodoterreno.com\/index.php\/el-equipo\/#primaryimage\"},\"thumbnailUrl\":\"https:\/\/cachorrostodoterreno.com\/wp-content\/uploads\/2020\/11\/HUNDEVAKTEN-WEB-EL-EQUIPO-LOS-ANTONIOS-1.png\",\"datePublished\":\"2019-04-05T06:51:23+00:00\",\"dateModified\":\"2020-11-17T11:24:44+00:00\",\"breadcrumb\":{\"@id\":\"https:\/\/cachorrostodoterreno.com\/index.php\/el-equipo\/#breadcrumb\"},\"inLanguage\":\"es\",\"potentialAction\":[{\"@type\":\"ReadAction\",\"target\":[\"https:\/\/cachorrostodoterreno.com\/index.php\/el-equipo\/\"]}]},{\"@type\":\"ImageObject\",\"inLanguage\":\"es\",\"@id\":\"https:\/\/cachorrostodoterreno.com\/index.php\/el-equipo\/#primaryimage\",\"url\":\"https:\/\/cachorrostodoterreno.com\/wp-content\/uploads\/2020\/11\/HUNDEVAKTEN-WEB-EL-EQUIPO-LOS-ANTONIOS-1.png\",\"contentUrl\":\"https:\/\/cachorrostodoterreno.com\/wp-content\/uploads\/2020\/11\/HUNDEVAKTEN-WEB-EL-EQUIPO-LOS-ANTONIOS-1.png\",\"width\":820,\"height\":312},{\"@type\":\"BreadcrumbList\",\"@id\":\"https:\/\/cachorrostodoterreno.com\/index.php\/el-equipo\/#breadcrumb\",\"itemListElement\":[{\"@type\":\"ListItem\",\"position\":1,\"name\":\"Home\",\"item\":\"https:\/\/cachorrostodoterreno.com\/\"},{\"@type\":\"ListItem\",\"position\":2,\"name\":\"El Equipo\"}]},{\"@type\":\"WebSite\",\"@id\":\"https:\/\/cachorrostodoterreno.com\/#website\",\"url\":\"https:\/\/cachorrostodoterreno.com\/\",\"name\":\"Cachorros TODOTERRENO\",\"description\":\"\",\"potentialAction\":[{\"@type\":\"SearchAction\",\"target\":{\"@type\":\"EntryPoint\",\"urlTemplate\":\"https:\/\/cachorrostodoterreno.com\/?s={search_term_string}\"},\"query-input\":\"required name=search_term_string\"}],\"inLanguage\":\"es\"}]}<\/script>\n<!-- \/ Yoast SEO plugin. -->","yoast_head_json":{"title":"El Equipo - Cachorros TODOTERRENO","robots":{"index":"index","follow":"follow","max-snippet":"max-snippet:-1","max-image-preview":"max-image-preview:large","max-video-preview":"max-video-preview:-1"},"canonical":"https:\/\/cachorrostodoterreno.com\/index.php\/el-equipo\/","og_locale":"es_ES","og_type":"article","og_title":"El Equipo - Cachorros TODOTERRENO","og_description":"\u00bfQu\u00e9 voy a decir?\u00a0 Mi mundo no ser\u00eda lo mismo, sin cada uno de ellos, con sus cosas buenas y sus travesuras. Gracias a los ANTONIO\u00b4S, he aprendido lo que es un TEAM y la importancia de ello. Los perros necesitan estar en grupos sociales y convivir con otros de [&hellip;]","og_url":"https:\/\/cachorrostodoterreno.com\/index.php\/el-equipo\/","og_site_name":"Cachorros TODOTERRENO","article_modified_time":"2020-11-17T11:24:44+00:00","og_image":[{"width":820,"height":312,"url":"https:\/\/cachorrostodoterreno.com\/wp-content\/uploads\/2020\/11\/HUNDEVAKTEN-WEB-EL-EQUIPO-LOS-ANTONIOS-1.png","type":"image\/png"}],"twitter_card":"summary_large_image","twitter_misc":{"Tiempo de lectura":"2 minutos"},"schema":{"@context":"https:\/\/schema.org","@graph":[{"@type":"WebPage","@id":"https:\/\/cachorrostodoterreno.com\/index.php\/el-equipo\/","url":"https:\/\/cachorrostodoterreno.com\/index.php\/el-equipo\/","name":"El Equipo - Cachorros TODOTERRENO","isPartOf":{"@id":"https:\/\/cachorrostodoterreno.com\/#website"},"primaryImageOfPage":{"@id":"https:\/\/cachorrostodoterreno.com\/index.php\/el-equipo\/#primaryimage"},"image":{"@id":"https:\/\/cachorrostodoterreno.com\/index.php\/el-equipo\/#primaryimage"},"thumbnailUrl":"https:\/\/cachorrostodoterreno.com\/wp-content\/uploads\/2020\/11\/HUNDEVAKTEN-WEB-EL-EQUIPO-LOS-ANTONIOS-1.png","datePublished":"2019-04-05T06:51:23+00:00","dateModified":"2020-11-17T11:24:44+00:00","breadcrumb":{"@id":"https:\/\/cachorrostodoterreno.com\/index.php\/el-equipo\/#breadcrumb"},"inLanguage":"es","potentialAction":[{"@type":"ReadAction","target":["https:\/\/cachorrostodoterreno.com\/index.php\/el-equipo\/"]}]},{"@type":"ImageObject","inLanguage":"es","@id":"https:\/\/cachorrostodoterreno.com\/index.php\/el-equipo\/#primaryimage","url":"https:\/\/cachorrostodoterreno.com\/wp-content\/uploads\/2020\/11\/HUNDEVAKTEN-WEB-EL-EQUIPO-LOS-ANTONIOS-1.png","contentUrl":"https:\/\/cachorrostodoterreno.com\/wp-content\/uploads\/2020\/11\/HUNDEVAKTEN-WEB-EL-EQUIPO-LOS-ANTONIOS-1.png","width":820,"height":312},{"@type":"BreadcrumbList","@id":"https:\/\/cachorrostodoterreno.com\/index.php\/el-equipo\/#breadcrumb","itemListElement":[{"@type":"ListItem","position":1,"name":"Home","item":"https:\/\/cachorrostodoterreno.com\/"},{"@type":"ListItem","position":2,"name":"El Equipo"}]},{"@type":"WebSite","@id":"https:\/\/cachorrostodoterreno.com\/#website","url":"https:\/\/cachorrostodoterreno.com\/","name":"Cachorros TODOTERRENO","description":"","potentialAction":[{"@type":"SearchAction","target":{"@type":"EntryPoint","urlTemplate":"https:\/\/cachorrostodoterreno.com\/?s={search_term_string}"},"query-input":"required name=search_term_string"}],"inLanguage":"es"}]}},"_links":{"self":[{"href":"https:\/\/cachorrostodoterreno.com\/index.php\/wp-json\/wp\/v2\/pages\/27","targetHints":{"allow":["GET"]}}],"collection":[{"href":"https:\/\/cachorrostodoterreno.com\/index.php\/wp-json\/wp\/v2\/pages"}],"about":[{"href":"https:\/\/cachorrostodoterreno.com\/index.php\/wp-json\/wp\/v2\/types\/page"}],"author":[{"embeddable":true,"href":"https:\/\/cachorrostodoterreno.com\/index.php\/wp-json\/wp\/v2\/users\/1"}],"replies":[{"embeddable":true,"href":"https:\/\/cachorrostodoterreno.com\/index.php\/wp-json\/wp\/v2\/comments?post=27"}],"version-history":[{"count":37,"href":"https:\/\/cachorrostodoterreno.com\/index.php\/wp-json\/wp\/v2\/pages\/27\/revisions"}],"predecessor-version":[{"id":1434,"href":"https:\/\/cachorrostodoterreno.com\/index.php\/wp-json\/wp\/v2\/pages\/27\/revisions\/1434"}],"wp:featuredmedia":[{"embeddable":true,"href":"https:\/\/cachorrostodoterreno.com\/index.php\/wp-json\/wp\/v2\/media\/1424"}],"wp:attachment":[{"href":"https:\/\/cachorrostodoterreno.com\/index.php\/wp-json\/wp\/v2\/media?parent=27"}],"curies":[{"name":"wp","href":"https:\/\/api.w.org\/{rel}","templated":true}]}}