{"id":1576,"date":"2022-04-16T11:28:07","date_gmt":"2022-04-16T11:28:07","guid":{"rendered":"http:\/\/cachorrostodoterreno.com\/?page_id=1576"},"modified":"2022-07-14T07:53:40","modified_gmt":"2022-07-14T07:53:40","slug":"perros-fuertacos","status":"publish","type":"page","link":"https:\/\/cachorrostodoterreno.com\/index.php\/perros-fuertacos\/","title":{"rendered":"PERROS FUERTACOS"},"content":{"rendered":"\t\t<div data-elementor-type=\"wp-page\" data-elementor-id=\"1576\" class=\"elementor elementor-1576\">\n\t\t\t\t\t\t<section class=\"elementor-section elementor-top-section elementor-element elementor-element-3d748dc0 elementor-section-boxed elementor-section-height-default elementor-section-height-default\" data-id=\"3d748dc0\" data-element_type=\"section\">\n\t\t\t\t\t\t<div class=\"elementor-container elementor-column-gap-default\">\n\t\t\t\t\t<div class=\"elementor-column elementor-col-100 elementor-top-column elementor-element elementor-element-12c096ee\" data-id=\"12c096ee\" data-element_type=\"column\">\n\t\t\t<div class=\"elementor-widget-wrap elementor-element-populated\">\n\t\t\t\t\t\t<div class=\"elementor-element elementor-element-32fe5c4d elementor-widget elementor-widget-text-editor\" data-id=\"32fe5c4d\" data-element_type=\"widget\" data-widget_type=\"text-editor.default\">\n\t\t\t\t<div class=\"elementor-widget-container\">\n\t\t\t\t\t\t\t<!-- wp:themeisle-blocks\/advanced-columns {\"id\":\"wp-block-themeisle-blocks-advanced-columns-bab6ae11\",\"columns\":0} -->\n<div id=\"wp-block-themeisle-blocks-advanced-columns-bab6ae11\" class=\"wp-block-themeisle-blocks-advanced-columns has-0-columns has-desktop-undefined-layout has-tablet-equal-layout has-mobile-equal-layout has-vertical-unset\"><div class=\"wp-block-themeisle-blocks-advanced-columns-overlay\"><\/div><div class=\"innerblocks-wrap\"><\/div><\/div>\n<!-- \/wp:themeisle-blocks\/advanced-columns -->\t\t\t\t\t\t<\/div>\n\t\t\t\t<\/div>\n\t\t\t\t\t<\/div>\n\t\t<\/div>\n\t\t\t\t\t<\/div>\n\t\t<\/section>\n\t\t\t\t<section class=\"elementor-section elementor-top-section elementor-element elementor-element-34fc2c9 elementor-section-boxed elementor-section-height-default elementor-section-height-default\" data-id=\"34fc2c9\" data-element_type=\"section\">\n\t\t\t\t\t\t<div class=\"elementor-container elementor-column-gap-default\">\n\t\t\t\t\t<div class=\"elementor-column elementor-col-100 elementor-top-column elementor-element elementor-element-f895c11\" data-id=\"f895c11\" data-element_type=\"column\">\n\t\t\t<div class=\"elementor-widget-wrap elementor-element-populated\">\n\t\t\t\t\t\t<div class=\"elementor-element elementor-element-2fcf920 elementor-widget elementor-widget-image\" data-id=\"2fcf920\" data-element_type=\"widget\" data-widget_type=\"image.default\">\n\t\t\t\t<div class=\"elementor-widget-container\">\n\t\t\t\t\t\t\t\t\t\t\t\t\t<img fetchpriority=\"high\" decoding=\"async\" width=\"750\" height=\"285\" src=\"https:\/\/cachorrostodoterreno.com\/wp-content\/uploads\/2022\/04\/CT-PERROS-FUERTACOS-4.png\" class=\"attachment-large size-large wp-image-1579\" alt=\"\" srcset=\"https:\/\/cachorrostodoterreno.com\/wp-content\/uploads\/2022\/04\/CT-PERROS-FUERTACOS-4.png 820w, https:\/\/cachorrostodoterreno.com\/wp-content\/uploads\/2022\/04\/CT-PERROS-FUERTACOS-4-300x114.png 300w, https:\/\/cachorrostodoterreno.com\/wp-content\/uploads\/2022\/04\/CT-PERROS-FUERTACOS-4-768x292.png 768w, https:\/\/cachorrostodoterreno.com\/wp-content\/uploads\/2022\/04\/CT-PERROS-FUERTACOS-4-18x7.png 18w, https:\/\/cachorrostodoterreno.com\/wp-content\/uploads\/2022\/04\/CT-PERROS-FUERTACOS-4-50x19.png 50w, https:\/\/cachorrostodoterreno.com\/wp-content\/uploads\/2022\/04\/CT-PERROS-FUERTACOS-4-600x228.png 600w\" sizes=\"(max-width: 750px) 100vw, 750px\" \/>\t\t\t\t\t\t\t\t\t\t\t\t\t<\/div>\n\t\t\t\t<\/div>\n\t\t\t\t\t<\/div>\n\t\t<\/div>\n\t\t\t\t\t<\/div>\n\t\t<\/section>\n\t\t\t\t<section class=\"elementor-section elementor-top-section elementor-element elementor-element-8766e5a elementor-section-boxed elementor-section-height-default elementor-section-height-default\" data-id=\"8766e5a\" data-element_type=\"section\">\n\t\t\t\t\t\t<div class=\"elementor-container elementor-column-gap-default\">\n\t\t\t\t\t<div class=\"elementor-column elementor-col-100 elementor-top-column elementor-element elementor-element-1aea7a8\" data-id=\"1aea7a8\" data-element_type=\"column\">\n\t\t\t<div class=\"elementor-widget-wrap elementor-element-populated\">\n\t\t\t\t\t\t<div class=\"elementor-element elementor-element-0deec9b elementor-widget elementor-widget-text-editor\" data-id=\"0deec9b\" data-element_type=\"widget\" data-widget_type=\"text-editor.default\">\n\t\t\t\t<div class=\"elementor-widget-container\">\n\t\t\t\t\t\t\t<p><span style=\"text-decoration: underline;\"><em>\u00bfQuieres<strong> tener un perro sano y m\u00e1s feliz?<\/strong><\/em><\/span><\/p>\n<p>Muchas personas piensan que, darles comida natural en vez de una dieta basada en pienso es m\u00e1s caro y muy complicado de hacer, pero es mucho m\u00e1s lejos de la realidad.\u00a0<\/p>\n<p>Tenemos tres planes para ti: asesor\u00eda personalizada para ti y tu perro, un curso de iniciaci\u00f3n y otro avanzado a la alimentaci\u00f3n natural.<\/p>\n<p><span style=\"text-decoration: underline;\"><em><strong>+ ASESOR\u00cdA<\/strong><\/em><\/span><\/p>\n<p>Nosotros lo hacemos todo por ti, haremos una consulta inicial, donde haremos una planifiaci\u00f3n y seguiremos toda la evoluci\u00f3n de tu perro.<\/p>\n<p><span style=\"text-decoration: underline;\"><em><strong>+ CURSO INICIACI\u00d3N\u00a0<\/strong><\/em><\/span><\/p>\n<p>Tendr\u00e1s acceso al curso para toda la vida, donde te informaremos como iniciar de una forma y segura a la alimentaci\u00f3n natural.<\/p>\n<p><span style=\"text-decoration: underline;\"><em><strong>+ CURSO AVANZADO<\/strong><\/em><\/span><\/p>\n<p>Este curso es la continuaci\u00f3n del curso de iniciaci\u00f3n. Adem\u00e1s del curso, tienes varias asesor\u00edas con nosotros para resolver todas tus dudas.<\/p>\n<p><\/p>\t\t\t\t\t\t<\/div>\n\t\t\t\t<\/div>\n\t\t\t\t\t<\/div>\n\t\t<\/div>\n\t\t\t\t\t<\/div>\n\t\t<\/section>\n\t\t\t\t<section class=\"elementor-section elementor-top-section elementor-element elementor-element-9769d09 elementor-section-boxed elementor-section-height-default elementor-section-height-default\" data-id=\"9769d09\" data-element_type=\"section\">\n\t\t\t\t\t\t<div class=\"elementor-container elementor-column-gap-default\">\n\t\t\t\t\t<div class=\"elementor-column elementor-col-100 elementor-top-column elementor-element elementor-element-bb763f2\" data-id=\"bb763f2\" data-element_type=\"column\">\n\t\t\t<div class=\"elementor-widget-wrap elementor-element-populated\">\n\t\t\t\t\t\t<div class=\"elementor-element elementor-element-41206e9 elementor-widget elementor-widget-image\" data-id=\"41206e9\" data-element_type=\"widget\" data-widget_type=\"image.default\">\n\t\t\t\t<div class=\"elementor-widget-container\">\n\t\t\t\t\t\t\t\t\t\t\t\t\t<img decoding=\"async\" width=\"750\" height=\"285\" src=\"https:\/\/cachorrostodoterreno.com\/wp-content\/uploads\/2022\/04\/CT-ASESORIA-1.png\" class=\"attachment-large size-large wp-image-1580\" alt=\"\" srcset=\"https:\/\/cachorrostodoterreno.com\/wp-content\/uploads\/2022\/04\/CT-ASESORIA-1.png 820w, https:\/\/cachorrostodoterreno.com\/wp-content\/uploads\/2022\/04\/CT-ASESORIA-1-300x114.png 300w, https:\/\/cachorrostodoterreno.com\/wp-content\/uploads\/2022\/04\/CT-ASESORIA-1-768x292.png 768w, https:\/\/cachorrostodoterreno.com\/wp-content\/uploads\/2022\/04\/CT-ASESORIA-1-18x7.png 18w, https:\/\/cachorrostodoterreno.com\/wp-content\/uploads\/2022\/04\/CT-ASESORIA-1-50x19.png 50w, https:\/\/cachorrostodoterreno.com\/wp-content\/uploads\/2022\/04\/CT-ASESORIA-1-600x228.png 600w\" sizes=\"(max-width: 750px) 100vw, 750px\" \/>\t\t\t\t\t\t\t\t\t\t\t\t\t<\/div>\n\t\t\t\t<\/div>\n\t\t\t\t\t<\/div>\n\t\t<\/div>\n\t\t\t\t\t<\/div>\n\t\t<\/section>\n\t\t\t\t<section class=\"elementor-section elementor-top-section elementor-element elementor-element-6e6addd elementor-section-boxed elementor-section-height-default elementor-section-height-default\" data-id=\"6e6addd\" data-element_type=\"section\">\n\t\t\t\t\t\t<div class=\"elementor-container elementor-column-gap-default\">\n\t\t\t\t\t<div class=\"elementor-column elementor-col-100 elementor-top-column elementor-element elementor-element-4376488\" data-id=\"4376488\" data-element_type=\"column\">\n\t\t\t<div class=\"elementor-widget-wrap elementor-element-populated\">\n\t\t\t\t\t\t<div class=\"elementor-element elementor-element-c774881 elementor-widget elementor-widget-image\" data-id=\"c774881\" data-element_type=\"widget\" data-widget_type=\"image.default\">\n\t\t\t\t<div class=\"elementor-widget-container\">\n\t\t\t\t\t\t\t\t\t\t\t\t\t<img decoding=\"async\" width=\"750\" height=\"285\" src=\"https:\/\/cachorrostodoterreno.com\/wp-content\/uploads\/2022\/04\/CT-CURSO-INICIACION-COMIDA-NATURAL.png\" class=\"attachment-large size-large wp-image-1581\" alt=\"\" srcset=\"https:\/\/cachorrostodoterreno.com\/wp-content\/uploads\/2022\/04\/CT-CURSO-INICIACION-COMIDA-NATURAL.png 820w, https:\/\/cachorrostodoterreno.com\/wp-content\/uploads\/2022\/04\/CT-CURSO-INICIACION-COMIDA-NATURAL-300x114.png 300w, https:\/\/cachorrostodoterreno.com\/wp-content\/uploads\/2022\/04\/CT-CURSO-INICIACION-COMIDA-NATURAL-768x292.png 768w, https:\/\/cachorrostodoterreno.com\/wp-content\/uploads\/2022\/04\/CT-CURSO-INICIACION-COMIDA-NATURAL-18x7.png 18w, https:\/\/cachorrostodoterreno.com\/wp-content\/uploads\/2022\/04\/CT-CURSO-INICIACION-COMIDA-NATURAL-50x19.png 50w, https:\/\/cachorrostodoterreno.com\/wp-content\/uploads\/2022\/04\/CT-CURSO-INICIACION-COMIDA-NATURAL-600x228.png 600w\" sizes=\"(max-width: 750px) 100vw, 750px\" \/>\t\t\t\t\t\t\t\t\t\t\t\t\t<\/div>\n\t\t\t\t<\/div>\n\t\t\t\t\t<\/div>\n\t\t<\/div>\n\t\t\t\t\t<\/div>\n\t\t<\/section>\n\t\t\t\t<section class=\"elementor-section elementor-top-section elementor-element elementor-element-625dfd8 elementor-section-boxed elementor-section-height-default elementor-section-height-default\" data-id=\"625dfd8\" data-element_type=\"section\">\n\t\t\t\t\t\t<div class=\"elementor-container elementor-column-gap-default\">\n\t\t\t\t\t<div class=\"elementor-column elementor-col-100 elementor-top-column elementor-element elementor-element-328f078\" data-id=\"328f078\" data-element_type=\"column\">\n\t\t\t<div class=\"elementor-widget-wrap elementor-element-populated\">\n\t\t\t\t\t\t<div class=\"elementor-element elementor-element-841289a elementor-widget elementor-widget-image\" data-id=\"841289a\" data-element_type=\"widget\" data-widget_type=\"image.default\">\n\t\t\t\t<div class=\"elementor-widget-container\">\n\t\t\t\t\t\t\t\t\t\t\t\t\t<img loading=\"lazy\" decoding=\"async\" width=\"750\" height=\"285\" src=\"https:\/\/cachorrostodoterreno.com\/wp-content\/uploads\/2022\/04\/CT-CURSO-AVANZADO-COMIDA-NATURAL.png\" class=\"attachment-large size-large wp-image-1582\" alt=\"\" srcset=\"https:\/\/cachorrostodoterreno.com\/wp-content\/uploads\/2022\/04\/CT-CURSO-AVANZADO-COMIDA-NATURAL.png 820w, https:\/\/cachorrostodoterreno.com\/wp-content\/uploads\/2022\/04\/CT-CURSO-AVANZADO-COMIDA-NATURAL-300x114.png 300w, https:\/\/cachorrostodoterreno.com\/wp-content\/uploads\/2022\/04\/CT-CURSO-AVANZADO-COMIDA-NATURAL-768x292.png 768w, https:\/\/cachorrostodoterreno.com\/wp-content\/uploads\/2022\/04\/CT-CURSO-AVANZADO-COMIDA-NATURAL-18x7.png 18w, https:\/\/cachorrostodoterreno.com\/wp-content\/uploads\/2022\/04\/CT-CURSO-AVANZADO-COMIDA-NATURAL-50x19.png 50w, https:\/\/cachorrostodoterreno.com\/wp-content\/uploads\/2022\/04\/CT-CURSO-AVANZADO-COMIDA-NATURAL-600x228.png 600w\" sizes=\"(max-width: 750px) 100vw, 750px\" \/>\t\t\t\t\t\t\t\t\t\t\t\t\t<\/div>\n\t\t\t\t<\/div>\n\t\t\t\t\t<\/div>\n\t\t<\/div>\n\t\t\t\t\t<\/div>\n\t\t<\/section>\n\t\t\t\t<\/div>\n\t\t","protected":false},"excerpt":{"rendered":"<p>\u00bfQuieres tener un perro sano y m\u00e1s feliz? Muchas personas piensan que, darles comida natural en vez de una dieta basada en pienso es m\u00e1s caro y muy complicado de hacer, pero es mucho m\u00e1s lejos de la realidad.\u00a0 Tenemos tres planes para ti: asesor\u00eda personalizada para ti y tu [&hellip;]<\/p>\n","protected":false},"author":1,"featured_media":1579,"parent":0,"menu_order":0,"comment_status":"closed","ping_status":"closed","template":"","meta":{"_joinchat":[],"footnotes":""},"class_list":["post-1576","page","type-page","status-publish","has-post-thumbnail","hentry"],"yoast_head":"<!-- This site is optimized with the Yoast SEO plugin v22.2 - https:\/\/yoast.com\/wordpress\/plugins\/seo\/ -->\n<title>PERROS FUERTACOS - Cachorros TODOTERRENO<\/title>\n<meta name=\"robots\" content=\"index, follow, max-snippet:-1, max-image-preview:large, max-video-preview:-1\" \/>\n<link rel=\"canonical\" href=\"https:\/\/cachorrostodoterreno.com\/index.php\/perros-fuertacos\/\" \/>\n<meta property=\"og:locale\" content=\"es_ES\" \/>\n<meta property=\"og:type\" content=\"article\" \/>\n<meta property=\"og:title\" content=\"PERROS FUERTACOS - Cachorros TODOTERRENO\" \/>\n<meta property=\"og:description\" content=\"\u00bfQuieres tener un perro sano y m\u00e1s feliz? Muchas personas piensan que, darles comida natural en vez de una dieta basada en pienso es m\u00e1s caro y muy complicado de hacer, pero es mucho m\u00e1s lejos de la realidad.\u00a0 Tenemos tres planes para ti: asesor\u00eda personalizada para ti y tu [&hellip;]\" \/>\n<meta property=\"og:url\" content=\"https:\/\/cachorrostodoterreno.com\/index.php\/perros-fuertacos\/\" \/>\n<meta property=\"og:site_name\" content=\"Cachorros TODOTERRENO\" \/>\n<meta property=\"article:modified_time\" content=\"2022-07-14T07:53:40+00:00\" \/>\n<meta property=\"og:image\" content=\"https:\/\/cachorrostodoterreno.com\/wp-content\/uploads\/2022\/04\/CT-PERROS-FUERTACOS-4.png\" \/>\n\t<meta property=\"og:image:width\" content=\"820\" \/>\n\t<meta property=\"og:image:height\" content=\"312\" \/>\n\t<meta property=\"og:image:type\" content=\"image\/png\" \/>\n<meta name=\"twitter:card\" content=\"summary_large_image\" \/>\n<meta name=\"twitter:label1\" content=\"Tiempo de lectura\" \/>\n\t<meta name=\"twitter:data1\" content=\"2 minutos\" \/>\n<script type=\"application\/ld+json\" class=\"yoast-schema-graph\">{\"@context\":\"https:\/\/schema.org\",\"@graph\":[{\"@type\":\"WebPage\",\"@id\":\"https:\/\/cachorrostodoterreno.com\/index.php\/perros-fuertacos\/\",\"url\":\"https:\/\/cachorrostodoterreno.com\/index.php\/perros-fuertacos\/\",\"name\":\"PERROS FUERTACOS - Cachorros TODOTERRENO\",\"isPartOf\":{\"@id\":\"https:\/\/cachorrostodoterreno.com\/#website\"},\"primaryImageOfPage\":{\"@id\":\"https:\/\/cachorrostodoterreno.com\/index.php\/perros-fuertacos\/#primaryimage\"},\"image\":{\"@id\":\"https:\/\/cachorrostodoterreno.com\/index.php\/perros-fuertacos\/#primaryimage\"},\"thumbnailUrl\":\"https:\/\/cachorrostodoterreno.com\/wp-content\/uploads\/2022\/04\/CT-PERROS-FUERTACOS-4.png\",\"datePublished\":\"2022-04-16T11:28:07+00:00\",\"dateModified\":\"2022-07-14T07:53:40+00:00\",\"breadcrumb\":{\"@id\":\"https:\/\/cachorrostodoterreno.com\/index.php\/perros-fuertacos\/#breadcrumb\"},\"inLanguage\":\"es\",\"potentialAction\":[{\"@type\":\"ReadAction\",\"target\":[\"https:\/\/cachorrostodoterreno.com\/index.php\/perros-fuertacos\/\"]}]},{\"@type\":\"ImageObject\",\"inLanguage\":\"es\",\"@id\":\"https:\/\/cachorrostodoterreno.com\/index.php\/perros-fuertacos\/#primaryimage\",\"url\":\"https:\/\/cachorrostodoterreno.com\/wp-content\/uploads\/2022\/04\/CT-PERROS-FUERTACOS-4.png\",\"contentUrl\":\"https:\/\/cachorrostodoterreno.com\/wp-content\/uploads\/2022\/04\/CT-PERROS-FUERTACOS-4.png\",\"width\":820,\"height\":312},{\"@type\":\"BreadcrumbList\",\"@id\":\"https:\/\/cachorrostodoterreno.com\/index.php\/perros-fuertacos\/#breadcrumb\",\"itemListElement\":[{\"@type\":\"ListItem\",\"position\":1,\"name\":\"Home\",\"item\":\"https:\/\/cachorrostodoterreno.com\/\"},{\"@type\":\"ListItem\",\"position\":2,\"name\":\"PERROS FUERTACOS\"}]},{\"@type\":\"WebSite\",\"@id\":\"https:\/\/cachorrostodoterreno.com\/#website\",\"url\":\"https:\/\/cachorrostodoterreno.com\/\",\"name\":\"Cachorros TODOTERRENO\",\"description\":\"\",\"potentialAction\":[{\"@type\":\"SearchAction\",\"target\":{\"@type\":\"EntryPoint\",\"urlTemplate\":\"https:\/\/cachorrostodoterreno.com\/?s={search_term_string}\"},\"query-input\":\"required name=search_term_string\"}],\"inLanguage\":\"es\"}]}<\/script>\n<!-- \/ Yoast SEO plugin. -->","yoast_head_json":{"title":"PERROS FUERTACOS - Cachorros TODOTERRENO","robots":{"index":"index","follow":"follow","max-snippet":"max-snippet:-1","max-image-preview":"max-image-preview:large","max-video-preview":"max-video-preview:-1"},"canonical":"https:\/\/cachorrostodoterreno.com\/index.php\/perros-fuertacos\/","og_locale":"es_ES","og_type":"article","og_title":"PERROS FUERTACOS - Cachorros TODOTERRENO","og_description":"\u00bfQuieres tener un perro sano y m\u00e1s feliz? Muchas personas piensan que, darles comida natural en vez de una dieta basada en pienso es m\u00e1s caro y muy complicado de hacer, pero es mucho m\u00e1s lejos de la realidad.\u00a0 Tenemos tres planes para ti: asesor\u00eda personalizada para ti y tu [&hellip;]","og_url":"https:\/\/cachorrostodoterreno.com\/index.php\/perros-fuertacos\/","og_site_name":"Cachorros TODOTERRENO","article_modified_time":"2022-07-14T07:53:40+00:00","og_image":[{"width":820,"height":312,"url":"https:\/\/cachorrostodoterreno.com\/wp-content\/uploads\/2022\/04\/CT-PERROS-FUERTACOS-4.png","type":"image\/png"}],"twitter_card":"summary_large_image","twitter_misc":{"Tiempo de lectura":"2 minutos"},"schema":{"@context":"https:\/\/schema.org","@graph":[{"@type":"WebPage","@id":"https:\/\/cachorrostodoterreno.com\/index.php\/perros-fuertacos\/","url":"https:\/\/cachorrostodoterreno.com\/index.php\/perros-fuertacos\/","name":"PERROS FUERTACOS - Cachorros TODOTERRENO","isPartOf":{"@id":"https:\/\/cachorrostodoterreno.com\/#website"},"primaryImageOfPage":{"@id":"https:\/\/cachorrostodoterreno.com\/index.php\/perros-fuertacos\/#primaryimage"},"image":{"@id":"https:\/\/cachorrostodoterreno.com\/index.php\/perros-fuertacos\/#primaryimage"},"thumbnailUrl":"https:\/\/cachorrostodoterreno.com\/wp-content\/uploads\/2022\/04\/CT-PERROS-FUERTACOS-4.png","datePublished":"2022-04-16T11:28:07+00:00","dateModified":"2022-07-14T07:53:40+00:00","breadcrumb":{"@id":"https:\/\/cachorrostodoterreno.com\/index.php\/perros-fuertacos\/#breadcrumb"},"inLanguage":"es","potentialAction":[{"@type":"ReadAction","target":["https:\/\/cachorrostodoterreno.com\/index.php\/perros-fuertacos\/"]}]},{"@type":"ImageObject","inLanguage":"es","@id":"https:\/\/cachorrostodoterreno.com\/index.php\/perros-fuertacos\/#primaryimage","url":"https:\/\/cachorrostodoterreno.com\/wp-content\/uploads\/2022\/04\/CT-PERROS-FUERTACOS-4.png","contentUrl":"https:\/\/cachorrostodoterreno.com\/wp-content\/uploads\/2022\/04\/CT-PERROS-FUERTACOS-4.png","width":820,"height":312},{"@type":"BreadcrumbList","@id":"https:\/\/cachorrostodoterreno.com\/index.php\/perros-fuertacos\/#breadcrumb","itemListElement":[{"@type":"ListItem","position":1,"name":"Home","item":"https:\/\/cachorrostodoterreno.com\/"},{"@type":"ListItem","position":2,"name":"PERROS FUERTACOS"}]},{"@type":"WebSite","@id":"https:\/\/cachorrostodoterreno.com\/#website","url":"https:\/\/cachorrostodoterreno.com\/","name":"Cachorros TODOTERRENO","description":"","potentialAction":[{"@type":"SearchAction","target":{"@type":"EntryPoint","urlTemplate":"https:\/\/cachorrostodoterreno.com\/?s={search_term_string}"},"query-input":"required name=search_term_string"}],"inLanguage":"es"}]}},"_links":{"self":[{"href":"https:\/\/cachorrostodoterreno.com\/index.php\/wp-json\/wp\/v2\/pages\/1576","targetHints":{"allow":["GET"]}}],"collection":[{"href":"https:\/\/cachorrostodoterreno.com\/index.php\/wp-json\/wp\/v2\/pages"}],"about":[{"href":"https:\/\/cachorrostodoterreno.com\/index.php\/wp-json\/wp\/v2\/types\/page"}],"author":[{"embeddable":true,"href":"https:\/\/cachorrostodoterreno.com\/index.php\/wp-json\/wp\/v2\/users\/1"}],"replies":[{"embeddable":true,"href":"https:\/\/cachorrostodoterreno.com\/index.php\/wp-json\/wp\/v2\/comments?post=1576"}],"version-history":[{"count":5,"href":"https:\/\/cachorrostodoterreno.com\/index.php\/wp-json\/wp\/v2\/pages\/1576\/revisions"}],"predecessor-version":[{"id":1589,"href":"https:\/\/cachorrostodoterreno.com\/index.php\/wp-json\/wp\/v2\/pages\/1576\/revisions\/1589"}],"wp:featuredmedia":[{"embeddable":true,"href":"https:\/\/cachorrostodoterreno.com\/index.php\/wp-json\/wp\/v2\/media\/1579"}],"wp:attachment":[{"href":"https:\/\/cachorrostodoterreno.com\/index.php\/wp-json\/wp\/v2\/media?parent=1576"}],"curies":[{"name":"wp","href":"https:\/\/api.w.org\/{rel}","templated":true}]}}